{"id":619,"date":"2022-07-18T12:10:30","date_gmt":"2022-07-18T09:10:30","guid":{"rendered":"https:\/\/sharkline.md\/?page_id=619"},"modified":"2023-09-06T10:38:28","modified_gmt":"2023-09-06T07:38:28","slug":"despre-noi","status":"publish","type":"page","link":"https:\/\/sharkline.md\/ro\/despre-noi\/","title":{"rendered":"Despre noi"},"content":{"rendered":"<p>[vc_row][vc_column]\t\t\n\t\t<div id=\"wd-64f744e78b6bf\" class=\"title-wrapper wd-wpb set-mb-s reset-last-child  wd-rs-64f744e78b6bf wd-title-color-primary wd-underline-colored wd-title-style-simple wd-width-100 text-left \">\n\t\t\t\n\t\t\t<div class=\"liner-continer\">\n\t\t\t\t<h1 class=\"woodmart-title-container title  wd-font-weight- wd-fontsize-xl\" >Compania SharkLine<\/h1>\n\t\t\t\t\t\t\t<\/div>\n\t\t\t\n\t\t\t\t\t\t\t<div class=\"title-after_title  set-cont-mb-s reset-last-child  wd-fontsize-s\">Sharkline SRL este o companie care vinde echipamente de marcare \u0219i etichetare, precum \u0219i alte echipamente destinate utiliz\u0103rii industriale.<\/div>\n\t\t\t\n\t\t\t\n\t\t<\/div>\n\t\t\n\t\t[\/vc_column][\/vc_row][vc_row][vc_column width=&#8221;2\/3&#8243;][\/vc_column][vc_column width=&#8221;1\/3&#8243;]\t\t<div id=\"gallery_733\" class=\"wd-images-gallery wd-rs-64f82c59b86f6 wd-justify-center wd-items-middle view-carousel photoswipe-images wd-carousel-spacing-0 wd-carousel-container\" data-owl-carousel data-speed=\"3000\" data-wrap=\"no\" data-autoplay=\"yes\" data-hide_pagination_control=\"no\" data-hide_prev_next_buttons=\"no\" data-desktop=\"1\" data-tablet_landscape=\"1\" data-tablet=\"1\" data-mobile=\"1\">\n\t\t\t<div class=\"gallery-images owl-carousel owl-items-lg-1 owl-items-md-1 owl-items-sm-1 owl-items-xs-1\">\n\t\t\t\t\t\t\t\t\t\t\t\t\t\t\t<div class=\"wd-gallery-item\">\n\t\t\t\t\t\t\t\t\t\t\t\t\t\t<a href=\"https:\/\/sharkline.md\/wp-content\/uploads\/2022\/01\/termo.jpg\" data-elementor-open-lightbox=\"no\" data-index=\"1\" data-width=\"600\" data-height=\"600\"  >\n\t\t\t\t\t\t\t\t\n\t\t\t\t\t\t\t\t\t\t\t\t\t\t\t\t\t<img loading=\"lazy\" decoding=\"async\" class=\"wd-gallery-image image-1 \" src=\"https:\/\/sharkline.md\/wp-content\/uploads\/2022\/01\/termo-300x300.jpg\" width=\"300\" height=\"300\" alt=\"termo\" title=\"termo\" \/>\t\t\t\t\t\t\t\t\n\n\t\t\t\t\t\t\t\t\t\t\t\t\t\t\t<\/a>\n\t\t\t\t\t\t\t\t\t\t\t\t<\/div>\n\t\t\t\t\t\t\t\t\t\t\t<div class=\"wd-gallery-item\">\n\t\t\t\t\t\t\t\t\t\t\t\t\t\t<a href=\"https:\/\/sharkline.md\/wp-content\/uploads\/2022\/01\/rashodniki.jpg\" data-elementor-open-lightbox=\"no\" data-index=\"2\" data-width=\"600\" data-height=\"600\"  >\n\t\t\t\t\t\t\t\t\n\t\t\t\t\t\t\t\t\t\t\t\t\t\t\t\t\t<img loading=\"lazy\" decoding=\"async\" class=\"wd-gallery-image image-2 \" src=\"https:\/\/sharkline.md\/wp-content\/uploads\/2022\/01\/rashodniki-300x300.jpg\" width=\"300\" height=\"300\" alt=\"rashodniki\" title=\"rashodniki\" \/>\t\t\t\t\t\t\t\t\n\n\t\t\t\t\t\t\t\t\t\t\t\t\t\t\t<\/a>\n\t\t\t\t\t\t\t\t\t\t\t\t<\/div>\n\t\t\t\t\t\t\t\t\t\t\t\t<\/div>\n\t\t<\/div>\n\t\t\t\t[\/vc_column][\/vc_row][vc_row][vc_column]\t\t\n\t\t<div id=\"wd-61e6c4f9d1d05\" class=\"title-wrapper wd-wpb set-mb-s reset-last-child  wd-rs-61e6c4f9d1d05 wd-title-color-primary wd-underline-colored wd-title-style-simple wd-width-100 text-center \">\n\t\t\t\n\t\t\t<div class=\"liner-continer\">\n\t\t\t\t<h4 class=\"woodmart-title-container title  wd-font-weight- wd-fontsize-l\" >Avantajele noastre competitive<\/h4>\n\t\t\t\t\t\t\t<\/div>\n\t\t\t\n\t\t\t\n\t\t\t\n\t\t<\/div>\n\t\t\n\t\t[\/vc_column][\/vc_row][vc_row][vc_column width=&#8221;1\/5&#8243;][vc_row_inner][vc_column_inner css=&#8221;.vc_custom_1642513874834{margin-bottom: -30px !important;}&#8221; woodmart_css_id=&#8221;61e6c5c9d49d3&#8243; parallax_scroll=&#8221;no&#8221; woodmart_sticky_column=&#8221;false&#8221; wd_collapsible_content_switcher=&#8221;no&#8221; mobile_bg_img_hidden=&#8221;no&#8221; tablet_bg_img_hidden=&#8221;no&#8221; woodmart_parallax=&#8221;0&#8243; woodmart_box_shadow=&#8221;no&#8221; wd_z_index=&#8221;no&#8221; responsive_spacing=&#8221;eyJwYXJhbV90eXBlIjoid29vZG1hcnRfcmVzcG9uc2l2ZV9zcGFjaW5nIiwic2VsZWN0b3JfaWQiOiI2MWU2YzVjOWQ0OWQzIiwic2hvcnRjb2RlIjoidmNfY29sdW1uX2lubmVyIiwiZGF0YSI6eyJ0YWJsZXQiOnt9LCJtb2JpbGUiOnt9fX0=&#8221;][vc_icon icon_fontawesome=&#8221;fas fa-expand-arrows-alt&#8221; color=&#8221;custom&#8221; size=&#8221;lg&#8221; align=&#8221;center&#8221; custom_color=&#8221;#005da1&#8243;][\/vc_column_inner][\/vc_row_inner]\t\t<div id=\"wd-61e6c725336ef\" class=\"wd-text-block wd-wpb reset-last-child wd-rs-61e6c725336ef wd-width-100 text-left \">\n\t\t\t<p style=\"text-align: center;\">Alegerea competent\u0103 a materialelor \u0219i a solu\u021biilor tehnice.<\/p>\n\t\t<\/div>\n\t\t[\/vc_column][vc_column width=&#8221;1\/5&#8243;][vc_row_inner][vc_column_inner css=&#8221;.vc_custom_1642514095986{margin-bottom: -30px !important;}&#8221; woodmart_css_id=&#8221;61e6c6ad23082&#8243; parallax_scroll=&#8221;no&#8221; woodmart_sticky_column=&#8221;false&#8221; wd_collapsible_content_switcher=&#8221;no&#8221; mobile_bg_img_hidden=&#8221;no&#8221; tablet_bg_img_hidden=&#8221;no&#8221; woodmart_parallax=&#8221;0&#8243; woodmart_box_shadow=&#8221;no&#8221; wd_z_index=&#8221;no&#8221; responsive_spacing=&#8221;eyJwYXJhbV90eXBlIjoid29vZG1hcnRfcmVzcG9uc2l2ZV9zcGFjaW5nIiwic2VsZWN0b3JfaWQiOiI2MWU2YzZhZDIzMDgyIiwic2hvcnRjb2RlIjoidmNfY29sdW1uX2lubmVyIiwiZGF0YSI6eyJ0YWJsZXQiOnt9LCJtb2JpbGUiOnt9fX0=&#8221;][vc_icon icon_fontawesome=&#8221;fas fa-users&#8221; color=&#8221;custom&#8221; size=&#8221;lg&#8221; align=&#8221;center&#8221; custom_color=&#8221;#005da1&#8243;][\/vc_column_inner][\/vc_row_inner]\t\t<div id=\"wd-61e6c74e4f4dc\" class=\"wd-text-block wd-wpb reset-last-child wd-rs-61e6c74e4f4dc wd-width-100 text-left \">\n\t\t\t<p style=\"text-align: center;\">Dezvoltarea produselor complexe \u0219i non-standard pe baza instruc\u021biunilor\/solicit\u0103rilor clientului.<\/p>\n\t\t<\/div>\n\t\t[\/vc_column][vc_column width=&#8221;1\/5&#8243;][vc_row_inner][vc_column_inner css=&#8221;.vc_custom_1642513874834{margin-bottom: -30px !important;}&#8221; woodmart_css_id=&#8221;61e6c5c9d49d3&#8243; parallax_scroll=&#8221;no&#8221; woodmart_sticky_column=&#8221;false&#8221; wd_collapsible_content_switcher=&#8221;no&#8221; mobile_bg_img_hidden=&#8221;no&#8221; tablet_bg_img_hidden=&#8221;no&#8221; woodmart_parallax=&#8221;0&#8243; woodmart_box_shadow=&#8221;no&#8221; wd_z_index=&#8221;no&#8221; responsive_spacing=&#8221;eyJwYXJhbV90eXBlIjoid29vZG1hcnRfcmVzcG9uc2l2ZV9zcGFjaW5nIiwic2VsZWN0b3JfaWQiOiI2MWU2YzVjOWQ0OWQzIiwic2hvcnRjb2RlIjoidmNfY29sdW1uX2lubmVyIiwiZGF0YSI6eyJ0YWJsZXQiOnt9LCJtb2JpbGUiOnt9fX0=&#8221;][vc_icon icon_fontawesome=&#8221;far fa-question-circle&#8221; color=&#8221;custom&#8221; size=&#8221;lg&#8221; align=&#8221;center&#8221; custom_color=&#8221;#005da1&#8243;]\t\t<div id=\"wd-61e6c69db3539\" class=\"wd-text-block wd-wpb reset-last-child wd-rs-61e6c69db3539 wd-width-100 text-left \">\n\t\t\t<p style=\"text-align: center;\">Instruirea tehnic\u0103 a personalului la sediul clientului.<\/p>\n\t\t<\/div>\n\t\t[\/vc_column_inner][\/vc_row_inner][\/vc_column][vc_column width=&#8221;1\/5&#8243;][vc_icon icon_fontawesome=&#8221;fas fa-crown&#8221; color=&#8221;custom&#8221; size=&#8221;lg&#8221; align=&#8221;center&#8221; custom_color=&#8221;#005da1&#8243;]\t\t<div id=\"wd-61e6c686329a1\" class=\"wd-text-block wd-wpb reset-last-child wd-rs-61e6c686329a1 wd-width-100 text-left \">\n\t\t\t<p style=\"text-align: center;\">Servicii de inspec\u021bie \u0219i mentenan\u021b\u0103 conform garan\u021biei.<\/p>\n\t\t<\/div>\n\t\t[\/vc_column][vc_column width=&#8221;1\/5&#8243;][vc_icon icon_fontawesome=&#8221;fas fa-headset&#8221; color=&#8221;custom&#8221; size=&#8221;lg&#8221; align=&#8221;center&#8221; custom_color=&#8221;#005da1&#8243;]\t\t<div id=\"wd-61e6c662bcaf4\" class=\"wd-text-block wd-wpb reset-last-child wd-rs-61e6c662bcaf4 wd-width-100 text-left \">\n\t\t\t<p style=\"text-align: center;\">Oferim suport tehnic profesionist la toate etapele.<\/p>\n\t\t<\/div>\n\t\t[\/vc_column][\/vc_row][vc_row][vc_column][vc_separator color=&#8221;blue&#8221;][\/vc_column][\/vc_row][vc_row][vc_column]\t\t<div id=\"wd-64f757fee54cc\" class=\"wd-text-block wd-wpb reset-last-child wd-rs-64f757fee54cc wd-width-100 text-left \">\n\t\t\t<div class=\"wpb_text_column wpb_content_element\">\n<div class=\"wpb_wrapper\">\n<p>Prin implementarea celor mai avansate tehnologii \u0219i materiale, noi dezvolt\u0103m ast\u0103zi ceea ce va fi cerut m\u00e2ine.<\/p>\n<\/div>\n<\/div>\n\t\t<\/div>\n\t\t[\/vc_column][\/vc_row][vc_row][vc_column][vc_separator color=&#8221;blue&#8221;][\/vc_column][\/vc_row][vc_row][vc_column]\t\t\n\t\t<div id=\"wd-64f756ebd4c17\" class=\"title-wrapper wd-wpb set-mb-s reset-last-child  wd-rs-64f756ebd4c17 wd-title-color-default wd-underline-colored wd-title-style-simple wd-width-100 text-center \">\n\t\t\t\n\t\t\t<div class=\"liner-continer\">\n\t\t\t\t<h4 class=\"woodmart-title-container title  wd-font-weight- wd-fontsize-l\" >Despre companie<\/h4>\n\t\t\t\t\t\t\t<\/div>\n\t\t\t\n\t\t\t\t\t\t\t<div class=\"title-after_title  set-cont-mb-s reset-last-child  wd-fontsize-xs\">Principalele activit\u0103\u021bi ale companiei SHARKLINE<\/div>\n\t\t\t\n\t\t\t\n\t\t<\/div>\n\t\t\n\t\t[\/vc_column][\/vc_row][vc_row][vc_column width=&#8221;1\/3&#8243;]\t\t\n\t\t<div id=\"wd-61f2678061d52\" class=\"title-wrapper wd-wpb set-mb-s reset-last-child  wd-rs-61f2678061d52 wd-title-color-default wd-underline-colored wd-title-style-default wd-width-100 text-center \">\n\t\t\t\n\t\t\t<div class=\"liner-continer\">\n\t\t\t\t<h4 class=\"woodmart-title-container title  wd-font-weight- wd-fontsize-m\" >V\u00e2nzarea echipamentelor de marcare \u0219i etichetare<\/h4>\n\t\t\t\t\t\t\t<\/div>\n\t\t\t\n\t\t\t\n\t\t\t\n\t\t<\/div>\n\t\t\n\t\t[vc_column_text woodmart_inline=&#8221;no&#8221; text_larger=&#8221;no&#8221;]<\/p>\n<p style=\"text-align: center;\">Am creat o re\u021bea de reprezentan\u021bi ai companiilor \u00een \u021b\u0103rile CSI. Vindem echipamente de marcare \u0219i etichetare pentru o gam\u0103 larg\u0103 de consumatori: de la marile \u00eentreprinderi industriale p\u00e2n\u0103 la micii produc\u0103tori de diverse produse.<\/p>\n<p>[\/vc_column_text][\/vc_column][vc_column width=&#8221;1\/3&#8243;]\t\t\n\t\t<div id=\"wd-61f267ac64427\" class=\"title-wrapper wd-wpb set-mb-s reset-last-child  wd-rs-61f267ac64427 wd-title-color-default wd-underline-colored wd-title-style-default wd-width-100 text-center \">\n\t\t\t\n\t\t\t<div class=\"liner-continer\">\n\t\t\t\t<h4 class=\"woodmart-title-container title  wd-font-weight- wd-fontsize-m\" >Mentenan\u021ba echipamentelor de marcare \u0219i etichetare<\/h4>\n\t\t\t\t\t\t\t<\/div>\n\t\t\t\n\t\t\t\n\t\t\t\n\t\t<\/div>\n\t\t\n\t\t[vc_column_text woodmart_inline=&#8221;no&#8221; text_larger=&#8221;no&#8221;]<\/p>\n<p style=\"text-align: center;\">\u00a0Compania noastr\u0103 este pregatit\u0103 s\u0103 ofere servicii de automatizare a produc\u021biei, instalarea \u0219i punerea \u00een func\u021biune a echipamentelor achizi\u021bionate de la noi, cu garan\u021bie \u0219i servicii de \u00eentre\u021binere. \u00cen plus, oferim instruire gratuit\u0103 pentru personalul care va exploata cu echipamentele noastre, iar dac\u0103 ave\u021bi \u00eentreb\u0103ri, ne pute\u021bi contacta \u00eentotdeauna pentru a primi suport tehnic de la speciali\u0219tii no\u0219tri.<\/p>\n<p>[\/vc_column_text][\/vc_column][\/vc_row][vc_row full_width=&#8221;stretch_row&#8221; css=&#8221;.vc_custom_1643276401642{background-color: #f9f9f9 !important;}&#8221; woodmart_css_id=&#8221;61f268672d033&#8243; responsive_spacing=&#8221;eyJwYXJhbV90eXBlIjoid29vZG1hcnRfcmVzcG9uc2l2ZV9zcGFjaW5nIiwic2VsZWN0b3JfaWQiOiI2MWYyNjg2NzJkMDMzIiwic2hvcnRjb2RlIjoidmNfcm93IiwiZGF0YSI6eyJ0YWJsZXQiOnt9LCJtb2JpbGUiOnt9fX0=&#8221; mobile_bg_img_hidden=&#8221;no&#8221; tablet_bg_img_hidden=&#8221;no&#8221; woodmart_parallax=&#8221;0&#8243; woodmart_gradient_switch=&#8221;no&#8221; woodmart_box_shadow=&#8221;no&#8221; wd_z_index=&#8221;no&#8221; woodmart_disable_overflow=&#8221;0&#8243; row_reverse_mobile=&#8221;0&#8243; row_reverse_tablet=&#8221;0&#8243;][vc_column width=&#8221;1\/2&#8243;]\t\t\n\t\t<div id=\"wd-61f268751f9d9\" class=\"title-wrapper wd-wpb set-mb-s reset-last-child  wd-rs-61f268751f9d9 wd-title-color-default wd-underline-colored wd-title-style-default wd-width-100 text-center \">\n\t\t\t\n\t\t\t<div class=\"liner-continer\">\n\t\t\t\t<h4 class=\"woodmart-title-container title  wd-font-weight- wd-fontsize-m\" >Comercializ\u0103m consumabile, componente \u0219i piese de schimb pentru echipamente de etichetare\/marcare<\/h4>\n\t\t\t\t\t\t\t<\/div>\n\t\t\t\n\t\t\t\n\t\t\t\n\t\t<\/div>\n\t\t\n\t\t[vc_column_text woodmart_inline=&#8221;no&#8221; text_larger=&#8221;no&#8221;]<\/p>\n<p style=\"text-align: center;\">\u00cen calitate de distribuitor al <strong>Independent Inc Europe SRL<\/strong>, furniz\u0103m consumabile pentru ma\u0219inile de marcat ale tuturor companiilor cunoscute din \u021b\u0103rile CSI. Avem \u00eentotdeauna \u00een stoc provizii abundente de cerneal\u0103, solven\u021bi, benzi pentru imprimante termice \u0219i alte piese de schimb.<\/p>\n<p>[\/vc_column_text][\/vc_column][vc_column width=&#8221;1\/2&#8243;]\t\t\n\t\t<div id=\"wd-61f2689f47ea6\" class=\"title-wrapper wd-wpb set-mb-s reset-last-child  wd-rs-61f2689f47ea6 wd-title-color-default wd-underline-colored wd-title-style-default wd-width-100 text-center \">\n\t\t\t\n\t\t\t<div class=\"liner-continer\">\n\t\t\t\t<h4 class=\"woodmart-title-container title  wd-font-weight- wd-fontsize-m\" >Mentenan\u021ba conform garan\u021biei pentru imprimante cu jet de cerneala, imprimante termice, aplicatoare \u0219i sisteme de etichetare.<\/h4>\n\t\t\t\t\t\t\t<\/div>\n\t\t\t\n\t\t\t\n\t\t\t\n\t\t<\/div>\n\t\t\n\t\t[vc_column_text woodmart_inline=&#8221;no&#8221; text_larger=&#8221;no&#8221;]<\/p>\n<p style=\"text-align: center;\">Compania acord\u0103 o mare aten\u021bie oric\u0103ror probleme legate de exploatarea echipamentului nostru. Oferim garan\u021bie pentru orice echipament achizi\u021bionat de la noi.<br \/>\nAv\u00e2nd propriul nostru centru de service, speciali\u0219ti califica\u021bi, precum \u0219i echipamentele \u0219i componentele necesare, suntem \u00eentotdeauna pregati\u021bi s\u0103 elimin\u0103m c\u00e2t mai cur\u00e2nd eventualele defec\u021biuni care apar \u00een timpul opera\u021biunii de marcare a echipamentelor industriale.[\/vc_column_text][\/vc_column][\/vc_row]<\/p>\n","protected":false},"excerpt":{"rendered":"<p>[vc_row][vc_column][\/vc_column][\/vc_row][vc_row][vc_column width=&#8221;2\/3&#8243;][\/vc_column][vc_column width=&#8221;1\/3&#8243;][\/vc_column][\/vc_row][vc_row][vc_column][\/vc_column][\/vc_row][vc_row][vc_column width=&#8221;1\/5&#8243;][vc_row_inner][vc_column_inner css=&#8221;.vc_custom_1642513874834{margin-bottom: -30px !important;}&#8221; woodmart_css_id=&#8221;61e6c5c9d49d3&#8243; parallax_scroll=&#8221;no&#8221; woodmart_sticky_column=&#8221;false&#8221; wd_collapsible_content_switcher=&#8221;no&#8221; mobile_bg_img_hidden=&#8221;no&#8221; tablet_bg_img_hidden=&#8221;no&#8221; woodmart_parallax=&#8221;0&#8243; woodmart_box_shadow=&#8221;no&#8221; wd_z_index=&#8221;no&#8221; responsive_spacing=&#8221;eyJwYXJhbV90eXBlIjoid29vZG1hcnRfcmVzcG9uc2l2ZV9zcGFjaW5nIiwic2VsZWN0b3JfaWQiOiI2MWU2YzVjOWQ0OWQzIiwic2hvcnRjb2RlIjoidmNfY29sdW1uX2lubmVyIiwiZGF0YSI6eyJ0YWJsZXQiOnt9LCJtb2JpbGUiOnt9fX0=&#8221;][vc_icon icon_fontawesome=&#8221;fas fa-expand-arrows-alt&#8221; color=&#8221;custom&#8221;<\/p>\n","protected":false},"author":2,"featured_media":0,"parent":0,"menu_order":0,"comment_status":"closed","ping_status":"closed","template":"","meta":{"footnotes":""},"class_list":["post-619","page","type-page","status-publish","hentry"],"yoast_head":"<!-- This site is optimized with the Yoast SEO plugin v20.11 - https:\/\/yoast.com\/wordpress\/plugins\/seo\/ -->\n<title>Despre noi - Shark Line<\/title>\n<meta name=\"robots\" content=\"index, follow, max-snippet:-1, max-image-preview:large, max-video-preview:-1\" \/>\n<link rel=\"canonical\" href=\"https:\/\/sharkline.md\/o-kompanii\/\" \/>\n<meta property=\"og:locale\" content=\"ro_RO\" \/>\n<meta property=\"og:type\" content=\"article\" \/>\n<meta property=\"og:title\" content=\"Despre noi - Shark Line\" \/>\n<meta property=\"og:description\" content=\"[vc_row][vc_column][\/vc_column][\/vc_row][vc_row][vc_column width=&#8221;2\/3&#8243;][\/vc_column][vc_column width=&#8221;1\/3&#8243;][\/vc_column][\/vc_row][vc_row][vc_column][\/vc_column][\/vc_row][vc_row][vc_column width=&#8221;1\/5&#8243;][vc_row_inner][vc_column_inner css=&#8221;.vc_custom_1642513874834{margin-bottom: -30px !important;}&#8221; woodmart_css_id=&#8221;61e6c5c9d49d3&#8243; parallax_scroll=&#8221;no&#8221; woodmart_sticky_column=&#8221;false&#8221; wd_collapsible_content_switcher=&#8221;no&#8221; mobile_bg_img_hidden=&#8221;no&#8221; tablet_bg_img_hidden=&#8221;no&#8221; woodmart_parallax=&#8221;0&#8243; woodmart_box_shadow=&#8221;no&#8221; wd_z_index=&#8221;no&#8221; responsive_spacing=&#8221;eyJwYXJhbV90eXBlIjoid29vZG1hcnRfcmVzcG9uc2l2ZV9zcGFjaW5nIiwic2VsZWN0b3JfaWQiOiI2MWU2YzVjOWQ0OWQzIiwic2hvcnRjb2RlIjoidmNfY29sdW1uX2lubmVyIiwiZGF0YSI6eyJ0YWJsZXQiOnt9LCJtb2JpbGUiOnt9fX0=&#8221;][vc_icon icon_fontawesome=&#8221;fas fa-expand-arrows-alt&#8221; color=&#8221;custom&#8221;\" \/>\n<meta property=\"og:url\" content=\"https:\/\/sharkline.md\/o-kompanii\/\" \/>\n<meta property=\"og:site_name\" content=\"Shark Line\" \/>\n<meta property=\"article:modified_time\" content=\"2023-09-06T07:38:28+00:00\" \/>\n<meta name=\"twitter:card\" content=\"summary_large_image\" \/>\n<meta name=\"twitter:label1\" content=\"Timp estimat pentru citire\" \/>\n\t<meta name=\"twitter:data1\" content=\"9 minute\" \/>\n<script type=\"application\/ld+json\" class=\"yoast-schema-graph\">{\"@context\":\"https:\/\/schema.org\",\"@graph\":[{\"@type\":\"WebPage\",\"@id\":\"https:\/\/sharkline.md\/o-kompanii\/\",\"url\":\"https:\/\/sharkline.md\/o-kompanii\/\",\"name\":\"Despre noi - Shark Line\",\"isPartOf\":{\"@id\":\"https:\/\/sharkline.md\/#website\"},\"datePublished\":\"2022-07-18T09:10:30+00:00\",\"dateModified\":\"2023-09-06T07:38:28+00:00\",\"inLanguage\":\"ro-RO\",\"potentialAction\":[{\"@type\":\"ReadAction\",\"target\":[\"https:\/\/sharkline.md\/o-kompanii\/\"]}]},{\"@type\":\"WebSite\",\"@id\":\"https:\/\/sharkline.md\/#website\",\"url\":\"https:\/\/sharkline.md\/\",\"name\":\"Shark Line\",\"description\":\"Echipamente de Marcare, Etichetare, Imbuteliere\",\"potentialAction\":[{\"@type\":\"SearchAction\",\"target\":{\"@type\":\"EntryPoint\",\"urlTemplate\":\"https:\/\/sharkline.md\/?s={search_term_string}\"},\"query-input\":\"required name=search_term_string\"}],\"inLanguage\":\"ro-RO\"}]}<\/script>\n<!-- \/ Yoast SEO plugin. -->","yoast_head_json":{"title":"Despre noi - Shark Line","robots":{"index":"index","follow":"follow","max-snippet":"max-snippet:-1","max-image-preview":"max-image-preview:large","max-video-preview":"max-video-preview:-1"},"canonical":"https:\/\/sharkline.md\/o-kompanii\/","og_locale":"ro_RO","og_type":"article","og_title":"Despre noi - Shark Line","og_description":"[vc_row][vc_column][\/vc_column][\/vc_row][vc_row][vc_column width=&#8221;2\/3&#8243;][\/vc_column][vc_column width=&#8221;1\/3&#8243;][\/vc_column][\/vc_row][vc_row][vc_column][\/vc_column][\/vc_row][vc_row][vc_column width=&#8221;1\/5&#8243;][vc_row_inner][vc_column_inner css=&#8221;.vc_custom_1642513874834{margin-bottom: -30px !important;}&#8221; woodmart_css_id=&#8221;61e6c5c9d49d3&#8243; parallax_scroll=&#8221;no&#8221; woodmart_sticky_column=&#8221;false&#8221; wd_collapsible_content_switcher=&#8221;no&#8221; mobile_bg_img_hidden=&#8221;no&#8221; tablet_bg_img_hidden=&#8221;no&#8221; woodmart_parallax=&#8221;0&#8243; woodmart_box_shadow=&#8221;no&#8221; wd_z_index=&#8221;no&#8221; responsive_spacing=&#8221;eyJwYXJhbV90eXBlIjoid29vZG1hcnRfcmVzcG9uc2l2ZV9zcGFjaW5nIiwic2VsZWN0b3JfaWQiOiI2MWU2YzVjOWQ0OWQzIiwic2hvcnRjb2RlIjoidmNfY29sdW1uX2lubmVyIiwiZGF0YSI6eyJ0YWJsZXQiOnt9LCJtb2JpbGUiOnt9fX0=&#8221;][vc_icon icon_fontawesome=&#8221;fas fa-expand-arrows-alt&#8221; color=&#8221;custom&#8221;","og_url":"https:\/\/sharkline.md\/o-kompanii\/","og_site_name":"Shark Line","article_modified_time":"2023-09-06T07:38:28+00:00","twitter_card":"summary_large_image","twitter_misc":{"Timp estimat pentru citire":"9 minute"},"schema":{"@context":"https:\/\/schema.org","@graph":[{"@type":"WebPage","@id":"https:\/\/sharkline.md\/o-kompanii\/","url":"https:\/\/sharkline.md\/o-kompanii\/","name":"Despre noi - Shark Line","isPartOf":{"@id":"https:\/\/sharkline.md\/#website"},"datePublished":"2022-07-18T09:10:30+00:00","dateModified":"2023-09-06T07:38:28+00:00","inLanguage":"ro-RO","potentialAction":[{"@type":"ReadAction","target":["https:\/\/sharkline.md\/o-kompanii\/"]}]},{"@type":"WebSite","@id":"https:\/\/sharkline.md\/#website","url":"https:\/\/sharkline.md\/","name":"Shark Line","description":"Echipamente de Marcare, Etichetare, Imbuteliere","potentialAction":[{"@type":"SearchAction","target":{"@type":"EntryPoint","urlTemplate":"https:\/\/sharkline.md\/?s={search_term_string}"},"query-input":"required name=search_term_string"}],"inLanguage":"ro-RO"}]}},"_links":{"self":[{"href":"https:\/\/sharkline.md\/ro\/wp-json\/wp\/v2\/pages\/619","targetHints":{"allow":["GET"]}}],"collection":[{"href":"https:\/\/sharkline.md\/ro\/wp-json\/wp\/v2\/pages"}],"about":[{"href":"https:\/\/sharkline.md\/ro\/wp-json\/wp\/v2\/types\/page"}],"author":[{"embeddable":true,"href":"https:\/\/sharkline.md\/ro\/wp-json\/wp\/v2\/users\/2"}],"replies":[{"embeddable":true,"href":"https:\/\/sharkline.md\/ro\/wp-json\/wp\/v2\/comments?post=619"}],"version-history":[{"count":13,"href":"https:\/\/sharkline.md\/ro\/wp-json\/wp\/v2\/pages\/619\/revisions"}],"predecessor-version":[{"id":1305,"href":"https:\/\/sharkline.md\/ro\/wp-json\/wp\/v2\/pages\/619\/revisions\/1305"}],"wp:attachment":[{"href":"https:\/\/sharkline.md\/ro\/wp-json\/wp\/v2\/media?parent=619"}],"curies":[{"name":"wp","href":"https:\/\/api.w.org\/{rel}","templated":true}]}}