{"id":79,"date":"2022-01-18T15:21:21","date_gmt":"2022-01-18T12:21:21","guid":{"rendered":"https:\/\/sharkline.md\/acasa\/"},"modified":"2023-09-05T19:45:40","modified_gmt":"2023-09-05T16:45:40","slug":"acasa","status":"publish","type":"page","link":"https:\/\/sharkline.md\/ro\/","title":{"rendered":"Acas\u0103"},"content":{"rendered":"<p>[vc_row css=&#8221;.vc_custom_1642516322764{margin-top: -20px !important;margin-bottom: 20px !important;}&#8221; woodmart_css_id=&#8221;61e6cf5c26b55&#8243; responsive_spacing=&#8221;eyJwYXJhbV90eXBlIjoid29vZG1hcnRfcmVzcG9uc2l2ZV9zcGFjaW5nIiwic2VsZWN0b3JfaWQiOiI2MWU2Y2Y1YzI2YjU1Iiwic2hvcnRjb2RlIjoidmNfcm93IiwiZGF0YSI6eyJ0YWJsZXQiOnt9LCJtb2JpbGUiOnt9fX0=&#8221; mobile_bg_img_hidden=&#8221;no&#8221; tablet_bg_img_hidden=&#8221;no&#8221; woodmart_parallax=&#8221;0&#8243; woodmart_gradient_switch=&#8221;no&#8221; woodmart_box_shadow=&#8221;no&#8221; wd_z_index=&#8221;no&#8221; woodmart_disable_overflow=&#8221;0&#8243; row_reverse_mobile=&#8221;0&#8243; row_reverse_tablet=&#8221;0&#8243;][vc_column]\t\t\t<style>\t\t\t#slider-41 .wd-slide {\n\t\t\t\tmin-height: 500px;\n\t\t\t}\n\n\t\t\t@media (min-width: 1025px) {\n\t\t\t\t.browser-Internet #slider-41 .wd-slide {\n\t\t\t\t\theight: 500px;\n\t\t\t\t}\n\t\t\t}\n\n\t\t\t@media (max-width: 1024px) {\n\t\t\t\t#slider-41 .wd-slide {\n\t\t\t\t\tmin-height: 500px;\n\t\t\t\t}\n\t\t\t}\n\n\t\t\t@media (max-width: 767px) {\n\t\t\t\t#slider-41 .wd-slide {\n\t\t\t\t\tmin-height: 230px;\n\t\t\t\t}\n\t\t\t}\n\n\t\t\t\t\t\t\t#slide-973.woodmart-loaded .wd-slide-bg {\n\t\t\t\t\tbackground-image:url(https:\/\/sharkline.md\/wp-content\/uploads\/2022\/08\/izobrazhenie_viber_2023-08-18_13-46-48-517.jpg);\t\t\t\t}\n\n\t\t\t\t#slide-973 .wd-slide-bg {\n\t\t\t\t\tbackground-color:#fefefe;\t\t\t\t\tbackground-size:cover;\n\t\t\t\t\t\t\t\t\t\t\tbackground-position:center center;\t\t\t\t\t\t\t\t\t}\n\n\t\t\t\t\t\t\t\t\t#slide-973 .wd-slide-inner {\n\t\t\t\t\t\tmax-width:1200px;\t\t\t\t\t}\n\t\t\t\t\n\t\t\t\t@media (max-width: 1024px) {\n\t\t\t\t\t\n\t\t\t\t\t\t\t\t\t\t\t#slide-973 .wd-slide-inner {\n\t\t\t\t\t\t\tmax-width:1200px;\t\t\t\t\t\t}\n\t\t\t\t\t\n\t\t\t\t\t#slide-973 .wd-slide-bg {\n\t\t\t\t\t\t\n\t\t\t\t\t\t\t\t\t\t\t\t\t\t\t\t\t\t\t\t\t\t\t\t}\n\t\t\t\t}\n\n\t\t\t\t@media (max-width: 767px) {\n\t\t\t\t\t\n\t\t\t\t\t\t\t\t\t\t\t#slide-973 .wd-slide-inner {\n\t\t\t\t\t\t\tmax-width:500px;\t\t\t\t\t\t}\n\t\t\t\t\t\n\t\t\t\t\t#slide-973 .wd-slide-bg {\n\t\t\t\t\t\t\n\t\t\t\t\t\t\t\t\t\t\t\t\t\t\t\t\t\t\t\t\t\t\t\t}\n\t\t\t\t}\n\n\t\t\t\t\n\t\t\t\t\t\t\t\t\t\t\t\t#slide-1055.woodmart-loaded .wd-slide-bg {\n\t\t\t\t\tbackground-image:url(https:\/\/sharkline.md\/wp-content\/uploads\/2023\/08\/2.jpg);\t\t\t\t}\n\n\t\t\t\t#slide-1055 .wd-slide-bg {\n\t\t\t\t\tbackground-color:#fefefe;\t\t\t\t\tbackground-size:cover;\n\t\t\t\t\t\t\t\t\t\t\tbackground-position:center center;\t\t\t\t\t\t\t\t\t}\n\n\t\t\t\t\t\t\t\t\t#slide-1055 .wd-slide-inner {\n\t\t\t\t\t\tmax-width:1200px;\t\t\t\t\t}\n\t\t\t\t\n\t\t\t\t@media (max-width: 1024px) {\n\t\t\t\t\t\n\t\t\t\t\t\t\t\t\t\t\t#slide-1055 .wd-slide-inner {\n\t\t\t\t\t\t\tmax-width:1200px;\t\t\t\t\t\t}\n\t\t\t\t\t\n\t\t\t\t\t#slide-1055 .wd-slide-bg {\n\t\t\t\t\t\t\n\t\t\t\t\t\t\t\t\t\t\t\t\t\t\t\t\t\t\t\t\t\t\t\t}\n\t\t\t\t}\n\n\t\t\t\t@media (max-width: 767px) {\n\t\t\t\t\t\n\t\t\t\t\t\t\t\t\t\t\t#slide-1055 .wd-slide-inner {\n\t\t\t\t\t\t\tmax-width:500px;\t\t\t\t\t\t}\n\t\t\t\t\t\n\t\t\t\t\t#slide-1055 .wd-slide-bg {\n\t\t\t\t\t\t\n\t\t\t\t\t\t\t\t\t\t\t\t\t\t\t\t\t\t\t\t\t\t\t\t}\n\t\t\t\t}\n\n\t\t\t\t\n\t\t\t\t\t\t\t\t<\/style>\t\t\t\n\t\t\t<div id=\"slider-41\" data-id=\"41\" class=\"wd-slider-wrapper arrows-style-1 pagin-style-1 pagin-scheme-dark anim-slide woodmart-slider-wrapper slider-in-container\"  data-owl-carousel data-speed=\"3500\" data-wrap=\"yes\" data-autoplay=\"yes\" data-autoheight=\"yes\" data-hide_pagination_control=\"no\" data-hide_prev_next_buttons=\"no\" data-sliding_speed=\"900\" data-content_animation=\"1\" data-desktop=\"1\" data-tablet_landscape=\"1\" data-tablet=\"1\" data-mobile=\"1\">\n\t\t\t\t<div class=\"wd-slider wd-autoplay-animations-off  woodmart-slider\">\n\t\t\t\t\t\t\t\t\t\t\t\t\t\t\t\t\t<div id=\"slide-973\" class=\"wd-slide woodmart-loaded woodmart-slide cursor-pointer\" data-id=\"973\"  onclick=\"window.location.href='https:\/\/sharkline.md\/en\/product-category\/consumables\/'\">\n\t\t\t\t\t\t\t\t\t\t\t\t\t\t<div class=\"container wd-slide-container woodmart-slide-container wd-items-middle wd-justify-left content-fixed\">\n\t\t\t\t\t\t\t\t<div class=\"wd-slide-inner woodmart-slide-inner \">\n\t\t\t\t\t\t\t\t\t\t\t\t\t\t\t\t\t\t\t\t\t\t\t\t\t\t\t\t\t\t\t\t\t\t\t\t<\/div>\n\t\t\t\t\t\t\t<\/div>\n\n\t\t\t\t\t\t\t<div class=\"wd-slide-bg wd-fill\"><\/div>\n\t\t\t\t\t\t<\/div>\n\n\t\t\t\t\t\t\t\t\t\t\t\t\t\t\t\t\t\t\t\t\t\t\t\t\t\t\t\t\t\t\t\t\t\t\t\t<div id=\"slide-1055\" class=\"wd-slide woodmart-slide\" data-id=\"1055\" >\n\t\t\t\t\t\t\t\t\t\t\t\t\t\t<div class=\"container wd-slide-container woodmart-slide-container wd-items-middle wd-justify-left content-fixed\">\n\t\t\t\t\t\t\t\t<div class=\"wd-slide-inner woodmart-slide-inner \">\n\t\t\t\t\t\t\t\t\t\t\t\t\t\t\t\t\t\t\t\t\t\t\t\t\t\t\t\t\t\t\t\t\t\t\t\t<\/div>\n\t\t\t\t\t\t\t<\/div>\n\n\t\t\t\t\t\t\t<div class=\"wd-slide-bg wd-fill\"><\/div>\n\t\t\t\t\t\t<\/div>\n\n\t\t\t\t\t\t\t\t\t\t\t\t\t\t\t<\/div>\n\t\t\t<\/div>\n\n\t\t\t\t\t[\/vc_column][\/vc_row][vc_row full_width=&#8221;stretch_row&#8221; woodmart_css_id=&#8221;61e6c962905dc&#8221; responsive_spacing=&#8221;eyJwYXJhbV90eXBlIjoid29vZG1hcnRfcmVzcG9uc2l2ZV9zcGFjaW5nIiwic2VsZWN0b3JfaWQiOiI2MWU2Yzk2MjkwNWRjIiwic2hvcnRjb2RlIjoidmNfcm93IiwiZGF0YSI6eyJ0YWJsZXQiOnt9LCJtb2JpbGUiOnt9fX0=&#8221; mobile_bg_img_hidden=&#8221;no&#8221; tablet_bg_img_hidden=&#8221;no&#8221; woodmart_parallax=&#8221;0&#8243; woodmart_gradient_switch=&#8221;no&#8221; woodmart_box_shadow=&#8221;no&#8221; wd_z_index=&#8221;no&#8221; woodmart_disable_overflow=&#8221;0&#8243; row_reverse_mobile=&#8221;0&#8243; row_reverse_tablet=&#8221;0&#8243; css=&#8221;.vc_custom_1642514799174{background-color: #f7f7f7 !important;}&#8221;][vc_column]\t\t\n\t\t<div id=\"wd-64f75b24e4f89\" class=\"title-wrapper wd-wpb set-mb-s reset-last-child  wd-rs-64f75b24e4f89 wd-title-color-primary wd-underline-colored wd-title-style-simple wd-width-100 text-center \">\n\t\t\t\n\t\t\t<div class=\"liner-continer\">\n\t\t\t\t<h4 class=\"woodmart-title-container title  wd-font-weight- wd-fontsize-xl\" >Despre SharkLine<\/h4>\n\t\t\t\t\t\t\t<\/div>\n\t\t\t\n\t\t\t\t\t\t\t<div class=\"title-after_title  set-cont-mb-s reset-last-child  wd-fontsize-s\">Echipamente de marcare \u0219i etichetare industrial\u0103.<\/div>\n\t\t\t\n\t\t\t\n\t\t<\/div>\n\t\t\n\t\t[vc_row_inner][vc_column_inner width=&#8221;1\/2&#8243;][vc_column_text woodmart_inline=&#8221;no&#8221; text_larger=&#8221;no&#8221;]Sharkline SRL comercializeaz\u0103 echipamente de marcare \u0219i etichetare, precum \u0219i alte echipamente destinate industriei.<\/p>\n<p>Prin implementarea celor mai avansate tehnologii \u0219i materiale, noi dezvolt\u0103m ast\u0103zi ceea ce va fi cerut m\u00e2ine.[\/vc_column_text]<div id=\"wd-61e6c9dcec3dc\" class=\" wd-rs-61e6c9dcec3dc wd-button-wrapper woodmart-button-wrapper text-center\"><a href=\"\/ro\/despre-noi\/\" title=\"\u041e \u043a\u043e\u043c\u043f\u0430\u043d\u0438\u0438\" class=\"btn btn-color-primary btn-style-bordered btn-shape-rectangle btn-size-default\">Afl\u0103 mai multe<\/a><\/div>[vc_empty_space woodmart_hide_large=&#8221;0&#8243; woodmart_hide_medium=&#8221;0&#8243; woodmart_hide_small=&#8221;0&#8243; woodmart_hide_extra_small=&#8221;0&#8243;][\/vc_column_inner][vc_column_inner width=&#8221;1\/2&#8243;][vc_single_image image=&#8221;1076&#8243; img_size=&#8221;380&#215;308&#8243; alignment=&#8221;center&#8221; onclick=&#8221;custom_link&#8221; parallax_scroll=&#8221;no&#8221; woodmart_inline=&#8221;no&#8221; link=&#8221;https:\/\/sharkline.md\/en\/shop\/apidim-linear-automatic-labeling-complex\/&#8221;][\/vc_column_inner][\/vc_row_inner][\/vc_column][\/vc_row][vc_row][vc_column]\t\t\n\t\t<div id=\"wd-64f46172a6e99\" class=\"title-wrapper wd-wpb set-mb-s reset-last-child  wd-rs-64f46172a6e99 wd-title-color-primary wd-underline-colored wd-title-style-simple wd-width-100 text-center \">\n\t\t\t\n\t\t\t<div class=\"liner-continer\">\n\t\t\t\t<h2 class=\"woodmart-title-container title  wd-font-weight- wd-fontsize-xl\" >Echipamente Industriale de Marcare si Etichetare in Republica Moldova si Romania<\/h2>\n\t\t\t\t\t\t\t<\/div>\n\t\t\t\n\t\t\t\n\t\t\t\n\t\t<\/div>\n\t\t\n\t\t<div class=\"products woocommerce row categories-style-default  wd-spacing-30 columns-3\"><\/div>[\/vc_column][\/vc_row][vc_row full_width=&#8221;stretch_row&#8221; woodmart_css_id=&#8221;61e6cb28baec2&#8243; responsive_spacing=&#8221;eyJwYXJhbV90eXBlIjoid29vZG1hcnRfcmVzcG9uc2l2ZV9zcGFjaW5nIiwic2VsZWN0b3JfaWQiOiI2MWU2Y2IyOGJhZWMyIiwic2hvcnRjb2RlIjoidmNfcm93IiwiZGF0YSI6eyJ0YWJsZXQiOnt9LCJtb2JpbGUiOnt9fX0=&#8221; mobile_bg_img_hidden=&#8221;no&#8221; tablet_bg_img_hidden=&#8221;no&#8221; woodmart_parallax=&#8221;0&#8243; woodmart_gradient_switch=&#8221;no&#8221; woodmart_box_shadow=&#8221;no&#8221; wd_z_index=&#8221;no&#8221; woodmart_disable_overflow=&#8221;0&#8243; row_reverse_mobile=&#8221;0&#8243; row_reverse_tablet=&#8221;0&#8243; css=&#8221;.vc_custom_1642515245942{background-color: #f7f7f7 !important;}&#8221;][vc_column]\t\t\n\t\t<div id=\"wd-62df1a027a2cc\" class=\"title-wrapper wd-wpb set-mb-s reset-last-child  wd-rs-62df1a027a2cc wd-title-color-primary wd-underline-colored wd-title-style-simple wd-width-100 text-center \">\n\t\t\t\n\t\t\t<div class=\"liner-continer\">\n\t\t\t\t<h4 class=\"woodmart-title-container title  wd-font-weight- wd-fontsize-xl\" >Contacte Moldova<\/h4>\n\t\t\t\t\t\t\t<\/div>\n\t\t\t\n\t\t\t\n\t\t\t\n\t\t<\/div>\n\t\t\n\t\t[\/vc_column][\/vc_row][vc_row full_width=&#8221;stretch_row&#8221; woodmart_css_id=&#8221;61e6cb28baec2&#8243; responsive_spacing=&#8221;eyJwYXJhbV90eXBlIjoid29vZG1hcnRfcmVzcG9uc2l2ZV9zcGFjaW5nIiwic2VsZWN0b3JfaWQiOiI2MWU2Y2IyOGJhZWMyIiwic2hvcnRjb2RlIjoidmNfcm93IiwiZGF0YSI6eyJ0YWJsZXQiOnt9LCJtb2JpbGUiOnt9fX0=&#8221; mobile_bg_img_hidden=&#8221;no&#8221; tablet_bg_img_hidden=&#8221;no&#8221; woodmart_parallax=&#8221;0&#8243; woodmart_gradient_switch=&#8221;no&#8221; woodmart_box_shadow=&#8221;no&#8221; wd_z_index=&#8221;no&#8221; woodmart_disable_overflow=&#8221;0&#8243; row_reverse_mobile=&#8221;0&#8243; row_reverse_tablet=&#8221;0&#8243; css=&#8221;.vc_custom_1642515245942{background-color: #f7f7f7 !important;}&#8221;][vc_column width=&#8221;1\/3&#8243;]\t\t<div id=\"wd-64b92ca3b80fd\" class=\"wd-text-block wd-wpb reset-last-child wd-rs-64b92ca3b80fd wd-width-100 text-left \">\n\t\t\t<p><img loading=\"lazy\" decoding=\"async\" class=\"alignnone wp-image-135\" src=\"https:\/\/sharkline.md\/wp-content\/uploads\/2022\/01\/phone-1.png\" alt=\"\" width=\"30\" height=\"30\" \/> <a href=\"tel:+37369817588\"><strong>+373-69-81-75-88<\/strong><\/a><\/p>\n<p><img loading=\"lazy\" decoding=\"async\" class=\"alignnone wp-image-138\" src=\"https:\/\/sharkline.md\/wp-content\/uploads\/2022\/01\/email-2.png\" alt=\"\" width=\"30\" height=\"30\" \/> <a href=\"maito:info@sharkline.md\"><strong>sharkline2020@gmail.com<\/strong><\/a><\/p>\n\t\t<\/div>\n\t\t[\/vc_column][vc_column width=&#8221;1\/3&#8243;]\t\t<div id=\"wd-64f75a37be68c\" class=\"wd-text-block wd-wpb reset-last-child wd-rs-64f75a37be68c wd-width-100 text-left \">\n\t\t\t<p><img loading=\"lazy\" decoding=\"async\" class=\"alignnone wp-image-135\" src=\"https:\/\/sharkline.md\/wp-content\/uploads\/2022\/01\/phone-1.png\" alt=\"\" width=\"30\" height=\"30\" \/> <strong><a href=\"tel:+37369070822\" target=\"_blank\" rel=\"noopener\">+373-69-070-822<\/a><\/strong><\/p>\n<p><img loading=\"lazy\" decoding=\"async\" class=\"alignnone wp-image-138\" src=\"https:\/\/sharkline.md\/wp-content\/uploads\/2022\/01\/email-2.png\" alt=\"\" width=\"30\" height=\"30\" \/>\u00a0<a href=\"mailto:sales.sharkline@gmail.com\" target=\"_blank\" rel=\"noopener\"><strong>sales.sharkline@gmail.com<\/strong><\/a><\/p>\n<p>&nbsp;<\/p>\n\t\t<\/div>\n\t\t[\/vc_column][vc_column width=&#8221;1\/3&#8243;][vc_column_text woodmart_inline=&#8221;no&#8221; text_larger=&#8221;no&#8221;]<img loading=\"lazy\" decoding=\"async\" class=\"alignnone wp-image-210\" src=\"https:\/\/sharkline.md\/wp-content\/uploads\/2022\/01\/location.png\" alt=\"\" width=\"30\" height=\"30\" \/> <strong>MD-2071, Republica Moldova, Chisinau,<br \/>\nStr. Alba-Iulia 75 bloc N<\/strong>[\/vc_column_text][\/vc_column][\/vc_row][vc_row full_width=&#8221;stretch_row_content_no_spaces&#8221; woodmart_css_id=&#8221;61e6cd83ad844&#8243; responsive_spacing=&#8221;eyJwYXJhbV90eXBlIjoid29vZG1hcnRfcmVzcG9uc2l2ZV9zcGFjaW5nIiwic2VsZWN0b3JfaWQiOiI2MWU2Y2Q4M2FkODQ0Iiwic2hvcnRjb2RlIjoidmNfcm93IiwiZGF0YSI6eyJ0YWJsZXQiOnt9LCJtb2JpbGUiOnt9fX0=&#8221; mobile_bg_img_hidden=&#8221;no&#8221; tablet_bg_img_hidden=&#8221;no&#8221; woodmart_parallax=&#8221;0&#8243; woodmart_gradient_switch=&#8221;no&#8221; woodmart_box_shadow=&#8221;no&#8221; wd_z_index=&#8221;no&#8221; woodmart_disable_overflow=&#8221;0&#8243; row_reverse_mobile=&#8221;0&#8243; row_reverse_tablet=&#8221;0&#8243; css=&#8221;.vc_custom_1642515848728{margin-top: -40px !important;}&#8221;][vc_column][vc_raw_html]JTNDaWZyYW1lJTIwc3JjJTNEJTIyaHR0cHMlM0ElMkYlMkZ3d3cuZ29vZ2xlLmNvbSUyRm1hcHMlMkZlbWJlZCUzRnBiJTNEJTIxMW0xOCUyMTFtMTIlMjExbTMlMjExZDU0MzguNjAxNjc1MTAyODQ0JTIxMmQyOC43NjcxNDM2MDA2MzQxOTIlMjEzZDQ3LjAzNDMyNzI5MDY2ODY3JTIxMm0zJTIxMWYwJTIxMmYwJTIxM2YwJTIxM20yJTIxMWkxMDI0JTIxMmk3NjglMjE0ZjEzLjElMjEzbTMlMjExbTIlMjExczB4MCUyNTNBMHhmZDdkMWYxNzkyZjY5NDMwJTIxMnpORGZDc0RBeUp6QTBMakVpVGlBeU9NS3dORFluTVRndU15SkYlMjE1ZTAlMjEzbTIlMjExc3JvJTIxMnMlMjE0djE2NDI1MTAwOTk4MDUlMjE1bTIlMjExc3JvJTIxMnMlMjIlMjB3aWR0aCUzRCUyMjEwMCUyNSUyMiUyMGhlaWdodCUzRCUyMjMwMCUyMiUyMHN0eWxlJTNEJTIyYm9yZGVyJTNBMCUzQiUyMiUyMGFsbG93ZnVsbHNjcmVlbiUzRCUyMiUyMiUyMGxvYWRpbmclM0QlMjJsYXp5JTIyJTNFJTNDJTJGaWZyYW1lJTNF[\/vc_raw_html][\/vc_column][\/vc_row][vc_section][\/vc_section]<\/p>\n","protected":false},"excerpt":{"rendered":"<p>[vc_row css=&#8221;.vc_custom_1642516322764{margin-top: -20px !important;margin-bottom: 20px !important;}&#8221; woodmart_css_id=&#8221;61e6cf5c26b55&#8243; responsive_spacing=&#8221;eyJwYXJhbV90eXBlIjoid29vZG1hcnRfcmVzcG9uc2l2ZV9zcGFjaW5nIiwic2VsZWN0b3JfaWQiOiI2MWU2Y2Y1YzI2YjU1Iiwic2hvcnRjb2RlIjoidmNfcm93IiwiZGF0YSI6eyJ0YWJsZXQiOnt9LCJtb2JpbGUiOnt9fX0=&#8221; mobile_bg_img_hidden=&#8221;no&#8221; tablet_bg_img_hidden=&#8221;no&#8221; woodmart_parallax=&#8221;0&#8243; woodmart_gradient_switch=&#8221;no&#8221; woodmart_box_shadow=&#8221;no&#8221; wd_z_index=&#8221;no&#8221; woodmart_disable_overflow=&#8221;0&#8243; row_reverse_mobile=&#8221;0&#8243; row_reverse_tablet=&#8221;0&#8243;][vc_column][\/vc_column][\/vc_row][vc_row full_width=&#8221;stretch_row&#8221; woodmart_css_id=&#8221;61e6c962905dc&#8221; responsive_spacing=&#8221;eyJwYXJhbV90eXBlIjoid29vZG1hcnRfcmVzcG9uc2l2ZV9zcGFjaW5nIiwic2VsZWN0b3JfaWQiOiI2MWU2Yzk2MjkwNWRjIiwic2hvcnRjb2RlIjoidmNfcm93IiwiZGF0YSI6eyJ0YWJsZXQiOnt9LCJtb2JpbGUiOnt9fX0=&#8221;<\/p>\n","protected":false},"author":1,"featured_media":0,"parent":0,"menu_order":0,"comment_status":"closed","ping_status":"closed","template":"","meta":{"footnotes":""},"class_list":["post-79","page","type-page","status-publish","hentry"],"yoast_head":"<!-- This site is optimized with the Yoast SEO plugin v20.11 - https:\/\/yoast.com\/wordpress\/plugins\/seo\/ -->\n<title>Sisteme de Etichetare | Echipamente de Marcare si Imbuteliere<\/title>\n<meta name=\"description\" content=\"ImprimSistem proiecteaz\u0103 \u0219i produce echipamente de etichetare, marcare \u0219i alte echipamente de uz industrial (pentru \u00eembuteliere, capsulare)- R. Moldova si Romania\" \/>\n<meta name=\"robots\" content=\"index, follow, max-snippet:-1, max-image-preview:large, max-video-preview:-1\" \/>\n<link rel=\"canonical\" href=\"https:\/\/sharkline.md\/ro\/\" \/>\n<meta property=\"og:locale\" content=\"ro_RO\" \/>\n<meta property=\"og:type\" content=\"article\" \/>\n<meta property=\"og:title\" content=\"Sisteme de Etichetare | Echipamente de Marcare si Imbuteliere\" \/>\n<meta property=\"og:description\" content=\"ImprimSistem proiecteaz\u0103 \u0219i produce echipamente de etichetare, marcare \u0219i alte echipamente de uz industrial (pentru \u00eembuteliere, capsulare)- R. Moldova si Romania\" \/>\n<meta property=\"og:url\" content=\"https:\/\/sharkline.md\/ro\/\" \/>\n<meta property=\"og:site_name\" content=\"Shark Line\" \/>\n<meta property=\"article:modified_time\" content=\"2023-09-05T16:45:40+00:00\" \/>\n<meta property=\"og:image\" content=\"https:\/\/sharkline.md\/wp-content\/uploads\/2022\/01\/phone-1.png\" \/>\n<meta name=\"twitter:card\" content=\"summary_large_image\" \/>\n<meta name=\"twitter:label1\" content=\"Timp estimat pentru citire\" \/>\n\t<meta name=\"twitter:data1\" content=\"3 minute\" \/>\n<script type=\"application\/ld+json\" class=\"yoast-schema-graph\">{\"@context\":\"https:\/\/schema.org\",\"@graph\":[{\"@type\":\"WebPage\",\"@id\":\"https:\/\/sharkline.md\/\",\"url\":\"https:\/\/sharkline.md\/ro\/\",\"name\":\"Sisteme de Etichetare | Echipamente de Marcare si Imbuteliere\",\"isPartOf\":{\"@id\":\"https:\/\/sharkline.md\/#website\"},\"datePublished\":\"2022-01-18T12:21:21+00:00\",\"dateModified\":\"2023-09-05T16:45:40+00:00\",\"description\":\"ImprimSistem proiecteaz\u0103 \u0219i produce echipamente de etichetare, marcare \u0219i alte echipamente de uz industrial (pentru \u00eembuteliere, capsulare)- R. Moldova si Romania\",\"inLanguage\":\"ro-RO\",\"potentialAction\":[{\"@type\":\"ReadAction\",\"target\":[\"https:\/\/sharkline.md\/ro\/\"]}]},{\"@type\":\"WebSite\",\"@id\":\"https:\/\/sharkline.md\/#website\",\"url\":\"https:\/\/sharkline.md\/\",\"name\":\"Shark Line\",\"description\":\"Echipamente de Marcare, Etichetare, Imbuteliere\",\"potentialAction\":[{\"@type\":\"SearchAction\",\"target\":{\"@type\":\"EntryPoint\",\"urlTemplate\":\"https:\/\/sharkline.md\/?s={search_term_string}\"},\"query-input\":\"required name=search_term_string\"}],\"inLanguage\":\"ro-RO\"}]}<\/script>\n<!-- \/ Yoast SEO plugin. -->","yoast_head_json":{"title":"Sisteme de Etichetare | Echipamente de Marcare si Imbuteliere","description":"ImprimSistem proiecteaz\u0103 \u0219i produce echipamente de etichetare, marcare \u0219i alte echipamente de uz industrial (pentru \u00eembuteliere, capsulare)- R. Moldova si Romania","robots":{"index":"index","follow":"follow","max-snippet":"max-snippet:-1","max-image-preview":"max-image-preview:large","max-video-preview":"max-video-preview:-1"},"canonical":"https:\/\/sharkline.md\/ro\/","og_locale":"ro_RO","og_type":"article","og_title":"Sisteme de Etichetare | Echipamente de Marcare si Imbuteliere","og_description":"ImprimSistem proiecteaz\u0103 \u0219i produce echipamente de etichetare, marcare \u0219i alte echipamente de uz industrial (pentru \u00eembuteliere, capsulare)- R. Moldova si Romania","og_url":"https:\/\/sharkline.md\/ro\/","og_site_name":"Shark Line","article_modified_time":"2023-09-05T16:45:40+00:00","og_image":[{"url":"https:\/\/sharkline.md\/wp-content\/uploads\/2022\/01\/phone-1.png"}],"twitter_card":"summary_large_image","twitter_misc":{"Timp estimat pentru citire":"3 minute"},"schema":{"@context":"https:\/\/schema.org","@graph":[{"@type":"WebPage","@id":"https:\/\/sharkline.md\/","url":"https:\/\/sharkline.md\/ro\/","name":"Sisteme de Etichetare | Echipamente de Marcare si Imbuteliere","isPartOf":{"@id":"https:\/\/sharkline.md\/#website"},"datePublished":"2022-01-18T12:21:21+00:00","dateModified":"2023-09-05T16:45:40+00:00","description":"ImprimSistem proiecteaz\u0103 \u0219i produce echipamente de etichetare, marcare \u0219i alte echipamente de uz industrial (pentru \u00eembuteliere, capsulare)- R. Moldova si Romania","inLanguage":"ro-RO","potentialAction":[{"@type":"ReadAction","target":["https:\/\/sharkline.md\/ro\/"]}]},{"@type":"WebSite","@id":"https:\/\/sharkline.md\/#website","url":"https:\/\/sharkline.md\/","name":"Shark Line","description":"Echipamente de Marcare, Etichetare, Imbuteliere","potentialAction":[{"@type":"SearchAction","target":{"@type":"EntryPoint","urlTemplate":"https:\/\/sharkline.md\/?s={search_term_string}"},"query-input":"required name=search_term_string"}],"inLanguage":"ro-RO"}]}},"_links":{"self":[{"href":"https:\/\/sharkline.md\/ro\/wp-json\/wp\/v2\/pages\/79","targetHints":{"allow":["GET"]}}],"collection":[{"href":"https:\/\/sharkline.md\/ro\/wp-json\/wp\/v2\/pages"}],"about":[{"href":"https:\/\/sharkline.md\/ro\/wp-json\/wp\/v2\/types\/page"}],"author":[{"embeddable":true,"href":"https:\/\/sharkline.md\/ro\/wp-json\/wp\/v2\/users\/1"}],"replies":[{"embeddable":true,"href":"https:\/\/sharkline.md\/ro\/wp-json\/wp\/v2\/comments?post=79"}],"version-history":[{"count":49,"href":"https:\/\/sharkline.md\/ro\/wp-json\/wp\/v2\/pages\/79\/revisions"}],"predecessor-version":[{"id":1302,"href":"https:\/\/sharkline.md\/ro\/wp-json\/wp\/v2\/pages\/79\/revisions\/1302"}],"wp:attachment":[{"href":"https:\/\/sharkline.md\/ro\/wp-json\/wp\/v2\/media?parent=79"}],"curies":[{"name":"wp","href":"https:\/\/api.w.org\/{rel}","templated":true}]}}