{"id":1077,"date":"2023-08-28T21:14:47","date_gmt":"2023-08-28T18:16:14","guid":{"rendered":"https:\/\/sharkline.md\/?post_type=product&#038;p=1077"},"modified":"2023-08-29T21:25:25","modified_gmt":"2023-08-29T18:25:25","slug":"imprimanta-cu-jet-de-cerneala-sharkjet-pro","status":"publish","type":"product","link":"https:\/\/sharkline.md\/ro\/shop\/imprimanta-cu-jet-de-cerneala-sharkjet-pro\/","title":{"rendered":"Imprimant\u0103 cu jet de cerneal\u0103 SharkJet PRO"},"content":{"rendered":"<p><strong><u>Specifica\u021bii tehnice:<\/u><\/strong><\/p>\n<p>&nbsp;<\/p>\n<table width=\"769\">\n<tbody>\n<tr>\n<td width=\"224\">Num\u0103rul de r\u00e2nduri de imprimare<\/td>\n<td width=\"414\">1-5<\/td>\n<\/tr>\n<tr>\n<td width=\"224\">Viteza de imprimare<\/td>\n<td width=\"414\">500 m\/min pentru un singur r\u00e2nd<\/td>\n<\/tr>\n<tr>\n<td width=\"224\">Fonturi<\/td>\n<td width=\"414\">5 \u00d7 5, 5 \u00d7 7,7 \u00d7 9, 12 \u00d7 16, 18 \u00d7 24, 12 \u00d7 12, 16 \u00d7 16<\/td>\n<\/tr>\n<tr>\n<td width=\"224\">Limbi<\/td>\n<td width=\"414\">Englez\u0103, Rus\u0103, Ucrainean\u0103<\/td>\n<\/tr>\n<\/tbody>\n<\/table>\n<p>&nbsp;<\/p>\n<p><strong><u>Parametri \u0219i func\u021bii suplimentare:<\/u><\/strong><\/p>\n<ul>\n<li>Func\u021bie automat\u0103 de num\u0103rare \u0219i num\u0103rare imbricat\u0103.<\/li>\n<li>Imprimare automat\u0103 cu actualizare de date \u0219i timp; regim continuu, multiplu \u0219i de retip\u0103rire, precum \u0219i o func\u021bie de forfecare.<\/li>\n<li>Func\u021bie de editare a mesajelor foarte lungi pentru a satisface nevoile de produc\u021bie ale clien\u021bilor.<\/li>\n<li>Stocare \u00eencorporat\u0103 a set\u0103rilor de imprimare \u0219i a mesajelor, u\u0219or de utilizat, asigurp economisirea timpului \u0219i \u00eembun\u0103t\u0103\u021birea eficien\u021bei muncii.<\/li>\n<li>Imaginile pot fi editate pe calculator. Mesajele, imaginile \u0219i fonturile pot fi importate \u0219i exportate prin intermediul interfe\u021bei USB.<\/li>\n<li>Include un dispozitiv de stocare capabil s\u0103 imprime mesaje foarte lungi, \u0219i permite utilizarea USB-ului pentru extindere nelimitat\u0103 a memoriei.<\/li>\n<li>Fontul poate fi personalizat pe deplin, fontul de imprimare \u0219i modul de imprimare pot fi personalizate \u00een func\u021bie de cerin\u021bele clientului.<\/li>\n<li>Imprimare 2D, conexiune la PC, func\u021bie de cod aleatoriu U-disk.<\/li>\n<li>Panou LED, ecran LCD pentru afi\u0219area \u00een timp real a st\u0103rii imprimantelor.<\/li>\n<\/ul>\n","protected":false},"excerpt":{"rendered":"<p>Imprimanta cu jet de cerneal\u0103 din seria SHARKJET poate imprima de la 1 la 5 r\u00e2nduri folosind o matrice de 32 de puncte. Viteza de imprimare poate atinge 500 metri\/minut pentru un singur r\u00e2nd. Sistemele de circuite, sistemele de alimentare cu cerneal\u0103, capetele de imprimare \u0219i duzele adopt\u0103 un design nou, care \u00eembun\u0103t\u0103\u021be\u0219te considerabil fiabilitatea \u0219i stabilitatea imprimantelor \u0219i, de asemenea, reduce drastic consumul de cerneal\u0103 \u0219i solvent pe parcursul exploat\u0103rii.<\/p>\n","protected":false},"featured_media":1076,"comment_status":"closed","ping_status":"closed","template":"","meta":[],"product_cat":[52],"product_tag":[],"class_list":["post-1077","product","type-product","status-publish","has-post-thumbnail","hentry","product_cat-imprimante-cu-jet-de-cerneala"],"yoast_head":"<!-- This site is optimized with the Yoast SEO plugin v20.11 - https:\/\/yoast.com\/wordpress\/plugins\/seo\/ -->\n<title>Imprimant\u0103 cu jet de cerneal\u0103 SharkJet PRO - Shark Line<\/title>\n<meta name=\"robots\" content=\"index, follow, max-snippet:-1, max-image-preview:large, max-video-preview:-1\" \/>\n<link rel=\"canonical\" href=\"https:\/\/sharkline.md\/ro\/shop\/imprimanta-cu-jet-de-cerneala-sharkjet-pro\/\" \/>\n<meta property=\"og:locale\" content=\"ro_RO\" \/>\n<meta property=\"og:type\" content=\"article\" \/>\n<meta property=\"og:title\" content=\"Imprimant\u0103 cu jet de cerneal\u0103 SharkJet PRO - Shark Line\" \/>\n<meta property=\"og:description\" content=\"Imprimanta cu jet de cerneal\u0103 din seria SHARKJET poate imprima de la 1 la 5 r\u00e2nduri folosind o matrice de 32 de puncte. Viteza de imprimare poate atinge 500 metri\/minut pentru un singur r\u00e2nd. Sistemele de circuite, sistemele de alimentare cu cerneal\u0103, capetele de imprimare \u0219i duzele adopt\u0103 un design nou, care \u00eembun\u0103t\u0103\u021be\u0219te considerabil fiabilitatea \u0219i stabilitatea imprimantelor \u0219i, de asemenea, reduce drastic consumul de cerneal\u0103 \u0219i solvent pe parcursul exploat\u0103rii.\" \/>\n<meta property=\"og:url\" content=\"https:\/\/sharkline.md\/ro\/shop\/imprimanta-cu-jet-de-cerneala-sharkjet-pro\/\" \/>\n<meta property=\"og:site_name\" content=\"Shark Line\" \/>\n<meta property=\"article:modified_time\" content=\"2023-08-29T18:25:25+00:00\" \/>\n<meta property=\"og:image\" content=\"https:\/\/sharkline.md\/wp-content\/uploads\/2023\/08\/Sharkjet-Pro2.jpg\" \/>\n\t<meta property=\"og:image:width\" content=\"800\" \/>\n\t<meta property=\"og:image:height\" content=\"536\" \/>\n\t<meta property=\"og:image:type\" content=\"image\/jpeg\" \/>\n<meta name=\"twitter:card\" content=\"summary_large_image\" \/>\n<meta name=\"twitter:label1\" content=\"Timp estimat pentru citire\" \/>\n\t<meta name=\"twitter:data1\" content=\"1 minut\" \/>\n<script type=\"application\/ld+json\" class=\"yoast-schema-graph\">{\"@context\":\"https:\/\/schema.org\",\"@graph\":[{\"@type\":\"WebPage\",\"@id\":\"https:\/\/sharkline.md\/ro\/shop\/imprimanta-cu-jet-de-cerneala-sharkjet-pro\/\",\"url\":\"https:\/\/sharkline.md\/ro\/shop\/imprimanta-cu-jet-de-cerneala-sharkjet-pro\/\",\"name\":\"Imprimant\u0103 cu jet de cerneal\u0103 SharkJet PRO - Shark Line\",\"isPartOf\":{\"@id\":\"https:\/\/sharkline.md\/#website\"},\"datePublished\":\"2023-08-28T18:16:14+00:00\",\"dateModified\":\"2023-08-29T18:25:25+00:00\",\"breadcrumb\":{\"@id\":\"https:\/\/sharkline.md\/ro\/shop\/imprimanta-cu-jet-de-cerneala-sharkjet-pro\/#breadcrumb\"},\"inLanguage\":\"ro-RO\",\"potentialAction\":[{\"@type\":\"ReadAction\",\"target\":[\"https:\/\/sharkline.md\/ro\/shop\/imprimanta-cu-jet-de-cerneala-sharkjet-pro\/\"]}]},{\"@type\":\"BreadcrumbList\",\"@id\":\"https:\/\/sharkline.md\/ro\/shop\/imprimanta-cu-jet-de-cerneala-sharkjet-pro\/#breadcrumb\",\"itemListElement\":[{\"@type\":\"ListItem\",\"position\":1,\"name\":\"CATALOG\",\"item\":\"https:\/\/sharkline.md\/catalog\/\"},{\"@type\":\"ListItem\",\"position\":2,\"name\":\"Imprimant\u0103 cu jet de cerneal\u0103 SharkJet PRO\"}]},{\"@type\":\"WebSite\",\"@id\":\"https:\/\/sharkline.md\/#website\",\"url\":\"https:\/\/sharkline.md\/\",\"name\":\"Shark Line\",\"description\":\"Echipamente de Marcare, Etichetare, Imbuteliere\",\"potentialAction\":[{\"@type\":\"SearchAction\",\"target\":{\"@type\":\"EntryPoint\",\"urlTemplate\":\"https:\/\/sharkline.md\/?s={search_term_string}\"},\"query-input\":\"required name=search_term_string\"}],\"inLanguage\":\"ro-RO\"}]}<\/script>\n<!-- \/ Yoast SEO plugin. -->","yoast_head_json":{"title":"Imprimant\u0103 cu jet de cerneal\u0103 SharkJet PRO - Shark Line","robots":{"index":"index","follow":"follow","max-snippet":"max-snippet:-1","max-image-preview":"max-image-preview:large","max-video-preview":"max-video-preview:-1"},"canonical":"https:\/\/sharkline.md\/ro\/shop\/imprimanta-cu-jet-de-cerneala-sharkjet-pro\/","og_locale":"ro_RO","og_type":"article","og_title":"Imprimant\u0103 cu jet de cerneal\u0103 SharkJet PRO - Shark Line","og_description":"Imprimanta cu jet de cerneal\u0103 din seria SHARKJET poate imprima de la 1 la 5 r\u00e2nduri folosind o matrice de 32 de puncte. Viteza de imprimare poate atinge 500 metri\/minut pentru un singur r\u00e2nd. Sistemele de circuite, sistemele de alimentare cu cerneal\u0103, capetele de imprimare \u0219i duzele adopt\u0103 un design nou, care \u00eembun\u0103t\u0103\u021be\u0219te considerabil fiabilitatea \u0219i stabilitatea imprimantelor \u0219i, de asemenea, reduce drastic consumul de cerneal\u0103 \u0219i solvent pe parcursul exploat\u0103rii.","og_url":"https:\/\/sharkline.md\/ro\/shop\/imprimanta-cu-jet-de-cerneala-sharkjet-pro\/","og_site_name":"Shark Line","article_modified_time":"2023-08-29T18:25:25+00:00","og_image":[{"width":800,"height":536,"url":"https:\/\/sharkline.md\/wp-content\/uploads\/2023\/08\/Sharkjet-Pro2.jpg","type":"image\/jpeg"}],"twitter_card":"summary_large_image","twitter_misc":{"Timp estimat pentru citire":"1 minut"},"schema":{"@context":"https:\/\/schema.org","@graph":[{"@type":"WebPage","@id":"https:\/\/sharkline.md\/ro\/shop\/imprimanta-cu-jet-de-cerneala-sharkjet-pro\/","url":"https:\/\/sharkline.md\/ro\/shop\/imprimanta-cu-jet-de-cerneala-sharkjet-pro\/","name":"Imprimant\u0103 cu jet de cerneal\u0103 SharkJet PRO - Shark Line","isPartOf":{"@id":"https:\/\/sharkline.md\/#website"},"datePublished":"2023-08-28T18:16:14+00:00","dateModified":"2023-08-29T18:25:25+00:00","breadcrumb":{"@id":"https:\/\/sharkline.md\/ro\/shop\/imprimanta-cu-jet-de-cerneala-sharkjet-pro\/#breadcrumb"},"inLanguage":"ro-RO","potentialAction":[{"@type":"ReadAction","target":["https:\/\/sharkline.md\/ro\/shop\/imprimanta-cu-jet-de-cerneala-sharkjet-pro\/"]}]},{"@type":"BreadcrumbList","@id":"https:\/\/sharkline.md\/ro\/shop\/imprimanta-cu-jet-de-cerneala-sharkjet-pro\/#breadcrumb","itemListElement":[{"@type":"ListItem","position":1,"name":"CATALOG","item":"https:\/\/sharkline.md\/catalog\/"},{"@type":"ListItem","position":2,"name":"Imprimant\u0103 cu jet de cerneal\u0103 SharkJet PRO"}]},{"@type":"WebSite","@id":"https:\/\/sharkline.md\/#website","url":"https:\/\/sharkline.md\/","name":"Shark Line","description":"Echipamente de Marcare, Etichetare, Imbuteliere","potentialAction":[{"@type":"SearchAction","target":{"@type":"EntryPoint","urlTemplate":"https:\/\/sharkline.md\/?s={search_term_string}"},"query-input":"required name=search_term_string"}],"inLanguage":"ro-RO"}]}},"_links":{"self":[{"href":"https:\/\/sharkline.md\/ro\/wp-json\/wp\/v2\/product\/1077","targetHints":{"allow":["GET"]}}],"collection":[{"href":"https:\/\/sharkline.md\/ro\/wp-json\/wp\/v2\/product"}],"about":[{"href":"https:\/\/sharkline.md\/ro\/wp-json\/wp\/v2\/types\/product"}],"replies":[{"embeddable":true,"href":"https:\/\/sharkline.md\/ro\/wp-json\/wp\/v2\/comments?post=1077"}],"wp:featuredmedia":[{"embeddable":true,"href":"https:\/\/sharkline.md\/ro\/wp-json\/wp\/v2\/media\/1076"}],"wp:attachment":[{"href":"https:\/\/sharkline.md\/ro\/wp-json\/wp\/v2\/media?parent=1077"}],"wp:term":[{"taxonomy":"product_cat","embeddable":true,"href":"https:\/\/sharkline.md\/ro\/wp-json\/wp\/v2\/product_cat?post=1077"},{"taxonomy":"product_tag","embeddable":true,"href":"https:\/\/sharkline.md\/ro\/wp-json\/wp\/v2\/product_tag?post=1077"}],"curies":[{"name":"wp","href":"https:\/\/api.w.org\/{rel}","templated":true}]}}