{"id":1091,"date":"2023-08-28T21:37:04","date_gmt":"2023-08-28T18:42:59","guid":{"rendered":"https:\/\/sharkline.md\/?post_type=product&#038;p=1091"},"modified":"2023-08-30T14:44:07","modified_gmt":"2023-08-30T11:44:07","slug":"imprimanta-cu-jet-de-cerneala-cu-caractere-mari-makro","status":"publish","type":"product","link":"https:\/\/sharkline.md\/ro\/shop\/imprimanta-cu-jet-de-cerneala-cu-caractere-mari-makro\/","title":{"rendered":"Imprimant\u0103 cu jet de cerneal\u0103 cu caractere mari Makro"},"content":{"rendered":"<div class=\"group w-full text-token-text-primary border-b border-black\/10 dark:border-gray-900\/50 bg-gray-50 dark:bg-[#444654]\" data-testid=\"conversation-turn-3\">\n<div class=\"flex p-4 gap-4 text-base md:gap-6 md:max-w-2xl lg:max-w-[38rem] xl:max-w-3xl md:py-6 lg:px-0 m-auto\">\n<div class=\"relative flex w-[calc(100%-50px)] flex-col gap-1 md:gap-3 lg:w-[calc(100%-115px)]\">\n<div class=\"flex flex-grow flex-col gap-3 max-w-full\">\n<div class=\"min-h-[20px] flex flex-col items-start gap-3 overflow-x-auto whitespace-pre-wrap break-words\">\n<div class=\"markdown prose w-full break-words dark:prose-invert light\">\n<table width=\"756\">\n<tbody>\n<tr>\n<td><strong>Num\u0103r maxim de r\u00e2nduri<\/strong><\/td>\n<td>7\u00d72 sau 16\u00d71 Versiune standard 16\u00d72 sau 32\u00d71 cu 32 de puncte<\/td>\n<\/tr>\n<tr>\n<td><strong>Vitez\u0103 maxim\u0103<\/strong><\/td>\n<td>P\u00e2n\u0103 la 600 de puncte\/sec pe fiecare duz\u0103 sau 60 m\/min<\/td>\n<\/tr>\n<tr>\n<td><strong>Mediul<\/strong><\/td>\n<td>Temperatura de lucru de la -5\u00b0C p\u00e2n\u0103 la +40\u00b0C<\/td>\n<\/tr>\n<tr>\n<td><strong>Surs\u0103 de alimentare<\/strong><\/td>\n<td>Rating de intrare 110-220 V curent alternativ<\/td>\n<\/tr>\n<tr>\n<td><strong>Cap de imprimare<\/strong><\/td>\n<td>7 puncte: diametru 60 mm, lungime 182 mm; 16 puncte: diametru 9 mm, lungime 122 mm<\/td>\n<\/tr>\n<tr>\n<td><strong>Tipuri de cerneal\u0103<\/strong><\/td>\n<td>Pe baz\u0103 de ap\u0103, etanol sau MEK<\/td>\n<\/tr>\n<\/tbody>\n<\/table>\n<\/div>\n<\/div>\n<\/div>\n<div class=\"flex justify-between lg:block\">\n<div class=\"text-gray-400 flex self-end lg:self-center justify-center mt-2 gap-2 md:gap-3 lg:gap-1 lg:absolute lg:top-0 lg:translate-x-full lg:right-0 lg:mt-0 lg:pl-2 visible\">\n<div class=\"flex gap-1\"><\/div>\n<\/div>\n<\/div>\n<\/div>\n<\/div>\n<\/div>\n","protected":false},"excerpt":{"rendered":"<p>Imprimanta noastr\u0103 cu jet de cerneal\u0103 cu caractere mari Makro, este conceput\u0103 pentru marcarea diverselor materiale \u0219i tipuri de substraturi, cum ar fi \u021bevi, saci, \u021bes\u0103turi, folosind tehnologia electromagnetic\u0103.<\/p>\n<p>Tehnologia de imprimare cu jet de cerneal\u0103 DOD ofer\u0103 posibilit\u0103\u021bi flexibile de ajustare, asigur\u00e2nd o calitate fiabil\u0103 a imprim\u0103rii cu costuri reduse datorit\u0103 rezisten\u021bei excelente \u0219i vitezei mari de imprimare.<\/p>\n<p>Imprimanta noastr\u0103 cu jet de cerneal\u0103 DOD Makro are o vast\u0103 experien\u021b\u0103 \u00een rezolvarea celor mai complexe sarcini industriale \u0219i de ambalare. Toate modelele sunt echipate cu capete de imprimare potrivite pentru o gam\u0103 larg\u0103 de tipuri de cerneal\u0103, cum ar fi cerneal\u0103 pe baz\u0103 de ap\u0103, MEK, spirt \u0219i pigmen\u021bi. Sistemul Makro, care utilizeaz\u0103 tehnologia de imprimare cu jet de cerneal\u0103 Drop On Demand, este conceput s\u0103 func\u021bioneze \u00een condi\u021bii de mediu exigente, cum ar fi praf, umiditate, vibra\u021bii, temperaturi extreme \u0219i substan\u021be agresive.<\/p>\n","protected":false},"featured_media":1083,"comment_status":"closed","ping_status":"closed","template":"","meta":[],"product_cat":[52],"product_tag":[],"class_list":["post-1091","product","type-product","status-publish","has-post-thumbnail","hentry","product_cat-imprimante-cu-jet-de-cerneala"],"yoast_head":"<!-- This site is optimized with the Yoast SEO plugin v20.11 - https:\/\/yoast.com\/wordpress\/plugins\/seo\/ -->\n<title>Imprimant\u0103 cu jet de cerneal\u0103 cu caractere mari Makro - Shark Line<\/title>\n<meta name=\"robots\" content=\"index, follow, max-snippet:-1, max-image-preview:large, max-video-preview:-1\" \/>\n<link rel=\"canonical\" href=\"https:\/\/sharkline.md\/ro\/shop\/imprimanta-cu-jet-de-cerneala-cu-caractere-mari-makro\/\" \/>\n<meta property=\"og:locale\" content=\"ro_RO\" \/>\n<meta property=\"og:type\" content=\"article\" \/>\n<meta property=\"og:title\" content=\"Imprimant\u0103 cu jet de cerneal\u0103 cu caractere mari Makro - Shark Line\" \/>\n<meta property=\"og:description\" content=\"Imprimanta noastr\u0103 cu jet de cerneal\u0103 cu caractere mari Makro, este conceput\u0103 pentru marcarea diverselor materiale \u0219i tipuri de substraturi, cum ar fi \u021bevi, saci, \u021bes\u0103turi, folosind tehnologia electromagnetic\u0103.  Tehnologia de imprimare cu jet de cerneal\u0103 DOD ofer\u0103 posibilit\u0103\u021bi flexibile de ajustare, asigur\u00e2nd o calitate fiabil\u0103 a imprim\u0103rii cu costuri reduse datorit\u0103 rezisten\u021bei excelente \u0219i vitezei mari de imprimare.  Imprimanta noastr\u0103 cu jet de cerneal\u0103 DOD Makro are o vast\u0103 experien\u021b\u0103 \u00een rezolvarea celor mai complexe sarcini industriale \u0219i de ambalare. Toate modelele sunt echipate cu capete de imprimare potrivite pentru o gam\u0103 larg\u0103 de tipuri de cerneal\u0103, cum ar fi cerneal\u0103 pe baz\u0103 de ap\u0103, MEK, spirt \u0219i pigmen\u021bi. Sistemul Makro, care utilizeaz\u0103 tehnologia de imprimare cu jet de cerneal\u0103 Drop On Demand, este conceput s\u0103 func\u021bioneze \u00een condi\u021bii de mediu exigente, cum ar fi praf, umiditate, vibra\u021bii, temperaturi extreme \u0219i substan\u021be agresive.\" \/>\n<meta property=\"og:url\" content=\"https:\/\/sharkline.md\/ro\/shop\/imprimanta-cu-jet-de-cerneala-cu-caractere-mari-makro\/\" \/>\n<meta property=\"og:site_name\" content=\"Shark Line\" \/>\n<meta property=\"article:modified_time\" content=\"2023-08-30T11:44:07+00:00\" \/>\n<meta property=\"og:image\" content=\"https:\/\/sharkline.md\/wp-content\/uploads\/2023\/08\/macro001.jpg\" \/>\n\t<meta property=\"og:image:width\" content=\"677\" \/>\n\t<meta property=\"og:image:height\" content=\"686\" \/>\n\t<meta property=\"og:image:type\" content=\"image\/jpeg\" \/>\n<meta name=\"twitter:card\" content=\"summary_large_image\" \/>\n<meta name=\"twitter:label1\" content=\"Timp estimat pentru citire\" \/>\n\t<meta name=\"twitter:data1\" content=\"1 minut\" \/>\n<script type=\"application\/ld+json\" class=\"yoast-schema-graph\">{\"@context\":\"https:\/\/schema.org\",\"@graph\":[{\"@type\":\"WebPage\",\"@id\":\"https:\/\/sharkline.md\/ro\/shop\/imprimanta-cu-jet-de-cerneala-cu-caractere-mari-makro\/\",\"url\":\"https:\/\/sharkline.md\/ro\/shop\/imprimanta-cu-jet-de-cerneala-cu-caractere-mari-makro\/\",\"name\":\"Imprimant\u0103 cu jet de cerneal\u0103 cu caractere mari Makro - Shark Line\",\"isPartOf\":{\"@id\":\"https:\/\/sharkline.md\/#website\"},\"datePublished\":\"2023-08-28T18:42:59+00:00\",\"dateModified\":\"2023-08-30T11:44:07+00:00\",\"breadcrumb\":{\"@id\":\"https:\/\/sharkline.md\/ro\/shop\/imprimanta-cu-jet-de-cerneala-cu-caractere-mari-makro\/#breadcrumb\"},\"inLanguage\":\"ro-RO\",\"potentialAction\":[{\"@type\":\"ReadAction\",\"target\":[\"https:\/\/sharkline.md\/ro\/shop\/imprimanta-cu-jet-de-cerneala-cu-caractere-mari-makro\/\"]}]},{\"@type\":\"BreadcrumbList\",\"@id\":\"https:\/\/sharkline.md\/ro\/shop\/imprimanta-cu-jet-de-cerneala-cu-caractere-mari-makro\/#breadcrumb\",\"itemListElement\":[{\"@type\":\"ListItem\",\"position\":1,\"name\":\"CATALOG\",\"item\":\"https:\/\/sharkline.md\/catalog\/\"},{\"@type\":\"ListItem\",\"position\":2,\"name\":\"Imprimant\u0103 cu jet de cerneal\u0103 cu caractere mari Makro\"}]},{\"@type\":\"WebSite\",\"@id\":\"https:\/\/sharkline.md\/#website\",\"url\":\"https:\/\/sharkline.md\/\",\"name\":\"Shark Line\",\"description\":\"Echipamente de Marcare, Etichetare, Imbuteliere\",\"potentialAction\":[{\"@type\":\"SearchAction\",\"target\":{\"@type\":\"EntryPoint\",\"urlTemplate\":\"https:\/\/sharkline.md\/?s={search_term_string}\"},\"query-input\":\"required name=search_term_string\"}],\"inLanguage\":\"ro-RO\"}]}<\/script>\n<!-- \/ Yoast SEO plugin. -->","yoast_head_json":{"title":"Imprimant\u0103 cu jet de cerneal\u0103 cu caractere mari Makro - Shark Line","robots":{"index":"index","follow":"follow","max-snippet":"max-snippet:-1","max-image-preview":"max-image-preview:large","max-video-preview":"max-video-preview:-1"},"canonical":"https:\/\/sharkline.md\/ro\/shop\/imprimanta-cu-jet-de-cerneala-cu-caractere-mari-makro\/","og_locale":"ro_RO","og_type":"article","og_title":"Imprimant\u0103 cu jet de cerneal\u0103 cu caractere mari Makro - Shark Line","og_description":"Imprimanta noastr\u0103 cu jet de cerneal\u0103 cu caractere mari Makro, este conceput\u0103 pentru marcarea diverselor materiale \u0219i tipuri de substraturi, cum ar fi \u021bevi, saci, \u021bes\u0103turi, folosind tehnologia electromagnetic\u0103.  Tehnologia de imprimare cu jet de cerneal\u0103 DOD ofer\u0103 posibilit\u0103\u021bi flexibile de ajustare, asigur\u00e2nd o calitate fiabil\u0103 a imprim\u0103rii cu costuri reduse datorit\u0103 rezisten\u021bei excelente \u0219i vitezei mari de imprimare.  Imprimanta noastr\u0103 cu jet de cerneal\u0103 DOD Makro are o vast\u0103 experien\u021b\u0103 \u00een rezolvarea celor mai complexe sarcini industriale \u0219i de ambalare. Toate modelele sunt echipate cu capete de imprimare potrivite pentru o gam\u0103 larg\u0103 de tipuri de cerneal\u0103, cum ar fi cerneal\u0103 pe baz\u0103 de ap\u0103, MEK, spirt \u0219i pigmen\u021bi. Sistemul Makro, care utilizeaz\u0103 tehnologia de imprimare cu jet de cerneal\u0103 Drop On Demand, este conceput s\u0103 func\u021bioneze \u00een condi\u021bii de mediu exigente, cum ar fi praf, umiditate, vibra\u021bii, temperaturi extreme \u0219i substan\u021be agresive.","og_url":"https:\/\/sharkline.md\/ro\/shop\/imprimanta-cu-jet-de-cerneala-cu-caractere-mari-makro\/","og_site_name":"Shark Line","article_modified_time":"2023-08-30T11:44:07+00:00","og_image":[{"width":677,"height":686,"url":"https:\/\/sharkline.md\/wp-content\/uploads\/2023\/08\/macro001.jpg","type":"image\/jpeg"}],"twitter_card":"summary_large_image","twitter_misc":{"Timp estimat pentru citire":"1 minut"},"schema":{"@context":"https:\/\/schema.org","@graph":[{"@type":"WebPage","@id":"https:\/\/sharkline.md\/ro\/shop\/imprimanta-cu-jet-de-cerneala-cu-caractere-mari-makro\/","url":"https:\/\/sharkline.md\/ro\/shop\/imprimanta-cu-jet-de-cerneala-cu-caractere-mari-makro\/","name":"Imprimant\u0103 cu jet de cerneal\u0103 cu caractere mari Makro - Shark Line","isPartOf":{"@id":"https:\/\/sharkline.md\/#website"},"datePublished":"2023-08-28T18:42:59+00:00","dateModified":"2023-08-30T11:44:07+00:00","breadcrumb":{"@id":"https:\/\/sharkline.md\/ro\/shop\/imprimanta-cu-jet-de-cerneala-cu-caractere-mari-makro\/#breadcrumb"},"inLanguage":"ro-RO","potentialAction":[{"@type":"ReadAction","target":["https:\/\/sharkline.md\/ro\/shop\/imprimanta-cu-jet-de-cerneala-cu-caractere-mari-makro\/"]}]},{"@type":"BreadcrumbList","@id":"https:\/\/sharkline.md\/ro\/shop\/imprimanta-cu-jet-de-cerneala-cu-caractere-mari-makro\/#breadcrumb","itemListElement":[{"@type":"ListItem","position":1,"name":"CATALOG","item":"https:\/\/sharkline.md\/catalog\/"},{"@type":"ListItem","position":2,"name":"Imprimant\u0103 cu jet de cerneal\u0103 cu caractere mari Makro"}]},{"@type":"WebSite","@id":"https:\/\/sharkline.md\/#website","url":"https:\/\/sharkline.md\/","name":"Shark Line","description":"Echipamente de Marcare, Etichetare, Imbuteliere","potentialAction":[{"@type":"SearchAction","target":{"@type":"EntryPoint","urlTemplate":"https:\/\/sharkline.md\/?s={search_term_string}"},"query-input":"required name=search_term_string"}],"inLanguage":"ro-RO"}]}},"_links":{"self":[{"href":"https:\/\/sharkline.md\/ro\/wp-json\/wp\/v2\/product\/1091","targetHints":{"allow":["GET"]}}],"collection":[{"href":"https:\/\/sharkline.md\/ro\/wp-json\/wp\/v2\/product"}],"about":[{"href":"https:\/\/sharkline.md\/ro\/wp-json\/wp\/v2\/types\/product"}],"replies":[{"embeddable":true,"href":"https:\/\/sharkline.md\/ro\/wp-json\/wp\/v2\/comments?post=1091"}],"wp:featuredmedia":[{"embeddable":true,"href":"https:\/\/sharkline.md\/ro\/wp-json\/wp\/v2\/media\/1083"}],"wp:attachment":[{"href":"https:\/\/sharkline.md\/ro\/wp-json\/wp\/v2\/media?parent=1091"}],"wp:term":[{"taxonomy":"product_cat","embeddable":true,"href":"https:\/\/sharkline.md\/ro\/wp-json\/wp\/v2\/product_cat?post=1091"},{"taxonomy":"product_tag","embeddable":true,"href":"https:\/\/sharkline.md\/ro\/wp-json\/wp\/v2\/product_tag?post=1091"}],"curies":[{"name":"wp","href":"https:\/\/api.w.org\/{rel}","templated":true}]}}