{"id":1136,"date":"2023-08-28T23:10:33","date_gmt":"2023-08-28T20:13:58","guid":{"rendered":"https:\/\/sharkline.md\/?post_type=product&#038;p=1136"},"modified":"2023-09-03T14:47:17","modified_gmt":"2023-09-03T11:47:17","slug":"cartuse-pentru-imprimante-cu-jet-de-cerneala","status":"publish","type":"product","link":"https:\/\/sharkline.md\/ro\/shop\/cartuse-pentru-imprimante-cu-jet-de-cerneala\/","title":{"rendered":"Cartu\u0219e pentru imprimante cu jet de cerneal\u0103"},"content":{"rendered":"","protected":false},"excerpt":{"rendered":"<p>Putem furniza o gam\u0103 complet\u0103 de cartu\u0219e de cerneal\u0103 pentru toate tipurile de aplica\u021bii, inclusiv cerneal\u0103 pe baz\u0103 de solven\u021bi pentru materialele \u00eentunecate \u0219i neabsorbante (folie, capace etc.).<\/p>\n","protected":false},"featured_media":1129,"comment_status":"closed","ping_status":"closed","template":"","meta":[],"product_cat":[53],"product_tag":[],"class_list":["post-1136","product","type-product","status-publish","has-post-thumbnail","hentry","product_cat-consumabile"],"yoast_head":"<!-- This site is optimized with the Yoast SEO plugin v20.11 - https:\/\/yoast.com\/wordpress\/plugins\/seo\/ -->\n<title>Cartu\u0219e pentru imprimante cu jet de cerneal\u0103 - Shark Line<\/title>\n<meta name=\"robots\" content=\"index, follow, max-snippet:-1, max-image-preview:large, max-video-preview:-1\" \/>\n<link rel=\"canonical\" href=\"https:\/\/sharkline.md\/ro\/shop\/cartuse-pentru-imprimante-cu-jet-de-cerneala\/\" \/>\n<meta property=\"og:locale\" content=\"ro_RO\" \/>\n<meta property=\"og:type\" content=\"article\" \/>\n<meta property=\"og:title\" content=\"Cartu\u0219e pentru imprimante cu jet de cerneal\u0103 - Shark Line\" \/>\n<meta property=\"og:description\" content=\"Putem furniza o gam\u0103 complet\u0103 de cartu\u0219e de cerneal\u0103 pentru toate tipurile de aplica\u021bii, inclusiv cerneal\u0103 pe baz\u0103 de solven\u021bi pentru materialele \u00eentunecate \u0219i neabsorbante (folie, capace etc.).\" \/>\n<meta property=\"og:url\" content=\"https:\/\/sharkline.md\/ro\/shop\/cartuse-pentru-imprimante-cu-jet-de-cerneala\/\" \/>\n<meta property=\"og:site_name\" content=\"Shark Line\" \/>\n<meta property=\"article:modified_time\" content=\"2023-09-03T11:47:17+00:00\" \/>\n<meta property=\"og:image\" content=\"https:\/\/sharkline.md\/wp-content\/uploads\/2023\/08\/Bez-nazvaniya.jpg\" \/>\n\t<meta property=\"og:image:width\" content=\"266\" \/>\n\t<meta property=\"og:image:height\" content=\"189\" \/>\n\t<meta property=\"og:image:type\" content=\"image\/jpeg\" \/>\n<meta name=\"twitter:card\" content=\"summary_large_image\" \/>\n<script type=\"application\/ld+json\" class=\"yoast-schema-graph\">{\"@context\":\"https:\/\/schema.org\",\"@graph\":[{\"@type\":\"WebPage\",\"@id\":\"https:\/\/sharkline.md\/ro\/shop\/cartuse-pentru-imprimante-cu-jet-de-cerneala\/\",\"url\":\"https:\/\/sharkline.md\/ro\/shop\/cartuse-pentru-imprimante-cu-jet-de-cerneala\/\",\"name\":\"Cartu\u0219e pentru imprimante cu jet de cerneal\u0103 - Shark Line\",\"isPartOf\":{\"@id\":\"https:\/\/sharkline.md\/#website\"},\"datePublished\":\"2023-08-28T20:13:58+00:00\",\"dateModified\":\"2023-09-03T11:47:17+00:00\",\"breadcrumb\":{\"@id\":\"https:\/\/sharkline.md\/ro\/shop\/cartuse-pentru-imprimante-cu-jet-de-cerneala\/#breadcrumb\"},\"inLanguage\":\"ro-RO\",\"potentialAction\":[{\"@type\":\"ReadAction\",\"target\":[\"https:\/\/sharkline.md\/ro\/shop\/cartuse-pentru-imprimante-cu-jet-de-cerneala\/\"]}]},{\"@type\":\"BreadcrumbList\",\"@id\":\"https:\/\/sharkline.md\/ro\/shop\/cartuse-pentru-imprimante-cu-jet-de-cerneala\/#breadcrumb\",\"itemListElement\":[{\"@type\":\"ListItem\",\"position\":1,\"name\":\"CATALOG\",\"item\":\"https:\/\/sharkline.md\/catalog\/\"},{\"@type\":\"ListItem\",\"position\":2,\"name\":\"Cartu\u0219e pentru imprimante cu jet de cerneal\u0103\"}]},{\"@type\":\"WebSite\",\"@id\":\"https:\/\/sharkline.md\/#website\",\"url\":\"https:\/\/sharkline.md\/\",\"name\":\"Shark Line\",\"description\":\"Echipamente de Marcare, Etichetare, Imbuteliere\",\"potentialAction\":[{\"@type\":\"SearchAction\",\"target\":{\"@type\":\"EntryPoint\",\"urlTemplate\":\"https:\/\/sharkline.md\/?s={search_term_string}\"},\"query-input\":\"required name=search_term_string\"}],\"inLanguage\":\"ro-RO\"}]}<\/script>\n<!-- \/ Yoast SEO plugin. -->","yoast_head_json":{"title":"Cartu\u0219e pentru imprimante cu jet de cerneal\u0103 - Shark Line","robots":{"index":"index","follow":"follow","max-snippet":"max-snippet:-1","max-image-preview":"max-image-preview:large","max-video-preview":"max-video-preview:-1"},"canonical":"https:\/\/sharkline.md\/ro\/shop\/cartuse-pentru-imprimante-cu-jet-de-cerneala\/","og_locale":"ro_RO","og_type":"article","og_title":"Cartu\u0219e pentru imprimante cu jet de cerneal\u0103 - Shark Line","og_description":"Putem furniza o gam\u0103 complet\u0103 de cartu\u0219e de cerneal\u0103 pentru toate tipurile de aplica\u021bii, inclusiv cerneal\u0103 pe baz\u0103 de solven\u021bi pentru materialele \u00eentunecate \u0219i neabsorbante (folie, capace etc.).","og_url":"https:\/\/sharkline.md\/ro\/shop\/cartuse-pentru-imprimante-cu-jet-de-cerneala\/","og_site_name":"Shark Line","article_modified_time":"2023-09-03T11:47:17+00:00","og_image":[{"width":266,"height":189,"url":"https:\/\/sharkline.md\/wp-content\/uploads\/2023\/08\/Bez-nazvaniya.jpg","type":"image\/jpeg"}],"twitter_card":"summary_large_image","schema":{"@context":"https:\/\/schema.org","@graph":[{"@type":"WebPage","@id":"https:\/\/sharkline.md\/ro\/shop\/cartuse-pentru-imprimante-cu-jet-de-cerneala\/","url":"https:\/\/sharkline.md\/ro\/shop\/cartuse-pentru-imprimante-cu-jet-de-cerneala\/","name":"Cartu\u0219e pentru imprimante cu jet de cerneal\u0103 - Shark Line","isPartOf":{"@id":"https:\/\/sharkline.md\/#website"},"datePublished":"2023-08-28T20:13:58+00:00","dateModified":"2023-09-03T11:47:17+00:00","breadcrumb":{"@id":"https:\/\/sharkline.md\/ro\/shop\/cartuse-pentru-imprimante-cu-jet-de-cerneala\/#breadcrumb"},"inLanguage":"ro-RO","potentialAction":[{"@type":"ReadAction","target":["https:\/\/sharkline.md\/ro\/shop\/cartuse-pentru-imprimante-cu-jet-de-cerneala\/"]}]},{"@type":"BreadcrumbList","@id":"https:\/\/sharkline.md\/ro\/shop\/cartuse-pentru-imprimante-cu-jet-de-cerneala\/#breadcrumb","itemListElement":[{"@type":"ListItem","position":1,"name":"CATALOG","item":"https:\/\/sharkline.md\/catalog\/"},{"@type":"ListItem","position":2,"name":"Cartu\u0219e pentru imprimante cu jet de cerneal\u0103"}]},{"@type":"WebSite","@id":"https:\/\/sharkline.md\/#website","url":"https:\/\/sharkline.md\/","name":"Shark Line","description":"Echipamente de Marcare, Etichetare, Imbuteliere","potentialAction":[{"@type":"SearchAction","target":{"@type":"EntryPoint","urlTemplate":"https:\/\/sharkline.md\/?s={search_term_string}"},"query-input":"required name=search_term_string"}],"inLanguage":"ro-RO"}]}},"_links":{"self":[{"href":"https:\/\/sharkline.md\/ro\/wp-json\/wp\/v2\/product\/1136","targetHints":{"allow":["GET"]}}],"collection":[{"href":"https:\/\/sharkline.md\/ro\/wp-json\/wp\/v2\/product"}],"about":[{"href":"https:\/\/sharkline.md\/ro\/wp-json\/wp\/v2\/types\/product"}],"replies":[{"embeddable":true,"href":"https:\/\/sharkline.md\/ro\/wp-json\/wp\/v2\/comments?post=1136"}],"wp:featuredmedia":[{"embeddable":true,"href":"https:\/\/sharkline.md\/ro\/wp-json\/wp\/v2\/media\/1129"}],"wp:attachment":[{"href":"https:\/\/sharkline.md\/ro\/wp-json\/wp\/v2\/media?parent=1136"}],"wp:term":[{"taxonomy":"product_cat","embeddable":true,"href":"https:\/\/sharkline.md\/ro\/wp-json\/wp\/v2\/product_cat?post=1136"},{"taxonomy":"product_tag","embeddable":true,"href":"https:\/\/sharkline.md\/ro\/wp-json\/wp\/v2\/product_tag?post=1136"}],"curies":[{"name":"wp","href":"https:\/\/api.w.org\/{rel}","templated":true}]}}