{"id":1170,"date":"2023-08-28T23:48:55","date_gmt":"2023-08-28T20:52:28","guid":{"rendered":"https:\/\/sharkline.md\/?post_type=product&#038;p=1170"},"modified":"2023-08-29T22:52:25","modified_gmt":"2023-08-29T19:52:25","slug":"imprimanta-cu-transfer-termic-digi","status":"publish","type":"product","link":"https:\/\/sharkline.md\/ro\/shop\/imprimanta-cu-transfer-termic-digi\/","title":{"rendered":"Imprimant\u0103 cu transfer termic Digi"},"content":{"rendered":"","protected":false},"excerpt":{"rendered":"<p>Imprimantele cu transfer termic Digi, performante \u0219i multifunc\u021bionale, aplic\u0103 grafic\u0103 \u0219i informa\u021bii alfanumerice constante \u0219i variabile. Aceste imprimante sunt ideale pentru imprimarea codurilor de bare, a datelor \u00een timp real, a termenelor de valabilitate, a numerelor de lot, a pre\u021burilor, a denumirilor de surse de aprovizionare, etc. Prin intermediul diverselor monturi, imprimanta poate fi integrat\u0103 \u00een liniile de produc\u021bie, cum ar fi ma\u0219inile de ambalare continu\u0103 vertical\u0103 sau orizontal\u0103, \u00een sistemele de etichetare.<\/p>\n<p>Avantajul const\u0103 \u00een faptul c\u0103 nu este necesar s\u0103 utiliza\u021bi matrici \u0219i cifre pentru datatoare \u0219i s\u0103 le schimba\u021bi de fiecare dat\u0103. Introduce\u021bi informa\u021bia care v\u0103 intereseaz\u0103 \u0219i lucra\u021bi. Este foarte u\u0219or \u0219i convenabil de utilizat. Func\u021bioneaz\u0103 prin intermediul unei aplica\u021bii pe telefon.<\/p>\n<p><strong>Dimensiunea de imprimare: <\/strong><\/p>\n<p>L\u0103\u021bime: 24 mm<\/p>\n<p>\u00cen\u0103l\u021bime: 12 mm<\/p>\n","protected":false},"featured_media":1166,"comment_status":"closed","ping_status":"closed","template":"","meta":[],"product_cat":[54],"product_tag":[],"class_list":["post-1170","product","type-product","status-publish","has-post-thumbnail","hentry","product_cat-marcaj-termic"],"yoast_head":"<!-- This site is optimized with the Yoast SEO plugin v20.11 - https:\/\/yoast.com\/wordpress\/plugins\/seo\/ -->\n<title>Imprimant\u0103 cu transfer termic Digi - Shark Line<\/title>\n<meta name=\"robots\" content=\"index, follow, max-snippet:-1, max-image-preview:large, max-video-preview:-1\" \/>\n<link rel=\"canonical\" href=\"https:\/\/sharkline.md\/ro\/shop\/imprimanta-cu-transfer-termic-digi\/\" \/>\n<meta property=\"og:locale\" content=\"ro_RO\" \/>\n<meta property=\"og:type\" content=\"article\" \/>\n<meta property=\"og:title\" content=\"Imprimant\u0103 cu transfer termic Digi - Shark Line\" \/>\n<meta property=\"og:description\" content=\"Imprimantele cu transfer termic Digi, performante \u0219i multifunc\u021bionale, aplic\u0103 grafic\u0103 \u0219i informa\u021bii alfanumerice constante \u0219i variabile. Aceste imprimante sunt ideale pentru imprimarea codurilor de bare, a datelor \u00een timp real, a termenelor de valabilitate, a numerelor de lot, a pre\u021burilor, a denumirilor de surse de aprovizionare, etc. Prin intermediul diverselor monturi, imprimanta poate fi integrat\u0103 \u00een liniile de produc\u021bie, cum ar fi ma\u0219inile de ambalare continu\u0103 vertical\u0103 sau orizontal\u0103, \u00een sistemele de etichetare.  Avantajul const\u0103 \u00een faptul c\u0103 nu este necesar s\u0103 utiliza\u021bi matrici \u0219i cifre pentru datatoare \u0219i s\u0103 le schimba\u021bi de fiecare dat\u0103. Introduce\u021bi informa\u021bia care v\u0103 intereseaz\u0103 \u0219i lucra\u021bi. Este foarte u\u0219or \u0219i convenabil de utilizat. Func\u021bioneaz\u0103 prin intermediul unei aplica\u021bii pe telefon.  Dimensiunea de imprimare:   L\u0103\u021bime: 24 mm  \u00cen\u0103l\u021bime: 12 mm\" \/>\n<meta property=\"og:url\" content=\"https:\/\/sharkline.md\/ro\/shop\/imprimanta-cu-transfer-termic-digi\/\" \/>\n<meta property=\"og:site_name\" content=\"Shark Line\" \/>\n<meta property=\"article:modified_time\" content=\"2023-08-29T19:52:25+00:00\" \/>\n<meta property=\"og:image\" content=\"https:\/\/sharkline.md\/wp-content\/uploads\/2023\/08\/izobrazhenie_viber_2023-08-16_12-16-06-856.jpg\" \/>\n\t<meta property=\"og:image:width\" content=\"880\" \/>\n\t<meta property=\"og:image:height\" content=\"880\" \/>\n\t<meta property=\"og:image:type\" content=\"image\/jpeg\" \/>\n<meta name=\"twitter:card\" content=\"summary_large_image\" \/>\n<script type=\"application\/ld+json\" class=\"yoast-schema-graph\">{\"@context\":\"https:\/\/schema.org\",\"@graph\":[{\"@type\":\"WebPage\",\"@id\":\"https:\/\/sharkline.md\/ro\/shop\/imprimanta-cu-transfer-termic-digi\/\",\"url\":\"https:\/\/sharkline.md\/ro\/shop\/imprimanta-cu-transfer-termic-digi\/\",\"name\":\"Imprimant\u0103 cu transfer termic Digi - Shark Line\",\"isPartOf\":{\"@id\":\"https:\/\/sharkline.md\/#website\"},\"datePublished\":\"2023-08-28T20:52:28+00:00\",\"dateModified\":\"2023-08-29T19:52:25+00:00\",\"breadcrumb\":{\"@id\":\"https:\/\/sharkline.md\/ro\/shop\/imprimanta-cu-transfer-termic-digi\/#breadcrumb\"},\"inLanguage\":\"ro-RO\",\"potentialAction\":[{\"@type\":\"ReadAction\",\"target\":[\"https:\/\/sharkline.md\/ro\/shop\/imprimanta-cu-transfer-termic-digi\/\"]}]},{\"@type\":\"BreadcrumbList\",\"@id\":\"https:\/\/sharkline.md\/ro\/shop\/imprimanta-cu-transfer-termic-digi\/#breadcrumb\",\"itemListElement\":[{\"@type\":\"ListItem\",\"position\":1,\"name\":\"CATALOG\",\"item\":\"https:\/\/sharkline.md\/catalog\/\"},{\"@type\":\"ListItem\",\"position\":2,\"name\":\"Imprimant\u0103 cu transfer termic Digi\"}]},{\"@type\":\"WebSite\",\"@id\":\"https:\/\/sharkline.md\/#website\",\"url\":\"https:\/\/sharkline.md\/\",\"name\":\"Shark Line\",\"description\":\"Echipamente de Marcare, Etichetare, Imbuteliere\",\"potentialAction\":[{\"@type\":\"SearchAction\",\"target\":{\"@type\":\"EntryPoint\",\"urlTemplate\":\"https:\/\/sharkline.md\/?s={search_term_string}\"},\"query-input\":\"required name=search_term_string\"}],\"inLanguage\":\"ro-RO\"}]}<\/script>\n<!-- \/ Yoast SEO plugin. -->","yoast_head_json":{"title":"Imprimant\u0103 cu transfer termic Digi - Shark Line","robots":{"index":"index","follow":"follow","max-snippet":"max-snippet:-1","max-image-preview":"max-image-preview:large","max-video-preview":"max-video-preview:-1"},"canonical":"https:\/\/sharkline.md\/ro\/shop\/imprimanta-cu-transfer-termic-digi\/","og_locale":"ro_RO","og_type":"article","og_title":"Imprimant\u0103 cu transfer termic Digi - Shark Line","og_description":"Imprimantele cu transfer termic Digi, performante \u0219i multifunc\u021bionale, aplic\u0103 grafic\u0103 \u0219i informa\u021bii alfanumerice constante \u0219i variabile. Aceste imprimante sunt ideale pentru imprimarea codurilor de bare, a datelor \u00een timp real, a termenelor de valabilitate, a numerelor de lot, a pre\u021burilor, a denumirilor de surse de aprovizionare, etc. Prin intermediul diverselor monturi, imprimanta poate fi integrat\u0103 \u00een liniile de produc\u021bie, cum ar fi ma\u0219inile de ambalare continu\u0103 vertical\u0103 sau orizontal\u0103, \u00een sistemele de etichetare.  Avantajul const\u0103 \u00een faptul c\u0103 nu este necesar s\u0103 utiliza\u021bi matrici \u0219i cifre pentru datatoare \u0219i s\u0103 le schimba\u021bi de fiecare dat\u0103. Introduce\u021bi informa\u021bia care v\u0103 intereseaz\u0103 \u0219i lucra\u021bi. Este foarte u\u0219or \u0219i convenabil de utilizat. Func\u021bioneaz\u0103 prin intermediul unei aplica\u021bii pe telefon.  Dimensiunea de imprimare:   L\u0103\u021bime: 24 mm  \u00cen\u0103l\u021bime: 12 mm","og_url":"https:\/\/sharkline.md\/ro\/shop\/imprimanta-cu-transfer-termic-digi\/","og_site_name":"Shark Line","article_modified_time":"2023-08-29T19:52:25+00:00","og_image":[{"width":880,"height":880,"url":"https:\/\/sharkline.md\/wp-content\/uploads\/2023\/08\/izobrazhenie_viber_2023-08-16_12-16-06-856.jpg","type":"image\/jpeg"}],"twitter_card":"summary_large_image","schema":{"@context":"https:\/\/schema.org","@graph":[{"@type":"WebPage","@id":"https:\/\/sharkline.md\/ro\/shop\/imprimanta-cu-transfer-termic-digi\/","url":"https:\/\/sharkline.md\/ro\/shop\/imprimanta-cu-transfer-termic-digi\/","name":"Imprimant\u0103 cu transfer termic Digi - Shark Line","isPartOf":{"@id":"https:\/\/sharkline.md\/#website"},"datePublished":"2023-08-28T20:52:28+00:00","dateModified":"2023-08-29T19:52:25+00:00","breadcrumb":{"@id":"https:\/\/sharkline.md\/ro\/shop\/imprimanta-cu-transfer-termic-digi\/#breadcrumb"},"inLanguage":"ro-RO","potentialAction":[{"@type":"ReadAction","target":["https:\/\/sharkline.md\/ro\/shop\/imprimanta-cu-transfer-termic-digi\/"]}]},{"@type":"BreadcrumbList","@id":"https:\/\/sharkline.md\/ro\/shop\/imprimanta-cu-transfer-termic-digi\/#breadcrumb","itemListElement":[{"@type":"ListItem","position":1,"name":"CATALOG","item":"https:\/\/sharkline.md\/catalog\/"},{"@type":"ListItem","position":2,"name":"Imprimant\u0103 cu transfer termic Digi"}]},{"@type":"WebSite","@id":"https:\/\/sharkline.md\/#website","url":"https:\/\/sharkline.md\/","name":"Shark Line","description":"Echipamente de Marcare, Etichetare, Imbuteliere","potentialAction":[{"@type":"SearchAction","target":{"@type":"EntryPoint","urlTemplate":"https:\/\/sharkline.md\/?s={search_term_string}"},"query-input":"required name=search_term_string"}],"inLanguage":"ro-RO"}]}},"_links":{"self":[{"href":"https:\/\/sharkline.md\/ro\/wp-json\/wp\/v2\/product\/1170","targetHints":{"allow":["GET"]}}],"collection":[{"href":"https:\/\/sharkline.md\/ro\/wp-json\/wp\/v2\/product"}],"about":[{"href":"https:\/\/sharkline.md\/ro\/wp-json\/wp\/v2\/types\/product"}],"replies":[{"embeddable":true,"href":"https:\/\/sharkline.md\/ro\/wp-json\/wp\/v2\/comments?post=1170"}],"wp:featuredmedia":[{"embeddable":true,"href":"https:\/\/sharkline.md\/ro\/wp-json\/wp\/v2\/media\/1166"}],"wp:attachment":[{"href":"https:\/\/sharkline.md\/ro\/wp-json\/wp\/v2\/media?parent=1170"}],"wp:term":[{"taxonomy":"product_cat","embeddable":true,"href":"https:\/\/sharkline.md\/ro\/wp-json\/wp\/v2\/product_cat?post=1170"},{"taxonomy":"product_tag","embeddable":true,"href":"https:\/\/sharkline.md\/ro\/wp-json\/wp\/v2\/product_tag?post=1170"}],"curies":[{"name":"wp","href":"https:\/\/api.w.org\/{rel}","templated":true}]}}