{"id":1179,"date":"2023-08-28T23:57:34","date_gmt":"2023-08-28T21:02:34","guid":{"rendered":"https:\/\/sharkline.md\/?post_type=product&#038;p=1179"},"modified":"2023-08-29T22:57:19","modified_gmt":"2023-08-29T19:57:19","slug":"etichetator-semiautomat-bottlelabeler","status":"publish","type":"product","link":"https:\/\/sharkline.md\/ro\/shop\/etichetator-semiautomat-bottlelabeler\/","title":{"rendered":"Etichetator semiautomat BottleLabeler"},"content":{"rendered":"<table>\n<tbody>\n<tr>\n<td colspan=\"2\">Caracteristici tehnice<\/td>\n<\/tr>\n<tr>\n<td>Diametru al recipientului:<\/td>\n<td>de la 40 la 150 mm<\/td>\n<\/tr>\n<tr>\n<td>Lungimea etichetei:<\/td>\n<td>de la 15 la 315 mm<\/td>\n<\/tr>\n<tr>\n<td>L\u0103\u021bimea etichetei:<\/td>\n<td>\u00a0de la 8 la 150 mm<\/td>\n<\/tr>\n<tr>\n<td>Vitez\u0103 (depinde de diametrul sticlei):<\/td>\n<td>de la 400 la 900 de sticle pe or\u0103<\/td>\n<\/tr>\n<tr>\n<td>Diametru extern al rolei:<\/td>\n<td>250 mm<\/td>\n<\/tr>\n<tr>\n<td>Diametru intern al rolei:<\/td>\n<td>76 mm<\/td>\n<\/tr>\n<tr>\n<td>Alimentare:<\/td>\n<td>220V, 50Hz, 120W<\/td>\n<\/tr>\n<tr>\n<td>Dimensiuni (L<em>l<\/em>H):<\/td>\n<td>65*45*45 c\u043c<\/td>\n<\/tr>\n<\/tbody>\n<\/table>\n","protected":false},"excerpt":{"rendered":"<p>Ma\u0219ina de etichetat pentru sticle rotunde BottleLabeler. Aceasta este conceput\u0103 pentru aplicarea semnelor autocolante pe produse \u00een mod semiautomat, cu o vitez\u0103 de 400-900 de sticle pe or\u0103. Se distinge prin viteza ridicat\u0103 a separatorului \u0219i aplicatorului de etichete.<\/p>\n","protected":false},"featured_media":1174,"comment_status":"closed","ping_status":"closed","template":"","meta":[],"product_cat":[55],"product_tag":[],"class_list":["post-1179","product","type-product","status-publish","has-post-thumbnail","hentry","product_cat-echipamente-de-etichetare"],"yoast_head":"<!-- This site is optimized with the Yoast SEO plugin v20.11 - https:\/\/yoast.com\/wordpress\/plugins\/seo\/ -->\n<title>Etichetator semiautomat BottleLabeler - Shark Line<\/title>\n<meta name=\"robots\" content=\"index, follow, max-snippet:-1, max-image-preview:large, max-video-preview:-1\" \/>\n<link rel=\"canonical\" href=\"https:\/\/sharkline.md\/ro\/shop\/etichetator-semiautomat-bottlelabeler\/\" \/>\n<meta property=\"og:locale\" content=\"ro_RO\" \/>\n<meta property=\"og:type\" content=\"article\" \/>\n<meta property=\"og:title\" content=\"Etichetator semiautomat BottleLabeler - Shark Line\" \/>\n<meta property=\"og:description\" content=\"Ma\u0219ina de etichetat pentru sticle rotunde BottleLabeler. Aceasta este conceput\u0103 pentru aplicarea semnelor autocolante pe produse \u00een mod semiautomat, cu o vitez\u0103 de 400-900 de sticle pe or\u0103. Se distinge prin viteza ridicat\u0103 a separatorului \u0219i aplicatorului de etichete.\" \/>\n<meta property=\"og:url\" content=\"https:\/\/sharkline.md\/ro\/shop\/etichetator-semiautomat-bottlelabeler\/\" \/>\n<meta property=\"og:site_name\" content=\"Shark Line\" \/>\n<meta property=\"article:modified_time\" content=\"2023-08-29T19:57:19+00:00\" \/>\n<meta property=\"og:image\" content=\"https:\/\/sharkline.md\/wp-content\/uploads\/2023\/08\/bottlelabeler-2.png\" \/>\n\t<meta property=\"og:image:width\" content=\"800\" \/>\n\t<meta property=\"og:image:height\" content=\"754\" \/>\n\t<meta property=\"og:image:type\" content=\"image\/png\" \/>\n<meta name=\"twitter:card\" content=\"summary_large_image\" \/>\n<meta name=\"twitter:label1\" content=\"Timp estimat pentru citire\" \/>\n\t<meta name=\"twitter:data1\" content=\"1 minut\" \/>\n<script type=\"application\/ld+json\" class=\"yoast-schema-graph\">{\"@context\":\"https:\/\/schema.org\",\"@graph\":[{\"@type\":\"WebPage\",\"@id\":\"https:\/\/sharkline.md\/ro\/shop\/etichetator-semiautomat-bottlelabeler\/\",\"url\":\"https:\/\/sharkline.md\/ro\/shop\/etichetator-semiautomat-bottlelabeler\/\",\"name\":\"Etichetator semiautomat BottleLabeler - Shark Line\",\"isPartOf\":{\"@id\":\"https:\/\/sharkline.md\/#website\"},\"datePublished\":\"2023-08-28T21:02:34+00:00\",\"dateModified\":\"2023-08-29T19:57:19+00:00\",\"breadcrumb\":{\"@id\":\"https:\/\/sharkline.md\/ro\/shop\/etichetator-semiautomat-bottlelabeler\/#breadcrumb\"},\"inLanguage\":\"ro-RO\",\"potentialAction\":[{\"@type\":\"ReadAction\",\"target\":[\"https:\/\/sharkline.md\/ro\/shop\/etichetator-semiautomat-bottlelabeler\/\"]}]},{\"@type\":\"BreadcrumbList\",\"@id\":\"https:\/\/sharkline.md\/ro\/shop\/etichetator-semiautomat-bottlelabeler\/#breadcrumb\",\"itemListElement\":[{\"@type\":\"ListItem\",\"position\":1,\"name\":\"CATALOG\",\"item\":\"https:\/\/sharkline.md\/catalog\/\"},{\"@type\":\"ListItem\",\"position\":2,\"name\":\"Etichetator semiautomat BottleLabeler\"}]},{\"@type\":\"WebSite\",\"@id\":\"https:\/\/sharkline.md\/#website\",\"url\":\"https:\/\/sharkline.md\/\",\"name\":\"Shark Line\",\"description\":\"Echipamente de Marcare, Etichetare, Imbuteliere\",\"potentialAction\":[{\"@type\":\"SearchAction\",\"target\":{\"@type\":\"EntryPoint\",\"urlTemplate\":\"https:\/\/sharkline.md\/?s={search_term_string}\"},\"query-input\":\"required name=search_term_string\"}],\"inLanguage\":\"ro-RO\"}]}<\/script>\n<!-- \/ Yoast SEO plugin. -->","yoast_head_json":{"title":"Etichetator semiautomat BottleLabeler - Shark Line","robots":{"index":"index","follow":"follow","max-snippet":"max-snippet:-1","max-image-preview":"max-image-preview:large","max-video-preview":"max-video-preview:-1"},"canonical":"https:\/\/sharkline.md\/ro\/shop\/etichetator-semiautomat-bottlelabeler\/","og_locale":"ro_RO","og_type":"article","og_title":"Etichetator semiautomat BottleLabeler - Shark Line","og_description":"Ma\u0219ina de etichetat pentru sticle rotunde BottleLabeler. Aceasta este conceput\u0103 pentru aplicarea semnelor autocolante pe produse \u00een mod semiautomat, cu o vitez\u0103 de 400-900 de sticle pe or\u0103. Se distinge prin viteza ridicat\u0103 a separatorului \u0219i aplicatorului de etichete.","og_url":"https:\/\/sharkline.md\/ro\/shop\/etichetator-semiautomat-bottlelabeler\/","og_site_name":"Shark Line","article_modified_time":"2023-08-29T19:57:19+00:00","og_image":[{"width":800,"height":754,"url":"https:\/\/sharkline.md\/wp-content\/uploads\/2023\/08\/bottlelabeler-2.png","type":"image\/png"}],"twitter_card":"summary_large_image","twitter_misc":{"Timp estimat pentru citire":"1 minut"},"schema":{"@context":"https:\/\/schema.org","@graph":[{"@type":"WebPage","@id":"https:\/\/sharkline.md\/ro\/shop\/etichetator-semiautomat-bottlelabeler\/","url":"https:\/\/sharkline.md\/ro\/shop\/etichetator-semiautomat-bottlelabeler\/","name":"Etichetator semiautomat BottleLabeler - Shark Line","isPartOf":{"@id":"https:\/\/sharkline.md\/#website"},"datePublished":"2023-08-28T21:02:34+00:00","dateModified":"2023-08-29T19:57:19+00:00","breadcrumb":{"@id":"https:\/\/sharkline.md\/ro\/shop\/etichetator-semiautomat-bottlelabeler\/#breadcrumb"},"inLanguage":"ro-RO","potentialAction":[{"@type":"ReadAction","target":["https:\/\/sharkline.md\/ro\/shop\/etichetator-semiautomat-bottlelabeler\/"]}]},{"@type":"BreadcrumbList","@id":"https:\/\/sharkline.md\/ro\/shop\/etichetator-semiautomat-bottlelabeler\/#breadcrumb","itemListElement":[{"@type":"ListItem","position":1,"name":"CATALOG","item":"https:\/\/sharkline.md\/catalog\/"},{"@type":"ListItem","position":2,"name":"Etichetator semiautomat BottleLabeler"}]},{"@type":"WebSite","@id":"https:\/\/sharkline.md\/#website","url":"https:\/\/sharkline.md\/","name":"Shark Line","description":"Echipamente de Marcare, Etichetare, Imbuteliere","potentialAction":[{"@type":"SearchAction","target":{"@type":"EntryPoint","urlTemplate":"https:\/\/sharkline.md\/?s={search_term_string}"},"query-input":"required name=search_term_string"}],"inLanguage":"ro-RO"}]}},"_links":{"self":[{"href":"https:\/\/sharkline.md\/ro\/wp-json\/wp\/v2\/product\/1179","targetHints":{"allow":["GET"]}}],"collection":[{"href":"https:\/\/sharkline.md\/ro\/wp-json\/wp\/v2\/product"}],"about":[{"href":"https:\/\/sharkline.md\/ro\/wp-json\/wp\/v2\/types\/product"}],"replies":[{"embeddable":true,"href":"https:\/\/sharkline.md\/ro\/wp-json\/wp\/v2\/comments?post=1179"}],"wp:featuredmedia":[{"embeddable":true,"href":"https:\/\/sharkline.md\/ro\/wp-json\/wp\/v2\/media\/1174"}],"wp:attachment":[{"href":"https:\/\/sharkline.md\/ro\/wp-json\/wp\/v2\/media?parent=1179"}],"wp:term":[{"taxonomy":"product_cat","embeddable":true,"href":"https:\/\/sharkline.md\/ro\/wp-json\/wp\/v2\/product_cat?post=1179"},{"taxonomy":"product_tag","embeddable":true,"href":"https:\/\/sharkline.md\/ro\/wp-json\/wp\/v2\/product_tag?post=1179"}],"curies":[{"name":"wp","href":"https:\/\/api.w.org\/{rel}","templated":true}]}}