{"id":679,"date":"2022-01-18T15:29:16","date_gmt":"2022-01-18T12:29:16","guid":{"rendered":"https:\/\/sharkline.md\/shop\/ink-rollers\/"},"modified":"2023-08-28T23:36:33","modified_gmt":"2023-08-28T20:36:33","slug":"role-de-cerneala","status":"publish","type":"product","link":"https:\/\/sharkline.md\/ro\/shop\/role-de-cerneala\/","title":{"rendered":"Role de cerneal\u0103"},"content":{"rendered":"","protected":false},"excerpt":{"rendered":"<p>Rolele de cerneal\u0103 (role de colorat) sunt dezvoltate special pentru a intra \u00een contact cu cerneala uscat\u0103 cald\u0103 prin intermediul literelor pentru suprafe\u021be precum ambalaje flexibile, folie, carton, diverse tipuri de etichete din h\u00e2rtie \u0219i alte materiale. Rolele sunt utilizate pentru transferul datelor de expirare, datei de produc\u021bie \u0219i a altor informa\u021bii variabile pe produse.<\/p>\n<p>Marcajul ob\u021binut prin utilizarea rolelor de cerneal\u0103 are o structur\u0103 de calitate, se usuc\u0103 instantaneu \u0219i rezist\u0103 bine la uzura mecanic\u0103. Culoare: negru.<\/p>\n<p>**Momentan, avem \u00een stoc urm\u0103toarele dimensiuni:<\/p>\n<ul>\n<li>Rola de cerneal\u0103 cald\u0103 36*32mm<\/li>\n<\/ul>\n<p>O gam\u0103 variat\u0103 de dimensiuni este disponibil\u0103 la comand\u0103!<\/p>\n","protected":false},"featured_media":356,"comment_status":"closed","ping_status":"closed","template":"","meta":[],"product_cat":[53],"product_tag":[],"class_list":["post-679","product","type-product","status-publish","has-post-thumbnail","hentry","product_cat-consumabile"],"yoast_head":"<!-- This site is optimized with the Yoast SEO plugin v20.11 - https:\/\/yoast.com\/wordpress\/plugins\/seo\/ -->\n<title>Role de cerneal\u0103 - Shark Line<\/title>\n<meta name=\"robots\" content=\"index, follow, max-snippet:-1, max-image-preview:large, max-video-preview:-1\" \/>\n<link rel=\"canonical\" href=\"https:\/\/sharkline.md\/ro\/shop\/role-de-cerneala\/\" \/>\n<meta property=\"og:locale\" content=\"ro_RO\" \/>\n<meta property=\"og:type\" content=\"article\" \/>\n<meta property=\"og:title\" content=\"Role de cerneal\u0103 - Shark Line\" \/>\n<meta property=\"og:description\" content=\"Rolele de cerneal\u0103 (role de colorat) sunt dezvoltate special pentru a intra \u00een contact cu cerneala uscat\u0103 cald\u0103 prin intermediul literelor pentru suprafe\u021be precum ambalaje flexibile, folie, carton, diverse tipuri de etichete din h\u00e2rtie \u0219i alte materiale. Rolele sunt utilizate pentru transferul datelor de expirare, datei de produc\u021bie \u0219i a altor informa\u021bii variabile pe produse.  Marcajul ob\u021binut prin utilizarea rolelor de cerneal\u0103 are o structur\u0103 de calitate, se usuc\u0103 instantaneu \u0219i rezist\u0103 bine la uzura mecanic\u0103. Culoare: negru.  **Momentan, avem \u00een stoc urm\u0103toarele dimensiuni:   Rola de cerneal\u0103 cald\u0103 36*32mm  O gam\u0103 variat\u0103 de dimensiuni este disponibil\u0103 la comand\u0103!\" \/>\n<meta property=\"og:url\" content=\"https:\/\/sharkline.md\/ro\/shop\/role-de-cerneala\/\" \/>\n<meta property=\"og:site_name\" content=\"Shark Line\" \/>\n<meta property=\"article:modified_time\" content=\"2023-08-28T20:36:33+00:00\" \/>\n<meta property=\"og:image\" content=\"https:\/\/sharkline.md\/wp-content\/uploads\/2022\/01\/5-1.jpg\" \/>\n\t<meta property=\"og:image:width\" content=\"1000\" \/>\n\t<meta property=\"og:image:height\" content=\"1000\" \/>\n\t<meta property=\"og:image:type\" content=\"image\/jpeg\" \/>\n<meta name=\"twitter:card\" content=\"summary_large_image\" \/>\n<script type=\"application\/ld+json\" class=\"yoast-schema-graph\">{\"@context\":\"https:\/\/schema.org\",\"@graph\":[{\"@type\":\"WebPage\",\"@id\":\"https:\/\/sharkline.md\/ro\/shop\/role-de-cerneala\/\",\"url\":\"https:\/\/sharkline.md\/ro\/shop\/role-de-cerneala\/\",\"name\":\"Role de cerneal\u0103 - Shark Line\",\"isPartOf\":{\"@id\":\"https:\/\/sharkline.md\/#website\"},\"datePublished\":\"2022-01-18T12:29:16+00:00\",\"dateModified\":\"2023-08-28T20:36:33+00:00\",\"breadcrumb\":{\"@id\":\"https:\/\/sharkline.md\/ro\/shop\/role-de-cerneala\/#breadcrumb\"},\"inLanguage\":\"ro-RO\",\"potentialAction\":[{\"@type\":\"ReadAction\",\"target\":[\"https:\/\/sharkline.md\/ro\/shop\/role-de-cerneala\/\"]}]},{\"@type\":\"BreadcrumbList\",\"@id\":\"https:\/\/sharkline.md\/ro\/shop\/role-de-cerneala\/#breadcrumb\",\"itemListElement\":[{\"@type\":\"ListItem\",\"position\":1,\"name\":\"CATALOG\",\"item\":\"https:\/\/sharkline.md\/catalog\/\"},{\"@type\":\"ListItem\",\"position\":2,\"name\":\"Role de cerneal\u0103\"}]},{\"@type\":\"WebSite\",\"@id\":\"https:\/\/sharkline.md\/#website\",\"url\":\"https:\/\/sharkline.md\/\",\"name\":\"Shark Line\",\"description\":\"Echipamente de Marcare, Etichetare, Imbuteliere\",\"potentialAction\":[{\"@type\":\"SearchAction\",\"target\":{\"@type\":\"EntryPoint\",\"urlTemplate\":\"https:\/\/sharkline.md\/?s={search_term_string}\"},\"query-input\":\"required name=search_term_string\"}],\"inLanguage\":\"ro-RO\"}]}<\/script>\n<!-- \/ Yoast SEO plugin. -->","yoast_head_json":{"title":"Role de cerneal\u0103 - Shark Line","robots":{"index":"index","follow":"follow","max-snippet":"max-snippet:-1","max-image-preview":"max-image-preview:large","max-video-preview":"max-video-preview:-1"},"canonical":"https:\/\/sharkline.md\/ro\/shop\/role-de-cerneala\/","og_locale":"ro_RO","og_type":"article","og_title":"Role de cerneal\u0103 - Shark Line","og_description":"Rolele de cerneal\u0103 (role de colorat) sunt dezvoltate special pentru a intra \u00een contact cu cerneala uscat\u0103 cald\u0103 prin intermediul literelor pentru suprafe\u021be precum ambalaje flexibile, folie, carton, diverse tipuri de etichete din h\u00e2rtie \u0219i alte materiale. Rolele sunt utilizate pentru transferul datelor de expirare, datei de produc\u021bie \u0219i a altor informa\u021bii variabile pe produse.  Marcajul ob\u021binut prin utilizarea rolelor de cerneal\u0103 are o structur\u0103 de calitate, se usuc\u0103 instantaneu \u0219i rezist\u0103 bine la uzura mecanic\u0103. Culoare: negru.  **Momentan, avem \u00een stoc urm\u0103toarele dimensiuni:   Rola de cerneal\u0103 cald\u0103 36*32mm  O gam\u0103 variat\u0103 de dimensiuni este disponibil\u0103 la comand\u0103!","og_url":"https:\/\/sharkline.md\/ro\/shop\/role-de-cerneala\/","og_site_name":"Shark Line","article_modified_time":"2023-08-28T20:36:33+00:00","og_image":[{"width":1000,"height":1000,"url":"https:\/\/sharkline.md\/wp-content\/uploads\/2022\/01\/5-1.jpg","type":"image\/jpeg"}],"twitter_card":"summary_large_image","schema":{"@context":"https:\/\/schema.org","@graph":[{"@type":"WebPage","@id":"https:\/\/sharkline.md\/ro\/shop\/role-de-cerneala\/","url":"https:\/\/sharkline.md\/ro\/shop\/role-de-cerneala\/","name":"Role de cerneal\u0103 - Shark Line","isPartOf":{"@id":"https:\/\/sharkline.md\/#website"},"datePublished":"2022-01-18T12:29:16+00:00","dateModified":"2023-08-28T20:36:33+00:00","breadcrumb":{"@id":"https:\/\/sharkline.md\/ro\/shop\/role-de-cerneala\/#breadcrumb"},"inLanguage":"ro-RO","potentialAction":[{"@type":"ReadAction","target":["https:\/\/sharkline.md\/ro\/shop\/role-de-cerneala\/"]}]},{"@type":"BreadcrumbList","@id":"https:\/\/sharkline.md\/ro\/shop\/role-de-cerneala\/#breadcrumb","itemListElement":[{"@type":"ListItem","position":1,"name":"CATALOG","item":"https:\/\/sharkline.md\/catalog\/"},{"@type":"ListItem","position":2,"name":"Role de cerneal\u0103"}]},{"@type":"WebSite","@id":"https:\/\/sharkline.md\/#website","url":"https:\/\/sharkline.md\/","name":"Shark Line","description":"Echipamente de Marcare, Etichetare, Imbuteliere","potentialAction":[{"@type":"SearchAction","target":{"@type":"EntryPoint","urlTemplate":"https:\/\/sharkline.md\/?s={search_term_string}"},"query-input":"required name=search_term_string"}],"inLanguage":"ro-RO"}]}},"_links":{"self":[{"href":"https:\/\/sharkline.md\/ro\/wp-json\/wp\/v2\/product\/679","targetHints":{"allow":["GET"]}}],"collection":[{"href":"https:\/\/sharkline.md\/ro\/wp-json\/wp\/v2\/product"}],"about":[{"href":"https:\/\/sharkline.md\/ro\/wp-json\/wp\/v2\/types\/product"}],"replies":[{"embeddable":true,"href":"https:\/\/sharkline.md\/ro\/wp-json\/wp\/v2\/comments?post=679"}],"wp:featuredmedia":[{"embeddable":true,"href":"https:\/\/sharkline.md\/ro\/wp-json\/wp\/v2\/media\/356"}],"wp:attachment":[{"href":"https:\/\/sharkline.md\/ro\/wp-json\/wp\/v2\/media?parent=679"}],"wp:term":[{"taxonomy":"product_cat","embeddable":true,"href":"https:\/\/sharkline.md\/ro\/wp-json\/wp\/v2\/product_cat?post=679"},{"taxonomy":"product_tag","embeddable":true,"href":"https:\/\/sharkline.md\/ro\/wp-json\/wp\/v2\/product_tag?post=679"}],"curies":[{"name":"wp","href":"https:\/\/api.w.org\/{rel}","templated":true}]}}