{"id":712,"date":"2022-01-18T15:29:30","date_gmt":"2022-07-20T16:21:03","guid":{"rendered":"https:\/\/sharkline.md\/?post_type=product&#038;p=712"},"modified":"2022-12-03T21:39:19","modified_gmt":"2022-12-03T18:39:19","slug":"cifre-caractere-pentru-timbre-datatoare","status":"publish","type":"product","link":"https:\/\/sharkline.md\/ro\/shop\/cifre-caractere-pentru-timbre-datatoare\/","title":{"rendered":"Cifre\/Caractere pentru timbre datatoare"},"content":{"rendered":"","protected":false},"excerpt":{"rendered":"<p>CIFRE\/ SIMBOLURI \/ SUPORT PENTRU SIMBOLURI (MATRICE) **Utilizate \u00een fabricarea simbolurilor termice, sau altfel spus, simboluri pentru o imprimant\u0103 termic\u0103, f\u0103cute din aluminiu \u0219i alama. **Op\u021biunile de cump\u0103rare sunt disponibile at\u00e2t individual (un caracter), c\u00e2t \u0219i ca set. Setul include 26 de cifre (unificate \u00een blocuri sau separate) pentru etichetarea produselor cu o perioad\u0103 de 12+3 luni de la data achizi\u021biei). **Sunt disponibile \u0219i caracterele speciale: litere, semne de punctua\u021bie, &#8222;EXP&#8221;, &#8222;PROD&#8221;, de asemeanea putem crea \u0219i caractere personalizate, la solicitare. De asemenea, oferim \u0219i suporturi pentru simboluri (matrice), \u00een 3 r\u00e2nduri, f\u0103cute din duraluminiu \u0219i alama. Caracterele sunt v\u00e2ndute separat.<\/p>\n","protected":false},"featured_media":1144,"comment_status":"closed","ping_status":"closed","template":"","meta":[],"product_cat":[53],"product_tag":[],"class_list":["post-712","product","type-product","status-publish","has-post-thumbnail","hentry","product_cat-consumabile"],"yoast_head":"<!-- This site is optimized with the Yoast SEO plugin v20.11 - https:\/\/yoast.com\/wordpress\/plugins\/seo\/ -->\n<title>Cifre\/Caractere pentru timbre datatoare - Shark Line<\/title>\n<meta name=\"robots\" content=\"index, follow, max-snippet:-1, max-image-preview:large, max-video-preview:-1\" \/>\n<link rel=\"canonical\" href=\"https:\/\/sharkline.md\/ro\/shop\/cifre-caractere-pentru-timbre-datatoare\/\" \/>\n<meta property=\"og:locale\" content=\"ro_RO\" \/>\n<meta property=\"og:type\" content=\"article\" \/>\n<meta property=\"og:title\" content=\"Cifre\/Caractere pentru timbre datatoare - Shark Line\" \/>\n<meta property=\"og:description\" content=\"CIFRE\/ SIMBOLURI \/ SUPORT PENTRU SIMBOLURI (MATRICE) **Utilizate \u00een fabricarea simbolurilor termice, sau altfel spus, simboluri pentru o imprimant\u0103 termic\u0103, f\u0103cute din aluminiu \u0219i alama. **Op\u021biunile de cump\u0103rare sunt disponibile at\u00e2t individual (un caracter), c\u00e2t \u0219i ca set. Setul include 26 de cifre (unificate \u00een blocuri sau separate) pentru etichetarea produselor cu o perioad\u0103 de 12+3 luni de la data achizi\u021biei). **Sunt disponibile \u0219i caracterele speciale: litere, semne de punctua\u021bie, &quot;EXP&quot;, &quot;PROD&quot;, de asemeanea putem crea \u0219i caractere personalizate, la solicitare. De asemenea, oferim \u0219i suporturi pentru simboluri (matrice), \u00een 3 r\u00e2nduri, f\u0103cute din duraluminiu \u0219i alama. Caracterele sunt v\u00e2ndute separat.\" \/>\n<meta property=\"og:url\" content=\"https:\/\/sharkline.md\/ro\/shop\/cifre-caractere-pentru-timbre-datatoare\/\" \/>\n<meta property=\"og:site_name\" content=\"Shark Line\" \/>\n<meta property=\"article:modified_time\" content=\"2022-12-03T18:39:19+00:00\" \/>\n<meta property=\"og:image\" content=\"https:\/\/sharkline.md\/wp-content\/uploads\/2022\/01\/cifry.jpg\" \/>\n\t<meta property=\"og:image:width\" content=\"1600\" \/>\n\t<meta property=\"og:image:height\" content=\"1200\" \/>\n\t<meta property=\"og:image:type\" content=\"image\/jpeg\" \/>\n<meta name=\"twitter:card\" content=\"summary_large_image\" \/>\n<script type=\"application\/ld+json\" class=\"yoast-schema-graph\">{\"@context\":\"https:\/\/schema.org\",\"@graph\":[{\"@type\":\"WebPage\",\"@id\":\"https:\/\/sharkline.md\/ro\/shop\/cifre-caractere-pentru-timbre-datatoare\/\",\"url\":\"https:\/\/sharkline.md\/ro\/shop\/cifre-caractere-pentru-timbre-datatoare\/\",\"name\":\"Cifre\/Caractere pentru timbre datatoare - Shark Line\",\"isPartOf\":{\"@id\":\"https:\/\/sharkline.md\/#website\"},\"datePublished\":\"2022-07-20T16:21:03+00:00\",\"dateModified\":\"2022-12-03T18:39:19+00:00\",\"breadcrumb\":{\"@id\":\"https:\/\/sharkline.md\/ro\/shop\/cifre-caractere-pentru-timbre-datatoare\/#breadcrumb\"},\"inLanguage\":\"ro-RO\",\"potentialAction\":[{\"@type\":\"ReadAction\",\"target\":[\"https:\/\/sharkline.md\/ro\/shop\/cifre-caractere-pentru-timbre-datatoare\/\"]}]},{\"@type\":\"BreadcrumbList\",\"@id\":\"https:\/\/sharkline.md\/ro\/shop\/cifre-caractere-pentru-timbre-datatoare\/#breadcrumb\",\"itemListElement\":[{\"@type\":\"ListItem\",\"position\":1,\"name\":\"CATALOG\",\"item\":\"https:\/\/sharkline.md\/catalog\/\"},{\"@type\":\"ListItem\",\"position\":2,\"name\":\"Cifre\/Caractere pentru timbre datatoare\"}]},{\"@type\":\"WebSite\",\"@id\":\"https:\/\/sharkline.md\/#website\",\"url\":\"https:\/\/sharkline.md\/\",\"name\":\"Shark Line\",\"description\":\"Echipamente de Marcare, Etichetare, Imbuteliere\",\"potentialAction\":[{\"@type\":\"SearchAction\",\"target\":{\"@type\":\"EntryPoint\",\"urlTemplate\":\"https:\/\/sharkline.md\/?s={search_term_string}\"},\"query-input\":\"required name=search_term_string\"}],\"inLanguage\":\"ro-RO\"}]}<\/script>\n<!-- \/ Yoast SEO plugin. -->","yoast_head_json":{"title":"Cifre\/Caractere pentru timbre datatoare - Shark Line","robots":{"index":"index","follow":"follow","max-snippet":"max-snippet:-1","max-image-preview":"max-image-preview:large","max-video-preview":"max-video-preview:-1"},"canonical":"https:\/\/sharkline.md\/ro\/shop\/cifre-caractere-pentru-timbre-datatoare\/","og_locale":"ro_RO","og_type":"article","og_title":"Cifre\/Caractere pentru timbre datatoare - Shark Line","og_description":"CIFRE\/ SIMBOLURI \/ SUPORT PENTRU SIMBOLURI (MATRICE) **Utilizate \u00een fabricarea simbolurilor termice, sau altfel spus, simboluri pentru o imprimant\u0103 termic\u0103, f\u0103cute din aluminiu \u0219i alama. **Op\u021biunile de cump\u0103rare sunt disponibile at\u00e2t individual (un caracter), c\u00e2t \u0219i ca set. Setul include 26 de cifre (unificate \u00een blocuri sau separate) pentru etichetarea produselor cu o perioad\u0103 de 12+3 luni de la data achizi\u021biei). **Sunt disponibile \u0219i caracterele speciale: litere, semne de punctua\u021bie, \"EXP\", \"PROD\", de asemeanea putem crea \u0219i caractere personalizate, la solicitare. De asemenea, oferim \u0219i suporturi pentru simboluri (matrice), \u00een 3 r\u00e2nduri, f\u0103cute din duraluminiu \u0219i alama. Caracterele sunt v\u00e2ndute separat.","og_url":"https:\/\/sharkline.md\/ro\/shop\/cifre-caractere-pentru-timbre-datatoare\/","og_site_name":"Shark Line","article_modified_time":"2022-12-03T18:39:19+00:00","og_image":[{"width":1600,"height":1200,"url":"https:\/\/sharkline.md\/wp-content\/uploads\/2022\/01\/cifry.jpg","type":"image\/jpeg"}],"twitter_card":"summary_large_image","schema":{"@context":"https:\/\/schema.org","@graph":[{"@type":"WebPage","@id":"https:\/\/sharkline.md\/ro\/shop\/cifre-caractere-pentru-timbre-datatoare\/","url":"https:\/\/sharkline.md\/ro\/shop\/cifre-caractere-pentru-timbre-datatoare\/","name":"Cifre\/Caractere pentru timbre datatoare - Shark Line","isPartOf":{"@id":"https:\/\/sharkline.md\/#website"},"datePublished":"2022-07-20T16:21:03+00:00","dateModified":"2022-12-03T18:39:19+00:00","breadcrumb":{"@id":"https:\/\/sharkline.md\/ro\/shop\/cifre-caractere-pentru-timbre-datatoare\/#breadcrumb"},"inLanguage":"ro-RO","potentialAction":[{"@type":"ReadAction","target":["https:\/\/sharkline.md\/ro\/shop\/cifre-caractere-pentru-timbre-datatoare\/"]}]},{"@type":"BreadcrumbList","@id":"https:\/\/sharkline.md\/ro\/shop\/cifre-caractere-pentru-timbre-datatoare\/#breadcrumb","itemListElement":[{"@type":"ListItem","position":1,"name":"CATALOG","item":"https:\/\/sharkline.md\/catalog\/"},{"@type":"ListItem","position":2,"name":"Cifre\/Caractere pentru timbre datatoare"}]},{"@type":"WebSite","@id":"https:\/\/sharkline.md\/#website","url":"https:\/\/sharkline.md\/","name":"Shark Line","description":"Echipamente de Marcare, Etichetare, Imbuteliere","potentialAction":[{"@type":"SearchAction","target":{"@type":"EntryPoint","urlTemplate":"https:\/\/sharkline.md\/?s={search_term_string}"},"query-input":"required name=search_term_string"}],"inLanguage":"ro-RO"}]}},"_links":{"self":[{"href":"https:\/\/sharkline.md\/ro\/wp-json\/wp\/v2\/product\/712","targetHints":{"allow":["GET"]}}],"collection":[{"href":"https:\/\/sharkline.md\/ro\/wp-json\/wp\/v2\/product"}],"about":[{"href":"https:\/\/sharkline.md\/ro\/wp-json\/wp\/v2\/types\/product"}],"replies":[{"embeddable":true,"href":"https:\/\/sharkline.md\/ro\/wp-json\/wp\/v2\/comments?post=712"}],"wp:featuredmedia":[{"embeddable":true,"href":"https:\/\/sharkline.md\/ro\/wp-json\/wp\/v2\/media\/1144"}],"wp:attachment":[{"href":"https:\/\/sharkline.md\/ro\/wp-json\/wp\/v2\/media?parent=712"}],"wp:term":[{"taxonomy":"product_cat","embeddable":true,"href":"https:\/\/sharkline.md\/ro\/wp-json\/wp\/v2\/product_cat?post=712"},{"taxonomy":"product_tag","embeddable":true,"href":"https:\/\/sharkline.md\/ro\/wp-json\/wp\/v2\/product_tag?post=712"}],"curies":[{"name":"wp","href":"https:\/\/api.w.org\/{rel}","templated":true}]}}