{"id":714,"date":"2022-01-18T15:29:05","date_gmt":"2022-07-21T12:57:34","guid":{"rendered":"https:\/\/sharkline.md\/?post_type=product&#038;p=714"},"modified":"2023-08-29T12:29:16","modified_gmt":"2023-08-29T09:29:16","slug":"banda-folie-stantare-la-cald-hot-stamp-coding-foil","status":"publish","type":"product","link":"https:\/\/sharkline.md\/ro\/shop\/banda-folie-stantare-la-cald-hot-stamp-coding-foil\/","title":{"rendered":"Band\u0103\/folie \u0219tan\u021bare la cald (hot stamp coding foil)"},"content":{"rendered":"","protected":false},"excerpt":{"rendered":"<p>BAND\u0102\/FOLIE DE \u0218TAN\u021aARE LA CALD (hot stamp coding foil). Panglic\u0103 de \u0219tan\u021bare la cald, band\u0103 de \u0219tan\u021bare la cald, folie de marcare \u0219i \u0219tan\u021bare sunt denumirile comune pentru un singur produs care este utilizat \u00een mod obi\u0219nuit \u00een dispozitive precum datatoarele obi\u0219nuite, cele termice, \u0219i pentru liniile de marcare industrial\u0103. Banda Hot Stamp este conceput\u0103 pentru aplicarea informa\u021biei pe diverse tipuri de materiale (film, carton, textile, polietilen\u0103, h\u00e2rtie etc.) asigur\u00e2nd o imprimare de \u00eenalt\u0103 calitate, cu rezisten\u021b\u0103 excelent\u0103 la abraziune \u0219i alte influen\u021be externe.<\/p>\n<p>Compania noastra ofer\u0103 o gam\u0103 de culori \u0219i dimensiuni:<\/p>\n<p>\u2014 25\u043c\u043c*150\u043c<br \/>\n\u2014 30\u043c\u043c*150\u043c<br \/>\n\u2014 35\u043c\u043c*150\u043c<br \/>\n\u2014 40\u043c\u043c*150\u043c<\/p>\n<p>Culori:<br \/>\nnegru, alb.<\/p>\n<p>**O gam\u0103 mai larg\u0103 de culori \u0219i dimensiuni sunt\u00a0 disponibile la solicitare!<\/p>\n","protected":false},"featured_media":343,"comment_status":"closed","ping_status":"closed","template":"","meta":[],"product_cat":[53],"product_tag":[],"class_list":["post-714","product","type-product","status-publish","has-post-thumbnail","hentry","product_cat-consumabile"],"yoast_head":"<!-- This site is optimized with the Yoast SEO plugin v20.11 - https:\/\/yoast.com\/wordpress\/plugins\/seo\/ -->\n<title>Band\u0103\/folie \u0219tan\u021bare la cald (hot stamp coding foil) - Shark Line<\/title>\n<meta name=\"robots\" content=\"index, follow, max-snippet:-1, max-image-preview:large, max-video-preview:-1\" \/>\n<link rel=\"canonical\" href=\"https:\/\/sharkline.md\/ro\/shop\/banda-folie-stantare-la-cald-hot-stamp-coding-foil\/\" \/>\n<meta property=\"og:locale\" content=\"ro_RO\" \/>\n<meta property=\"og:type\" content=\"article\" \/>\n<meta property=\"og:title\" content=\"Band\u0103\/folie \u0219tan\u021bare la cald (hot stamp coding foil) - Shark Line\" \/>\n<meta property=\"og:description\" content=\"BAND\u0102\/FOLIE DE \u0218TAN\u021aARE LA CALD (hot stamp coding foil). Panglic\u0103 de \u0219tan\u021bare la cald, band\u0103 de \u0219tan\u021bare la cald, folie de marcare \u0219i \u0219tan\u021bare sunt denumirile comune pentru un singur produs care este utilizat \u00een mod obi\u0219nuit \u00een dispozitive precum datatoarele obi\u0219nuite, cele termice, \u0219i pentru liniile de marcare industrial\u0103. Banda Hot Stamp este conceput\u0103 pentru aplicarea informa\u021biei pe diverse tipuri de materiale (film, carton, textile, polietilen\u0103, h\u00e2rtie etc.) asigur\u00e2nd o imprimare de \u00eenalt\u0103 calitate, cu rezisten\u021b\u0103 excelent\u0103 la abraziune \u0219i alte influen\u021be externe.  Compania noastra ofer\u0103 o gam\u0103 de culori \u0219i dimensiuni:  \u2014 25\u043c\u043c*150\u043c \u2014 30\u043c\u043c*150\u043c \u2014 35\u043c\u043c*150\u043c \u2014 40\u043c\u043c*150\u043c  Culori: negru, alb.  **O gam\u0103 mai larg\u0103 de culori \u0219i dimensiuni sunt\u00a0 disponibile la solicitare!\" \/>\n<meta property=\"og:url\" content=\"https:\/\/sharkline.md\/ro\/shop\/banda-folie-stantare-la-cald-hot-stamp-coding-foil\/\" \/>\n<meta property=\"og:site_name\" content=\"Shark Line\" \/>\n<meta property=\"article:modified_time\" content=\"2023-08-29T09:29:16+00:00\" \/>\n<meta property=\"og:image\" content=\"https:\/\/sharkline.md\/wp-content\/uploads\/2022\/01\/1-2.jpg\" \/>\n\t<meta property=\"og:image:width\" content=\"1000\" \/>\n\t<meta property=\"og:image:height\" content=\"1000\" \/>\n\t<meta property=\"og:image:type\" content=\"image\/jpeg\" \/>\n<meta name=\"twitter:card\" content=\"summary_large_image\" \/>\n<script type=\"application\/ld+json\" class=\"yoast-schema-graph\">{\"@context\":\"https:\/\/schema.org\",\"@graph\":[{\"@type\":\"WebPage\",\"@id\":\"https:\/\/sharkline.md\/ro\/shop\/banda-folie-stantare-la-cald-hot-stamp-coding-foil\/\",\"url\":\"https:\/\/sharkline.md\/ro\/shop\/banda-folie-stantare-la-cald-hot-stamp-coding-foil\/\",\"name\":\"Band\u0103\/folie \u0219tan\u021bare la cald (hot stamp coding foil) - Shark Line\",\"isPartOf\":{\"@id\":\"https:\/\/sharkline.md\/#website\"},\"datePublished\":\"2022-07-21T12:57:34+00:00\",\"dateModified\":\"2023-08-29T09:29:16+00:00\",\"breadcrumb\":{\"@id\":\"https:\/\/sharkline.md\/ro\/shop\/banda-folie-stantare-la-cald-hot-stamp-coding-foil\/#breadcrumb\"},\"inLanguage\":\"ro-RO\",\"potentialAction\":[{\"@type\":\"ReadAction\",\"target\":[\"https:\/\/sharkline.md\/ro\/shop\/banda-folie-stantare-la-cald-hot-stamp-coding-foil\/\"]}]},{\"@type\":\"BreadcrumbList\",\"@id\":\"https:\/\/sharkline.md\/ro\/shop\/banda-folie-stantare-la-cald-hot-stamp-coding-foil\/#breadcrumb\",\"itemListElement\":[{\"@type\":\"ListItem\",\"position\":1,\"name\":\"CATALOG\",\"item\":\"https:\/\/sharkline.md\/catalog\/\"},{\"@type\":\"ListItem\",\"position\":2,\"name\":\"Band\u0103\/folie \u0219tan\u021bare la cald (hot stamp coding foil)\"}]},{\"@type\":\"WebSite\",\"@id\":\"https:\/\/sharkline.md\/#website\",\"url\":\"https:\/\/sharkline.md\/\",\"name\":\"Shark Line\",\"description\":\"Echipamente de Marcare, Etichetare, Imbuteliere\",\"potentialAction\":[{\"@type\":\"SearchAction\",\"target\":{\"@type\":\"EntryPoint\",\"urlTemplate\":\"https:\/\/sharkline.md\/?s={search_term_string}\"},\"query-input\":\"required name=search_term_string\"}],\"inLanguage\":\"ro-RO\"}]}<\/script>\n<!-- \/ Yoast SEO plugin. -->","yoast_head_json":{"title":"Band\u0103\/folie \u0219tan\u021bare la cald (hot stamp coding foil) - Shark Line","robots":{"index":"index","follow":"follow","max-snippet":"max-snippet:-1","max-image-preview":"max-image-preview:large","max-video-preview":"max-video-preview:-1"},"canonical":"https:\/\/sharkline.md\/ro\/shop\/banda-folie-stantare-la-cald-hot-stamp-coding-foil\/","og_locale":"ro_RO","og_type":"article","og_title":"Band\u0103\/folie \u0219tan\u021bare la cald (hot stamp coding foil) - Shark Line","og_description":"BAND\u0102\/FOLIE DE \u0218TAN\u021aARE LA CALD (hot stamp coding foil). Panglic\u0103 de \u0219tan\u021bare la cald, band\u0103 de \u0219tan\u021bare la cald, folie de marcare \u0219i \u0219tan\u021bare sunt denumirile comune pentru un singur produs care este utilizat \u00een mod obi\u0219nuit \u00een dispozitive precum datatoarele obi\u0219nuite, cele termice, \u0219i pentru liniile de marcare industrial\u0103. Banda Hot Stamp este conceput\u0103 pentru aplicarea informa\u021biei pe diverse tipuri de materiale (film, carton, textile, polietilen\u0103, h\u00e2rtie etc.) asigur\u00e2nd o imprimare de \u00eenalt\u0103 calitate, cu rezisten\u021b\u0103 excelent\u0103 la abraziune \u0219i alte influen\u021be externe.  Compania noastra ofer\u0103 o gam\u0103 de culori \u0219i dimensiuni:  \u2014 25\u043c\u043c*150\u043c \u2014 30\u043c\u043c*150\u043c \u2014 35\u043c\u043c*150\u043c \u2014 40\u043c\u043c*150\u043c  Culori: negru, alb.  **O gam\u0103 mai larg\u0103 de culori \u0219i dimensiuni sunt\u00a0 disponibile la solicitare!","og_url":"https:\/\/sharkline.md\/ro\/shop\/banda-folie-stantare-la-cald-hot-stamp-coding-foil\/","og_site_name":"Shark Line","article_modified_time":"2023-08-29T09:29:16+00:00","og_image":[{"width":1000,"height":1000,"url":"https:\/\/sharkline.md\/wp-content\/uploads\/2022\/01\/1-2.jpg","type":"image\/jpeg"}],"twitter_card":"summary_large_image","schema":{"@context":"https:\/\/schema.org","@graph":[{"@type":"WebPage","@id":"https:\/\/sharkline.md\/ro\/shop\/banda-folie-stantare-la-cald-hot-stamp-coding-foil\/","url":"https:\/\/sharkline.md\/ro\/shop\/banda-folie-stantare-la-cald-hot-stamp-coding-foil\/","name":"Band\u0103\/folie \u0219tan\u021bare la cald (hot stamp coding foil) - Shark Line","isPartOf":{"@id":"https:\/\/sharkline.md\/#website"},"datePublished":"2022-07-21T12:57:34+00:00","dateModified":"2023-08-29T09:29:16+00:00","breadcrumb":{"@id":"https:\/\/sharkline.md\/ro\/shop\/banda-folie-stantare-la-cald-hot-stamp-coding-foil\/#breadcrumb"},"inLanguage":"ro-RO","potentialAction":[{"@type":"ReadAction","target":["https:\/\/sharkline.md\/ro\/shop\/banda-folie-stantare-la-cald-hot-stamp-coding-foil\/"]}]},{"@type":"BreadcrumbList","@id":"https:\/\/sharkline.md\/ro\/shop\/banda-folie-stantare-la-cald-hot-stamp-coding-foil\/#breadcrumb","itemListElement":[{"@type":"ListItem","position":1,"name":"CATALOG","item":"https:\/\/sharkline.md\/catalog\/"},{"@type":"ListItem","position":2,"name":"Band\u0103\/folie \u0219tan\u021bare la cald (hot stamp coding foil)"}]},{"@type":"WebSite","@id":"https:\/\/sharkline.md\/#website","url":"https:\/\/sharkline.md\/","name":"Shark Line","description":"Echipamente de Marcare, Etichetare, Imbuteliere","potentialAction":[{"@type":"SearchAction","target":{"@type":"EntryPoint","urlTemplate":"https:\/\/sharkline.md\/?s={search_term_string}"},"query-input":"required name=search_term_string"}],"inLanguage":"ro-RO"}]}},"_links":{"self":[{"href":"https:\/\/sharkline.md\/ro\/wp-json\/wp\/v2\/product\/714","targetHints":{"allow":["GET"]}}],"collection":[{"href":"https:\/\/sharkline.md\/ro\/wp-json\/wp\/v2\/product"}],"about":[{"href":"https:\/\/sharkline.md\/ro\/wp-json\/wp\/v2\/types\/product"}],"replies":[{"embeddable":true,"href":"https:\/\/sharkline.md\/ro\/wp-json\/wp\/v2\/comments?post=714"}],"wp:featuredmedia":[{"embeddable":true,"href":"https:\/\/sharkline.md\/ro\/wp-json\/wp\/v2\/media\/343"}],"wp:attachment":[{"href":"https:\/\/sharkline.md\/ro\/wp-json\/wp\/v2\/media?parent=714"}],"wp:term":[{"taxonomy":"product_cat","embeddable":true,"href":"https:\/\/sharkline.md\/ro\/wp-json\/wp\/v2\/product_cat?post=714"},{"taxonomy":"product_tag","embeddable":true,"href":"https:\/\/sharkline.md\/ro\/wp-json\/wp\/v2\/product_tag?post=714"}],"curies":[{"name":"wp","href":"https:\/\/api.w.org\/{rel}","templated":true}]}}