{"id":715,"date":"2022-01-18T15:28:52","date_gmt":"2022-07-21T13:06:57","guid":{"rendered":"https:\/\/sharkline.md\/?post_type=product&#038;p=715"},"modified":"2022-12-03T23:01:35","modified_gmt":"2022-12-03T20:01:35","slug":"panglici-pentru-imprimare-prin-transfer-termic","status":"publish","type":"product","link":"https:\/\/sharkline.md\/ro\/shop\/panglici-pentru-imprimare-prin-transfer-termic\/","title":{"rendered":"Panglici pentru imprimare prin transfer termic"},"content":{"rendered":"<p><strong>Cear\u0103.<\/strong> Strat de colorare pe baz\u0103 de cear\u0103. Cel mai potrivit pentru imprimarea pe h\u00e2rtie \u0219i suprafe\u021be similare acesteia. Are o temperatur\u0103 joas\u0103 de imprimare, ceea ce asigur\u0103 o durat\u0103 lung\u0103 de via\u021b\u0103 a capului termic. Rezisten\u021ba la abraziune este redus\u0103 . Se aplic\u0103 la presa de etichete de h\u00e2rtie \u0219i etichete din carton f\u0103r\u0103 laminare. Imaginea produs\u0103 cu acest tip de panglic\u0103 nu este rezistent\u0103 la solven\u021bi. Nu poate fi utilizat pentru imprimarea pe etichete de h\u00e2rtie l\u0103cuit\u0103.<\/p>\n<p><strong>Cear\u0103\/r\u0103\u0219in\u0103.<\/strong> Strat de colorare pe baz\u0103 de compozit de cear\u0103\/r\u0103\u0219in\u0103. Este posibil\u0103 imprimarea at\u00e2t pe h\u00e2rtie, c\u00e2t \u0219i pe materialele sintetice cu bune propriet\u0103\u021bi adezive. Temperatura de imprimare este una de nivel mediu. Rezisten\u021ba la abraziune este bun\u0103. Ofer\u0103 rezolu\u021bie \u00eenalt\u0103. Imaginea rezultat\u0103 este rezistent\u0103 la abraziune, dar nu rezist\u0103 la solven\u021bi. Este permis\u0103 utilizarea unei game largi de culori pentru a extinde foarte mult posibilit\u0103\u021bile \u0219i creativitatea designului ambalajului.<\/p>\n<p><strong>R\u0103\u015fin\u0103.<\/strong> Strat colorant pe baz\u0103 de r\u0103\u0219in\u0103. Conceput pentru imprimarea pe toate tipurile de suporturi sintetice \u0219i panglici textile. Se deosebe\u0219te prin rezisten\u021b\u0103 ridicat\u0103 la influen\u021be mecanice, la influen\u021ba solven\u021bilor, uleiurilor, alcoolului. \u00cen combina\u021bie cu plasticul de \u00eenalt\u0103 temperatur\u0103, poate rezista la temperaturi de p\u00e2n\u0103 la 250 grade Celsius. Panglica de cerneal\u0103 pe baz\u0103 de r\u0103\u0219in\u0103 este utilizat\u0103 pentru imprimarea pe materiale sintetice (etichete din polietilen\u0103, etichete din polipropilen\u0103, panglici textile pe baz\u0103 de nailon etc.).<br \/>\n** Dispunem de un asortiment de dimensiuni conform solicit\u0103rii clientului.<\/p>\n","protected":false},"excerpt":{"rendered":"<p>Panglica este un consumabil pentru imprimante termice, necesar pentru imprimarea pe etichete din h\u00e2rtie semilucioas\u0103 \u0219i materiale sintetice. Se consum\u0103 \u00een acela\u0219i mod \u00een care se hr\u0103ne\u0219te o rol\u0103 de etichete. Imprimarea se realizeaz\u0103 folosind metoda de transfer termic &#8211; sub \u00eenc\u0103lzirea capului termic, cerneala de pe band\u0103 este transferat\u0103 pe etichete. Difer\u0103 prin compozi\u021bia stratului de cerneal\u0103 (cear\u0103, cear\u0103 \/ r\u0103\u0219in\u0103, r\u0103\u0219in\u0103), l\u0103\u021bimea benzii, lungimea \u00eenf\u0103\u0219ur\u0103rii \u0219i loca\u021bia stratului de cerneal\u0103 (\u00een Exterior sau \u00een Interior). Este important s\u0103 alege\u021bi tipul potrivit de strat de cerneal\u0103 pentru cea mai bun\u0103 calitate a imprim\u0103rii.<\/p>\n","protected":false},"featured_media":350,"comment_status":"closed","ping_status":"closed","template":"","meta":[],"product_cat":[53],"product_tag":[],"class_list":["post-715","product","type-product","status-publish","has-post-thumbnail","hentry","product_cat-consumabile"],"yoast_head":"<!-- This site is optimized with the Yoast SEO plugin v20.11 - https:\/\/yoast.com\/wordpress\/plugins\/seo\/ -->\n<title>Panglici pentru imprimare prin transfer termic - Shark Line<\/title>\n<meta name=\"robots\" content=\"index, follow, max-snippet:-1, max-image-preview:large, max-video-preview:-1\" \/>\n<link rel=\"canonical\" href=\"https:\/\/sharkline.md\/ro\/shop\/panglici-pentru-imprimare-prin-transfer-termic\/\" \/>\n<meta property=\"og:locale\" content=\"ro_RO\" \/>\n<meta property=\"og:type\" content=\"article\" \/>\n<meta property=\"og:title\" content=\"Panglici pentru imprimare prin transfer termic - Shark Line\" \/>\n<meta property=\"og:description\" content=\"Panglica este un consumabil pentru imprimante termice, necesar pentru imprimarea pe etichete din h\u00e2rtie semilucioas\u0103 \u0219i materiale sintetice. Se consum\u0103 \u00een acela\u0219i mod \u00een care se hr\u0103ne\u0219te o rol\u0103 de etichete. Imprimarea se realizeaz\u0103 folosind metoda de transfer termic - sub \u00eenc\u0103lzirea capului termic, cerneala de pe band\u0103 este transferat\u0103 pe etichete. Difer\u0103 prin compozi\u021bia stratului de cerneal\u0103 (cear\u0103, cear\u0103 \/ r\u0103\u0219in\u0103, r\u0103\u0219in\u0103), l\u0103\u021bimea benzii, lungimea \u00eenf\u0103\u0219ur\u0103rii \u0219i loca\u021bia stratului de cerneal\u0103 (\u00een Exterior sau \u00een Interior). Este important s\u0103 alege\u021bi tipul potrivit de strat de cerneal\u0103 pentru cea mai bun\u0103 calitate a imprim\u0103rii.\" \/>\n<meta property=\"og:url\" content=\"https:\/\/sharkline.md\/ro\/shop\/panglici-pentru-imprimare-prin-transfer-termic\/\" \/>\n<meta property=\"og:site_name\" content=\"Shark Line\" \/>\n<meta property=\"article:modified_time\" content=\"2022-12-03T20:01:35+00:00\" \/>\n<meta property=\"og:image\" content=\"https:\/\/sharkline.md\/wp-content\/uploads\/2022\/01\/3-1.jpg\" \/>\n\t<meta property=\"og:image:width\" content=\"1000\" \/>\n\t<meta property=\"og:image:height\" content=\"1000\" \/>\n\t<meta property=\"og:image:type\" content=\"image\/jpeg\" \/>\n<meta name=\"twitter:card\" content=\"summary_large_image\" \/>\n<meta name=\"twitter:label1\" content=\"Timp estimat pentru citire\" \/>\n\t<meta name=\"twitter:data1\" content=\"2 minute\" \/>\n<script type=\"application\/ld+json\" class=\"yoast-schema-graph\">{\"@context\":\"https:\/\/schema.org\",\"@graph\":[{\"@type\":\"WebPage\",\"@id\":\"https:\/\/sharkline.md\/ro\/shop\/panglici-pentru-imprimare-prin-transfer-termic\/\",\"url\":\"https:\/\/sharkline.md\/ro\/shop\/panglici-pentru-imprimare-prin-transfer-termic\/\",\"name\":\"Panglici pentru imprimare prin transfer termic - Shark Line\",\"isPartOf\":{\"@id\":\"https:\/\/sharkline.md\/#website\"},\"datePublished\":\"2022-07-21T13:06:57+00:00\",\"dateModified\":\"2022-12-03T20:01:35+00:00\",\"breadcrumb\":{\"@id\":\"https:\/\/sharkline.md\/ro\/shop\/panglici-pentru-imprimare-prin-transfer-termic\/#breadcrumb\"},\"inLanguage\":\"ro-RO\",\"potentialAction\":[{\"@type\":\"ReadAction\",\"target\":[\"https:\/\/sharkline.md\/ro\/shop\/panglici-pentru-imprimare-prin-transfer-termic\/\"]}]},{\"@type\":\"BreadcrumbList\",\"@id\":\"https:\/\/sharkline.md\/ro\/shop\/panglici-pentru-imprimare-prin-transfer-termic\/#breadcrumb\",\"itemListElement\":[{\"@type\":\"ListItem\",\"position\":1,\"name\":\"CATALOG\",\"item\":\"https:\/\/sharkline.md\/catalog\/\"},{\"@type\":\"ListItem\",\"position\":2,\"name\":\"Panglici pentru imprimare prin transfer termic\"}]},{\"@type\":\"WebSite\",\"@id\":\"https:\/\/sharkline.md\/#website\",\"url\":\"https:\/\/sharkline.md\/\",\"name\":\"Shark Line\",\"description\":\"Echipamente de Marcare, Etichetare, Imbuteliere\",\"potentialAction\":[{\"@type\":\"SearchAction\",\"target\":{\"@type\":\"EntryPoint\",\"urlTemplate\":\"https:\/\/sharkline.md\/?s={search_term_string}\"},\"query-input\":\"required name=search_term_string\"}],\"inLanguage\":\"ro-RO\"}]}<\/script>\n<!-- \/ Yoast SEO plugin. -->","yoast_head_json":{"title":"Panglici pentru imprimare prin transfer termic - Shark Line","robots":{"index":"index","follow":"follow","max-snippet":"max-snippet:-1","max-image-preview":"max-image-preview:large","max-video-preview":"max-video-preview:-1"},"canonical":"https:\/\/sharkline.md\/ro\/shop\/panglici-pentru-imprimare-prin-transfer-termic\/","og_locale":"ro_RO","og_type":"article","og_title":"Panglici pentru imprimare prin transfer termic - Shark Line","og_description":"Panglica este un consumabil pentru imprimante termice, necesar pentru imprimarea pe etichete din h\u00e2rtie semilucioas\u0103 \u0219i materiale sintetice. Se consum\u0103 \u00een acela\u0219i mod \u00een care se hr\u0103ne\u0219te o rol\u0103 de etichete. Imprimarea se realizeaz\u0103 folosind metoda de transfer termic - sub \u00eenc\u0103lzirea capului termic, cerneala de pe band\u0103 este transferat\u0103 pe etichete. Difer\u0103 prin compozi\u021bia stratului de cerneal\u0103 (cear\u0103, cear\u0103 \/ r\u0103\u0219in\u0103, r\u0103\u0219in\u0103), l\u0103\u021bimea benzii, lungimea \u00eenf\u0103\u0219ur\u0103rii \u0219i loca\u021bia stratului de cerneal\u0103 (\u00een Exterior sau \u00een Interior). Este important s\u0103 alege\u021bi tipul potrivit de strat de cerneal\u0103 pentru cea mai bun\u0103 calitate a imprim\u0103rii.","og_url":"https:\/\/sharkline.md\/ro\/shop\/panglici-pentru-imprimare-prin-transfer-termic\/","og_site_name":"Shark Line","article_modified_time":"2022-12-03T20:01:35+00:00","og_image":[{"width":1000,"height":1000,"url":"https:\/\/sharkline.md\/wp-content\/uploads\/2022\/01\/3-1.jpg","type":"image\/jpeg"}],"twitter_card":"summary_large_image","twitter_misc":{"Timp estimat pentru citire":"2 minute"},"schema":{"@context":"https:\/\/schema.org","@graph":[{"@type":"WebPage","@id":"https:\/\/sharkline.md\/ro\/shop\/panglici-pentru-imprimare-prin-transfer-termic\/","url":"https:\/\/sharkline.md\/ro\/shop\/panglici-pentru-imprimare-prin-transfer-termic\/","name":"Panglici pentru imprimare prin transfer termic - Shark Line","isPartOf":{"@id":"https:\/\/sharkline.md\/#website"},"datePublished":"2022-07-21T13:06:57+00:00","dateModified":"2022-12-03T20:01:35+00:00","breadcrumb":{"@id":"https:\/\/sharkline.md\/ro\/shop\/panglici-pentru-imprimare-prin-transfer-termic\/#breadcrumb"},"inLanguage":"ro-RO","potentialAction":[{"@type":"ReadAction","target":["https:\/\/sharkline.md\/ro\/shop\/panglici-pentru-imprimare-prin-transfer-termic\/"]}]},{"@type":"BreadcrumbList","@id":"https:\/\/sharkline.md\/ro\/shop\/panglici-pentru-imprimare-prin-transfer-termic\/#breadcrumb","itemListElement":[{"@type":"ListItem","position":1,"name":"CATALOG","item":"https:\/\/sharkline.md\/catalog\/"},{"@type":"ListItem","position":2,"name":"Panglici pentru imprimare prin transfer termic"}]},{"@type":"WebSite","@id":"https:\/\/sharkline.md\/#website","url":"https:\/\/sharkline.md\/","name":"Shark Line","description":"Echipamente de Marcare, Etichetare, Imbuteliere","potentialAction":[{"@type":"SearchAction","target":{"@type":"EntryPoint","urlTemplate":"https:\/\/sharkline.md\/?s={search_term_string}"},"query-input":"required name=search_term_string"}],"inLanguage":"ro-RO"}]}},"_links":{"self":[{"href":"https:\/\/sharkline.md\/ro\/wp-json\/wp\/v2\/product\/715","targetHints":{"allow":["GET"]}}],"collection":[{"href":"https:\/\/sharkline.md\/ro\/wp-json\/wp\/v2\/product"}],"about":[{"href":"https:\/\/sharkline.md\/ro\/wp-json\/wp\/v2\/types\/product"}],"replies":[{"embeddable":true,"href":"https:\/\/sharkline.md\/ro\/wp-json\/wp\/v2\/comments?post=715"}],"wp:featuredmedia":[{"embeddable":true,"href":"https:\/\/sharkline.md\/ro\/wp-json\/wp\/v2\/media\/350"}],"wp:attachment":[{"href":"https:\/\/sharkline.md\/ro\/wp-json\/wp\/v2\/media?parent=715"}],"wp:term":[{"taxonomy":"product_cat","embeddable":true,"href":"https:\/\/sharkline.md\/ro\/wp-json\/wp\/v2\/product_cat?post=715"},{"taxonomy":"product_tag","embeddable":true,"href":"https:\/\/sharkline.md\/ro\/wp-json\/wp\/v2\/product_tag?post=715"}],"curies":[{"name":"wp","href":"https:\/\/api.w.org\/{rel}","templated":true}]}}