{"id":716,"date":"2022-01-18T15:28:36","date_gmt":"2022-07-21T13:11:49","guid":{"rendered":"https:\/\/sharkline.md\/?post_type=product&#038;p=716"},"modified":"2022-12-03T23:02:07","modified_gmt":"2022-12-03T20:02:07","slug":"cerneala-si-diluant-pentru-imprimante-de-marcare","status":"publish","type":"product","link":"https:\/\/sharkline.md\/ro\/shop\/cerneala-si-diluant-pentru-imprimante-de-marcare\/","title":{"rendered":"Cerneal\u0103 \u0219i diluant pentru imprimante de marcare"},"content":{"rendered":"","protected":false},"excerpt":{"rendered":"<p>CERNEAL\u0102 \u0218I SOLVENT PENTRU MARCAREA IMPRIMANTELOR. Cerneal\u0103 \u0219i solvent pentru toate tipurile de imprimante cu jet de cerneal\u0103 Fazza-L, VideoJet, Image, Domino, Linx, Willett, Hitachi, SharkJet. Cerneal\u0103 pentru imprimante Drop-On-Demand (DOD) pe baz\u0103 de ap\u0103 \u0219i spirt utilizat\u0103 pentru produc\u021bie. ***** Mereu dispunem de stoc, dar oferim \u0219i posibilitatea de a comanda cerneal\u0103 specific\u0103, solvent \u0219i lichid de sp\u0103lare pentru imprimante cu jet de cerneal\u0103. Speciali\u0219tii no\u0219tri v\u0103 vor consulta despre ce tip de cerneal\u0103 va asigura o imprimare calitativ\u0103 pe diferite suprafe\u021be.<\/p>\n","protected":false},"featured_media":1150,"comment_status":"closed","ping_status":"closed","template":"","meta":[],"product_cat":[53],"product_tag":[],"class_list":["post-716","product","type-product","status-publish","has-post-thumbnail","hentry","product_cat-consumabile"],"yoast_head":"<!-- This site is optimized with the Yoast SEO plugin v20.11 - https:\/\/yoast.com\/wordpress\/plugins\/seo\/ -->\n<title>Cerneal\u0103 \u0219i diluant pentru imprimante de marcare - Shark Line<\/title>\n<meta name=\"robots\" content=\"index, follow, max-snippet:-1, max-image-preview:large, max-video-preview:-1\" \/>\n<link rel=\"canonical\" href=\"https:\/\/sharkline.md\/ro\/shop\/cerneala-si-diluant-pentru-imprimante-de-marcare\/\" \/>\n<meta property=\"og:locale\" content=\"ro_RO\" \/>\n<meta property=\"og:type\" content=\"article\" \/>\n<meta property=\"og:title\" content=\"Cerneal\u0103 \u0219i diluant pentru imprimante de marcare - Shark Line\" \/>\n<meta property=\"og:description\" content=\"CERNEAL\u0102 \u0218I SOLVENT PENTRU MARCAREA IMPRIMANTELOR. Cerneal\u0103 \u0219i solvent pentru toate tipurile de imprimante cu jet de cerneal\u0103 Fazza-L, VideoJet, Image, Domino, Linx, Willett, Hitachi, SharkJet. Cerneal\u0103 pentru imprimante Drop-On-Demand (DOD) pe baz\u0103 de ap\u0103 \u0219i spirt utilizat\u0103 pentru produc\u021bie. ***** Mereu dispunem de stoc, dar oferim \u0219i posibilitatea de a comanda cerneal\u0103 specific\u0103, solvent \u0219i lichid de sp\u0103lare pentru imprimante cu jet de cerneal\u0103. Speciali\u0219tii no\u0219tri v\u0103 vor consulta despre ce tip de cerneal\u0103 va asigura o imprimare calitativ\u0103 pe diferite suprafe\u021be.\" \/>\n<meta property=\"og:url\" content=\"https:\/\/sharkline.md\/ro\/shop\/cerneala-si-diluant-pentru-imprimante-de-marcare\/\" \/>\n<meta property=\"og:site_name\" content=\"Shark Line\" \/>\n<meta property=\"article:modified_time\" content=\"2022-12-03T20:02:07+00:00\" \/>\n<meta property=\"og:image\" content=\"https:\/\/sharkline.md\/wp-content\/uploads\/2022\/01\/chernila-i-rasvoritel.png\" \/>\n\t<meta property=\"og:image:width\" content=\"350\" \/>\n\t<meta property=\"og:image:height\" content=\"400\" \/>\n\t<meta property=\"og:image:type\" content=\"image\/png\" \/>\n<meta name=\"twitter:card\" content=\"summary_large_image\" \/>\n<script type=\"application\/ld+json\" class=\"yoast-schema-graph\">{\"@context\":\"https:\/\/schema.org\",\"@graph\":[{\"@type\":\"WebPage\",\"@id\":\"https:\/\/sharkline.md\/ro\/shop\/cerneala-si-diluant-pentru-imprimante-de-marcare\/\",\"url\":\"https:\/\/sharkline.md\/ro\/shop\/cerneala-si-diluant-pentru-imprimante-de-marcare\/\",\"name\":\"Cerneal\u0103 \u0219i diluant pentru imprimante de marcare - Shark Line\",\"isPartOf\":{\"@id\":\"https:\/\/sharkline.md\/#website\"},\"datePublished\":\"2022-07-21T13:11:49+00:00\",\"dateModified\":\"2022-12-03T20:02:07+00:00\",\"breadcrumb\":{\"@id\":\"https:\/\/sharkline.md\/ro\/shop\/cerneala-si-diluant-pentru-imprimante-de-marcare\/#breadcrumb\"},\"inLanguage\":\"ro-RO\",\"potentialAction\":[{\"@type\":\"ReadAction\",\"target\":[\"https:\/\/sharkline.md\/ro\/shop\/cerneala-si-diluant-pentru-imprimante-de-marcare\/\"]}]},{\"@type\":\"BreadcrumbList\",\"@id\":\"https:\/\/sharkline.md\/ro\/shop\/cerneala-si-diluant-pentru-imprimante-de-marcare\/#breadcrumb\",\"itemListElement\":[{\"@type\":\"ListItem\",\"position\":1,\"name\":\"CATALOG\",\"item\":\"https:\/\/sharkline.md\/catalog\/\"},{\"@type\":\"ListItem\",\"position\":2,\"name\":\"Cerneal\u0103 \u0219i diluant pentru imprimante de marcare\"}]},{\"@type\":\"WebSite\",\"@id\":\"https:\/\/sharkline.md\/#website\",\"url\":\"https:\/\/sharkline.md\/\",\"name\":\"Shark Line\",\"description\":\"Echipamente de Marcare, Etichetare, Imbuteliere\",\"potentialAction\":[{\"@type\":\"SearchAction\",\"target\":{\"@type\":\"EntryPoint\",\"urlTemplate\":\"https:\/\/sharkline.md\/?s={search_term_string}\"},\"query-input\":\"required name=search_term_string\"}],\"inLanguage\":\"ro-RO\"}]}<\/script>\n<!-- \/ Yoast SEO plugin. -->","yoast_head_json":{"title":"Cerneal\u0103 \u0219i diluant pentru imprimante de marcare - Shark Line","robots":{"index":"index","follow":"follow","max-snippet":"max-snippet:-1","max-image-preview":"max-image-preview:large","max-video-preview":"max-video-preview:-1"},"canonical":"https:\/\/sharkline.md\/ro\/shop\/cerneala-si-diluant-pentru-imprimante-de-marcare\/","og_locale":"ro_RO","og_type":"article","og_title":"Cerneal\u0103 \u0219i diluant pentru imprimante de marcare - Shark Line","og_description":"CERNEAL\u0102 \u0218I SOLVENT PENTRU MARCAREA IMPRIMANTELOR. Cerneal\u0103 \u0219i solvent pentru toate tipurile de imprimante cu jet de cerneal\u0103 Fazza-L, VideoJet, Image, Domino, Linx, Willett, Hitachi, SharkJet. Cerneal\u0103 pentru imprimante Drop-On-Demand (DOD) pe baz\u0103 de ap\u0103 \u0219i spirt utilizat\u0103 pentru produc\u021bie. ***** Mereu dispunem de stoc, dar oferim \u0219i posibilitatea de a comanda cerneal\u0103 specific\u0103, solvent \u0219i lichid de sp\u0103lare pentru imprimante cu jet de cerneal\u0103. Speciali\u0219tii no\u0219tri v\u0103 vor consulta despre ce tip de cerneal\u0103 va asigura o imprimare calitativ\u0103 pe diferite suprafe\u021be.","og_url":"https:\/\/sharkline.md\/ro\/shop\/cerneala-si-diluant-pentru-imprimante-de-marcare\/","og_site_name":"Shark Line","article_modified_time":"2022-12-03T20:02:07+00:00","og_image":[{"width":350,"height":400,"url":"https:\/\/sharkline.md\/wp-content\/uploads\/2022\/01\/chernila-i-rasvoritel.png","type":"image\/png"}],"twitter_card":"summary_large_image","schema":{"@context":"https:\/\/schema.org","@graph":[{"@type":"WebPage","@id":"https:\/\/sharkline.md\/ro\/shop\/cerneala-si-diluant-pentru-imprimante-de-marcare\/","url":"https:\/\/sharkline.md\/ro\/shop\/cerneala-si-diluant-pentru-imprimante-de-marcare\/","name":"Cerneal\u0103 \u0219i diluant pentru imprimante de marcare - Shark Line","isPartOf":{"@id":"https:\/\/sharkline.md\/#website"},"datePublished":"2022-07-21T13:11:49+00:00","dateModified":"2022-12-03T20:02:07+00:00","breadcrumb":{"@id":"https:\/\/sharkline.md\/ro\/shop\/cerneala-si-diluant-pentru-imprimante-de-marcare\/#breadcrumb"},"inLanguage":"ro-RO","potentialAction":[{"@type":"ReadAction","target":["https:\/\/sharkline.md\/ro\/shop\/cerneala-si-diluant-pentru-imprimante-de-marcare\/"]}]},{"@type":"BreadcrumbList","@id":"https:\/\/sharkline.md\/ro\/shop\/cerneala-si-diluant-pentru-imprimante-de-marcare\/#breadcrumb","itemListElement":[{"@type":"ListItem","position":1,"name":"CATALOG","item":"https:\/\/sharkline.md\/catalog\/"},{"@type":"ListItem","position":2,"name":"Cerneal\u0103 \u0219i diluant pentru imprimante de marcare"}]},{"@type":"WebSite","@id":"https:\/\/sharkline.md\/#website","url":"https:\/\/sharkline.md\/","name":"Shark Line","description":"Echipamente de Marcare, Etichetare, Imbuteliere","potentialAction":[{"@type":"SearchAction","target":{"@type":"EntryPoint","urlTemplate":"https:\/\/sharkline.md\/?s={search_term_string}"},"query-input":"required name=search_term_string"}],"inLanguage":"ro-RO"}]}},"_links":{"self":[{"href":"https:\/\/sharkline.md\/ro\/wp-json\/wp\/v2\/product\/716","targetHints":{"allow":["GET"]}}],"collection":[{"href":"https:\/\/sharkline.md\/ro\/wp-json\/wp\/v2\/product"}],"about":[{"href":"https:\/\/sharkline.md\/ro\/wp-json\/wp\/v2\/types\/product"}],"replies":[{"embeddable":true,"href":"https:\/\/sharkline.md\/ro\/wp-json\/wp\/v2\/comments?post=716"}],"wp:featuredmedia":[{"embeddable":true,"href":"https:\/\/sharkline.md\/ro\/wp-json\/wp\/v2\/media\/1150"}],"wp:attachment":[{"href":"https:\/\/sharkline.md\/ro\/wp-json\/wp\/v2\/media?parent=716"}],"wp:term":[{"taxonomy":"product_cat","embeddable":true,"href":"https:\/\/sharkline.md\/ro\/wp-json\/wp\/v2\/product_cat?post=716"},{"taxonomy":"product_tag","embeddable":true,"href":"https:\/\/sharkline.md\/ro\/wp-json\/wp\/v2\/product_tag?post=716"}],"curies":[{"name":"wp","href":"https:\/\/api.w.org\/{rel}","templated":true}]}}