{"id":722,"date":"2022-01-18T15:27:03","date_gmt":"2022-07-22T13:28:26","guid":{"rendered":"https:\/\/sharkline.md\/?post_type=product&#038;p=722"},"modified":"2022-12-03T23:05:25","modified_gmt":"2022-12-03T20:05:25","slug":"imprimanta-cu-transfer-termic-treip-imprim","status":"publish","type":"product","link":"https:\/\/sharkline.md\/ro\/shop\/imprimanta-cu-transfer-termic-treip-imprim\/","title":{"rendered":"Imprimanta cu transfer termic TreiP Imprim"},"content":{"rendered":"<table>\n<tbody>\n<tr>\n<td colspan=\"2\">Specifica\u021bii tehnice<\/td>\n<\/tr>\n<tr>\n<td>C\u00e2mpul de imprimare<\/td>\n<td>40-320 mm (\u00een dependen\u021b\u0103 de model)<\/td>\n<\/tr>\n<tr>\n<td>Viteza imprim\u0103rii<\/td>\n<td>p\u00e2n\u0103 la 800 mm pe secund\u0103 (\u00een dependen\u021b\u0103 de model)<\/td>\n<\/tr>\n<tr>\n<td>Rezolu\u021bia imprim\u0103rii<\/td>\n<td>300 dpi<\/td>\n<\/tr>\n<tr>\n<td>Lungimea benzii<\/td>\n<td>600 metri<\/td>\n<\/tr>\n<\/tbody>\n<\/table>\n<p><iframe loading=\"lazy\" title=\"YouTube video player\" src=\"https:\/\/www.youtube.com\/embed\/zSKrwSsD8Jk\" width=\"100%\" height=\"600\" frameborder=\"0\" allowfullscreen=\"allowfullscreen\" data-mce-fragment=\"1\"><\/iframe><br \/>\n<iframe loading=\"lazy\" title=\"YouTube video player\" src=\"https:\/\/www.youtube.com\/embed\/sPwGHCM8JT4\" width=\"100%\" height=\"600\" frameborder=\"0\" allowfullscreen=\"allowfullscreen\" data-mce-fragment=\"1\"><\/iframe><\/p>\n","protected":false},"excerpt":{"rendered":"<p>Imprimantele cu transfer termic sunt multifunc\u021bionale, de \u00eenalt\u0103 performan\u021b\u0103. Imprimanta TreiP Imprim imprim\u0103 informa\u021bii \u0219i grafic\u0103 alfanumeric\u0103 fix\u0103 \u0219i variabil\u0103. Imprimantele sunt excelente pentru imprimarea codurilor de bare, a timpului real, a termenului de expirare, a numerelor de lot, a pre\u021burilor, a codurilor surs\u0103 \u0219i multe altele. Imprimanta poate fi integrat\u0103 \u00een linii de produc\u021bie, cum ar fi ma\u0219inile de ambalare continu\u0103 de tip vertical sau orizontal, sistemele de etichetare, echipamentele de termoformare \u0219i\/sau ambalare, folosind ata\u0219amente. Imprimantele pot lucra pe orice linii continue sau discontinue (de tip start-stop) din industria alimentar\u0103, farmaceutic\u0103, cosmetic\u0103 \u0219i producerea pieselor auto. Imprimantele TreiP Imprim sunt capabile s\u0103 imprime at\u00e2t coduri de bare liniare, c\u00e2t \u0219i diverse coduri bidimensionale.<\/p>\n","protected":false},"featured_media":364,"comment_status":"closed","ping_status":"closed","template":"","meta":[],"product_cat":[54],"product_tag":[],"class_list":["post-722","product","type-product","status-publish","has-post-thumbnail","hentry","product_cat-marcaj-termic"],"yoast_head":"<!-- This site is optimized with the Yoast SEO plugin v20.11 - https:\/\/yoast.com\/wordpress\/plugins\/seo\/ -->\n<title>Imprimanta cu transfer termic TreiP Imprim - Shark Line<\/title>\n<meta name=\"robots\" content=\"index, follow, max-snippet:-1, max-image-preview:large, max-video-preview:-1\" \/>\n<link rel=\"canonical\" href=\"https:\/\/sharkline.md\/ro\/shop\/imprimanta-cu-transfer-termic-treip-imprim\/\" \/>\n<meta property=\"og:locale\" content=\"ro_RO\" \/>\n<meta property=\"og:type\" content=\"article\" \/>\n<meta property=\"og:title\" content=\"Imprimanta cu transfer termic TreiP Imprim - Shark Line\" \/>\n<meta property=\"og:description\" content=\"Imprimantele cu transfer termic sunt multifunc\u021bionale, de \u00eenalt\u0103 performan\u021b\u0103. Imprimanta TreiP Imprim imprim\u0103 informa\u021bii \u0219i grafic\u0103 alfanumeric\u0103 fix\u0103 \u0219i variabil\u0103. Imprimantele sunt excelente pentru imprimarea codurilor de bare, a timpului real, a termenului de expirare, a numerelor de lot, a pre\u021burilor, a codurilor surs\u0103 \u0219i multe altele. Imprimanta poate fi integrat\u0103 \u00een linii de produc\u021bie, cum ar fi ma\u0219inile de ambalare continu\u0103 de tip vertical sau orizontal, sistemele de etichetare, echipamentele de termoformare \u0219i\/sau ambalare, folosind ata\u0219amente. Imprimantele pot lucra pe orice linii continue sau discontinue (de tip start-stop) din industria alimentar\u0103, farmaceutic\u0103, cosmetic\u0103 \u0219i producerea pieselor auto. Imprimantele TreiP Imprim sunt capabile s\u0103 imprime at\u00e2t coduri de bare liniare, c\u00e2t \u0219i diverse coduri bidimensionale.\" \/>\n<meta property=\"og:url\" content=\"https:\/\/sharkline.md\/ro\/shop\/imprimanta-cu-transfer-termic-treip-imprim\/\" \/>\n<meta property=\"og:site_name\" content=\"Shark Line\" \/>\n<meta property=\"article:modified_time\" content=\"2022-12-03T20:05:25+00:00\" \/>\n<meta property=\"og:image\" content=\"https:\/\/sharkline.md\/wp-content\/uploads\/2022\/01\/1-3.jpg\" \/>\n\t<meta property=\"og:image:width\" content=\"1000\" \/>\n\t<meta property=\"og:image:height\" content=\"1000\" \/>\n\t<meta property=\"og:image:type\" content=\"image\/jpeg\" \/>\n<meta name=\"twitter:card\" content=\"summary_large_image\" \/>\n<meta name=\"twitter:label1\" content=\"Timp estimat pentru citire\" \/>\n\t<meta name=\"twitter:data1\" content=\"1 minut\" \/>\n<script type=\"application\/ld+json\" class=\"yoast-schema-graph\">{\"@context\":\"https:\/\/schema.org\",\"@graph\":[{\"@type\":\"WebPage\",\"@id\":\"https:\/\/sharkline.md\/ro\/shop\/imprimanta-cu-transfer-termic-treip-imprim\/\",\"url\":\"https:\/\/sharkline.md\/ro\/shop\/imprimanta-cu-transfer-termic-treip-imprim\/\",\"name\":\"Imprimanta cu transfer termic TreiP Imprim - Shark Line\",\"isPartOf\":{\"@id\":\"https:\/\/sharkline.md\/#website\"},\"datePublished\":\"2022-07-22T13:28:26+00:00\",\"dateModified\":\"2022-12-03T20:05:25+00:00\",\"breadcrumb\":{\"@id\":\"https:\/\/sharkline.md\/ro\/shop\/imprimanta-cu-transfer-termic-treip-imprim\/#breadcrumb\"},\"inLanguage\":\"ro-RO\",\"potentialAction\":[{\"@type\":\"ReadAction\",\"target\":[\"https:\/\/sharkline.md\/ro\/shop\/imprimanta-cu-transfer-termic-treip-imprim\/\"]}]},{\"@type\":\"BreadcrumbList\",\"@id\":\"https:\/\/sharkline.md\/ro\/shop\/imprimanta-cu-transfer-termic-treip-imprim\/#breadcrumb\",\"itemListElement\":[{\"@type\":\"ListItem\",\"position\":1,\"name\":\"CATALOG\",\"item\":\"https:\/\/sharkline.md\/catalog\/\"},{\"@type\":\"ListItem\",\"position\":2,\"name\":\"Imprimanta cu transfer termic TreiP Imprim\"}]},{\"@type\":\"WebSite\",\"@id\":\"https:\/\/sharkline.md\/#website\",\"url\":\"https:\/\/sharkline.md\/\",\"name\":\"Shark Line\",\"description\":\"Echipamente de Marcare, Etichetare, Imbuteliere\",\"potentialAction\":[{\"@type\":\"SearchAction\",\"target\":{\"@type\":\"EntryPoint\",\"urlTemplate\":\"https:\/\/sharkline.md\/?s={search_term_string}\"},\"query-input\":\"required name=search_term_string\"}],\"inLanguage\":\"ro-RO\"}]}<\/script>\n<!-- \/ Yoast SEO plugin. -->","yoast_head_json":{"title":"Imprimanta cu transfer termic TreiP Imprim - Shark Line","robots":{"index":"index","follow":"follow","max-snippet":"max-snippet:-1","max-image-preview":"max-image-preview:large","max-video-preview":"max-video-preview:-1"},"canonical":"https:\/\/sharkline.md\/ro\/shop\/imprimanta-cu-transfer-termic-treip-imprim\/","og_locale":"ro_RO","og_type":"article","og_title":"Imprimanta cu transfer termic TreiP Imprim - Shark Line","og_description":"Imprimantele cu transfer termic sunt multifunc\u021bionale, de \u00eenalt\u0103 performan\u021b\u0103. Imprimanta TreiP Imprim imprim\u0103 informa\u021bii \u0219i grafic\u0103 alfanumeric\u0103 fix\u0103 \u0219i variabil\u0103. Imprimantele sunt excelente pentru imprimarea codurilor de bare, a timpului real, a termenului de expirare, a numerelor de lot, a pre\u021burilor, a codurilor surs\u0103 \u0219i multe altele. Imprimanta poate fi integrat\u0103 \u00een linii de produc\u021bie, cum ar fi ma\u0219inile de ambalare continu\u0103 de tip vertical sau orizontal, sistemele de etichetare, echipamentele de termoformare \u0219i\/sau ambalare, folosind ata\u0219amente. Imprimantele pot lucra pe orice linii continue sau discontinue (de tip start-stop) din industria alimentar\u0103, farmaceutic\u0103, cosmetic\u0103 \u0219i producerea pieselor auto. Imprimantele TreiP Imprim sunt capabile s\u0103 imprime at\u00e2t coduri de bare liniare, c\u00e2t \u0219i diverse coduri bidimensionale.","og_url":"https:\/\/sharkline.md\/ro\/shop\/imprimanta-cu-transfer-termic-treip-imprim\/","og_site_name":"Shark Line","article_modified_time":"2022-12-03T20:05:25+00:00","og_image":[{"width":1000,"height":1000,"url":"https:\/\/sharkline.md\/wp-content\/uploads\/2022\/01\/1-3.jpg","type":"image\/jpeg"}],"twitter_card":"summary_large_image","twitter_misc":{"Timp estimat pentru citire":"1 minut"},"schema":{"@context":"https:\/\/schema.org","@graph":[{"@type":"WebPage","@id":"https:\/\/sharkline.md\/ro\/shop\/imprimanta-cu-transfer-termic-treip-imprim\/","url":"https:\/\/sharkline.md\/ro\/shop\/imprimanta-cu-transfer-termic-treip-imprim\/","name":"Imprimanta cu transfer termic TreiP Imprim - Shark Line","isPartOf":{"@id":"https:\/\/sharkline.md\/#website"},"datePublished":"2022-07-22T13:28:26+00:00","dateModified":"2022-12-03T20:05:25+00:00","breadcrumb":{"@id":"https:\/\/sharkline.md\/ro\/shop\/imprimanta-cu-transfer-termic-treip-imprim\/#breadcrumb"},"inLanguage":"ro-RO","potentialAction":[{"@type":"ReadAction","target":["https:\/\/sharkline.md\/ro\/shop\/imprimanta-cu-transfer-termic-treip-imprim\/"]}]},{"@type":"BreadcrumbList","@id":"https:\/\/sharkline.md\/ro\/shop\/imprimanta-cu-transfer-termic-treip-imprim\/#breadcrumb","itemListElement":[{"@type":"ListItem","position":1,"name":"CATALOG","item":"https:\/\/sharkline.md\/catalog\/"},{"@type":"ListItem","position":2,"name":"Imprimanta cu transfer termic TreiP Imprim"}]},{"@type":"WebSite","@id":"https:\/\/sharkline.md\/#website","url":"https:\/\/sharkline.md\/","name":"Shark Line","description":"Echipamente de Marcare, Etichetare, Imbuteliere","potentialAction":[{"@type":"SearchAction","target":{"@type":"EntryPoint","urlTemplate":"https:\/\/sharkline.md\/?s={search_term_string}"},"query-input":"required name=search_term_string"}],"inLanguage":"ro-RO"}]}},"_links":{"self":[{"href":"https:\/\/sharkline.md\/ro\/wp-json\/wp\/v2\/product\/722","targetHints":{"allow":["GET"]}}],"collection":[{"href":"https:\/\/sharkline.md\/ro\/wp-json\/wp\/v2\/product"}],"about":[{"href":"https:\/\/sharkline.md\/ro\/wp-json\/wp\/v2\/types\/product"}],"replies":[{"embeddable":true,"href":"https:\/\/sharkline.md\/ro\/wp-json\/wp\/v2\/comments?post=722"}],"wp:featuredmedia":[{"embeddable":true,"href":"https:\/\/sharkline.md\/ro\/wp-json\/wp\/v2\/media\/364"}],"wp:attachment":[{"href":"https:\/\/sharkline.md\/ro\/wp-json\/wp\/v2\/media?parent=722"}],"wp:term":[{"taxonomy":"product_cat","embeddable":true,"href":"https:\/\/sharkline.md\/ro\/wp-json\/wp\/v2\/product_cat?post=722"},{"taxonomy":"product_tag","embeddable":true,"href":"https:\/\/sharkline.md\/ro\/wp-json\/wp\/v2\/product_tag?post=722"}],"curies":[{"name":"wp","href":"https:\/\/api.w.org\/{rel}","templated":true}]}}