{"id":726,"date":"2022-01-18T15:26:30","date_gmt":"2022-07-22T14:16:51","guid":{"rendered":"https:\/\/sharkline.md\/?post_type=product&#038;p=726"},"modified":"2022-12-03T23:06:31","modified_gmt":"2022-12-03T20:06:31","slug":"datator-manual-mini","status":"publish","type":"product","link":"https:\/\/sharkline.md\/ro\/shop\/datator-manual-mini\/","title":{"rendered":"Datator manual MINI"},"content":{"rendered":"","protected":false},"excerpt":{"rendered":"<p>Datatorul manual <strong>Mini<\/strong> este un model simplu, ieftin, \u0219i fiabil. <strong>Mini<\/strong> v\u0103 permite s\u0103 aplica\u021bi imprimare \u00een trei r\u00e2nduri pe toate tipurile de materiale pentru ambalare. Ajustarea u\u0219oar\u0103 a temperaturii capului de imprimare v\u0103 permite s\u0103 alege\u021bi modul optim de lucru pentru orice material. Calitatea imprim\u0103rii este superioar\u0103 \u0219i rezisten\u021ba la abraziune este garantat\u0103 pe toate materialele. Modificarea textului ce urmeaz\u0103 a fi tip\u0103rit se efectueaz\u0103 foarte rapid \u0219i u\u0219or. \u00centre\u021binerea poate fi efectuat\u0103 chiar \u0219i de personalul necalificat.<\/p>\n<table>\n<tbody>\n<tr>\n<td colspan=\"2\">Specifica\u021bii tehnice<\/td>\n<\/tr>\n<tr>\n<td>Num\u0103rul de r\u00e2nduri<\/td>\n<td>1-3<\/td>\n<\/tr>\n<tr>\n<td>Num\u0103rul de caractere pe linie<\/td>\n<td>8<\/td>\n<\/tr>\n<tr>\n<td>L\u0103\u021bimea benzii termice<\/td>\n<td>35 mm<\/td>\n<\/tr>\n<tr>\n<td>Temperatura de imprimare<\/td>\n<td>0-200 grade \u0421elsius<\/td>\n<\/tr>\n<\/tbody>\n<\/table>\n","protected":false},"featured_media":399,"comment_status":"closed","ping_status":"closed","template":"","meta":[],"product_cat":[54],"product_tag":[],"class_list":["post-726","product","type-product","status-publish","has-post-thumbnail","hentry","product_cat-marcaj-termic"],"yoast_head":"<!-- This site is optimized with the Yoast SEO plugin v20.11 - https:\/\/yoast.com\/wordpress\/plugins\/seo\/ -->\n<title>Datator manual MINI - Shark Line<\/title>\n<meta name=\"robots\" content=\"index, follow, max-snippet:-1, max-image-preview:large, max-video-preview:-1\" \/>\n<link rel=\"canonical\" href=\"https:\/\/sharkline.md\/ro\/shop\/datator-manual-mini\/\" \/>\n<meta property=\"og:locale\" content=\"ro_RO\" \/>\n<meta property=\"og:type\" content=\"article\" \/>\n<meta property=\"og:title\" content=\"Datator manual MINI - Shark Line\" \/>\n<meta property=\"og:description\" content=\"Datatorul manual Mini este un model simplu, ieftin, \u0219i fiabil. Mini v\u0103 permite s\u0103 aplica\u021bi imprimare \u00een trei r\u00e2nduri pe toate tipurile de materiale pentru ambalare. Ajustarea u\u0219oar\u0103 a temperaturii capului de imprimare v\u0103 permite s\u0103 alege\u021bi modul optim de lucru pentru orice material. Calitatea imprim\u0103rii este superioar\u0103 \u0219i rezisten\u021ba la abraziune este garantat\u0103 pe toate materialele. Modificarea textului ce urmeaz\u0103 a fi tip\u0103rit se efectueaz\u0103 foarte rapid \u0219i u\u0219or. \u00centre\u021binerea poate fi efectuat\u0103 chiar \u0219i de personalul necalificat.    Specifica\u021bii tehnice   Num\u0103rul de r\u00e2nduri 1-3   Num\u0103rul de caractere pe linie 8   L\u0103\u021bimea benzii termice 35 mm   Temperatura de imprimare 0-200 grade \u0421elsius\" \/>\n<meta property=\"og:url\" content=\"https:\/\/sharkline.md\/ro\/shop\/datator-manual-mini\/\" \/>\n<meta property=\"og:site_name\" content=\"Shark Line\" \/>\n<meta property=\"article:modified_time\" content=\"2022-12-03T20:06:31+00:00\" \/>\n<meta property=\"og:image\" content=\"https:\/\/sharkline.md\/wp-content\/uploads\/2022\/01\/4-2.jpg\" \/>\n\t<meta property=\"og:image:width\" content=\"1000\" \/>\n\t<meta property=\"og:image:height\" content=\"1000\" \/>\n\t<meta property=\"og:image:type\" content=\"image\/jpeg\" \/>\n<meta name=\"twitter:card\" content=\"summary_large_image\" \/>\n<script type=\"application\/ld+json\" class=\"yoast-schema-graph\">{\"@context\":\"https:\/\/schema.org\",\"@graph\":[{\"@type\":\"WebPage\",\"@id\":\"https:\/\/sharkline.md\/ro\/shop\/datator-manual-mini\/\",\"url\":\"https:\/\/sharkline.md\/ro\/shop\/datator-manual-mini\/\",\"name\":\"Datator manual MINI - Shark Line\",\"isPartOf\":{\"@id\":\"https:\/\/sharkline.md\/#website\"},\"datePublished\":\"2022-07-22T14:16:51+00:00\",\"dateModified\":\"2022-12-03T20:06:31+00:00\",\"breadcrumb\":{\"@id\":\"https:\/\/sharkline.md\/ro\/shop\/datator-manual-mini\/#breadcrumb\"},\"inLanguage\":\"ro-RO\",\"potentialAction\":[{\"@type\":\"ReadAction\",\"target\":[\"https:\/\/sharkline.md\/ro\/shop\/datator-manual-mini\/\"]}]},{\"@type\":\"BreadcrumbList\",\"@id\":\"https:\/\/sharkline.md\/ro\/shop\/datator-manual-mini\/#breadcrumb\",\"itemListElement\":[{\"@type\":\"ListItem\",\"position\":1,\"name\":\"CATALOG\",\"item\":\"https:\/\/sharkline.md\/catalog\/\"},{\"@type\":\"ListItem\",\"position\":2,\"name\":\"Datator manual MINI\"}]},{\"@type\":\"WebSite\",\"@id\":\"https:\/\/sharkline.md\/#website\",\"url\":\"https:\/\/sharkline.md\/\",\"name\":\"Shark Line\",\"description\":\"Echipamente de Marcare, Etichetare, Imbuteliere\",\"potentialAction\":[{\"@type\":\"SearchAction\",\"target\":{\"@type\":\"EntryPoint\",\"urlTemplate\":\"https:\/\/sharkline.md\/?s={search_term_string}\"},\"query-input\":\"required name=search_term_string\"}],\"inLanguage\":\"ro-RO\"}]}<\/script>\n<!-- \/ Yoast SEO plugin. -->","yoast_head_json":{"title":"Datator manual MINI - Shark Line","robots":{"index":"index","follow":"follow","max-snippet":"max-snippet:-1","max-image-preview":"max-image-preview:large","max-video-preview":"max-video-preview:-1"},"canonical":"https:\/\/sharkline.md\/ro\/shop\/datator-manual-mini\/","og_locale":"ro_RO","og_type":"article","og_title":"Datator manual MINI - Shark Line","og_description":"Datatorul manual Mini este un model simplu, ieftin, \u0219i fiabil. Mini v\u0103 permite s\u0103 aplica\u021bi imprimare \u00een trei r\u00e2nduri pe toate tipurile de materiale pentru ambalare. Ajustarea u\u0219oar\u0103 a temperaturii capului de imprimare v\u0103 permite s\u0103 alege\u021bi modul optim de lucru pentru orice material. Calitatea imprim\u0103rii este superioar\u0103 \u0219i rezisten\u021ba la abraziune este garantat\u0103 pe toate materialele. Modificarea textului ce urmeaz\u0103 a fi tip\u0103rit se efectueaz\u0103 foarte rapid \u0219i u\u0219or. \u00centre\u021binerea poate fi efectuat\u0103 chiar \u0219i de personalul necalificat.    Specifica\u021bii tehnice   Num\u0103rul de r\u00e2nduri 1-3   Num\u0103rul de caractere pe linie 8   L\u0103\u021bimea benzii termice 35 mm   Temperatura de imprimare 0-200 grade \u0421elsius","og_url":"https:\/\/sharkline.md\/ro\/shop\/datator-manual-mini\/","og_site_name":"Shark Line","article_modified_time":"2022-12-03T20:06:31+00:00","og_image":[{"width":1000,"height":1000,"url":"https:\/\/sharkline.md\/wp-content\/uploads\/2022\/01\/4-2.jpg","type":"image\/jpeg"}],"twitter_card":"summary_large_image","schema":{"@context":"https:\/\/schema.org","@graph":[{"@type":"WebPage","@id":"https:\/\/sharkline.md\/ro\/shop\/datator-manual-mini\/","url":"https:\/\/sharkline.md\/ro\/shop\/datator-manual-mini\/","name":"Datator manual MINI - Shark Line","isPartOf":{"@id":"https:\/\/sharkline.md\/#website"},"datePublished":"2022-07-22T14:16:51+00:00","dateModified":"2022-12-03T20:06:31+00:00","breadcrumb":{"@id":"https:\/\/sharkline.md\/ro\/shop\/datator-manual-mini\/#breadcrumb"},"inLanguage":"ro-RO","potentialAction":[{"@type":"ReadAction","target":["https:\/\/sharkline.md\/ro\/shop\/datator-manual-mini\/"]}]},{"@type":"BreadcrumbList","@id":"https:\/\/sharkline.md\/ro\/shop\/datator-manual-mini\/#breadcrumb","itemListElement":[{"@type":"ListItem","position":1,"name":"CATALOG","item":"https:\/\/sharkline.md\/catalog\/"},{"@type":"ListItem","position":2,"name":"Datator manual MINI"}]},{"@type":"WebSite","@id":"https:\/\/sharkline.md\/#website","url":"https:\/\/sharkline.md\/","name":"Shark Line","description":"Echipamente de Marcare, Etichetare, Imbuteliere","potentialAction":[{"@type":"SearchAction","target":{"@type":"EntryPoint","urlTemplate":"https:\/\/sharkline.md\/?s={search_term_string}"},"query-input":"required name=search_term_string"}],"inLanguage":"ro-RO"}]}},"_links":{"self":[{"href":"https:\/\/sharkline.md\/ro\/wp-json\/wp\/v2\/product\/726","targetHints":{"allow":["GET"]}}],"collection":[{"href":"https:\/\/sharkline.md\/ro\/wp-json\/wp\/v2\/product"}],"about":[{"href":"https:\/\/sharkline.md\/ro\/wp-json\/wp\/v2\/types\/product"}],"replies":[{"embeddable":true,"href":"https:\/\/sharkline.md\/ro\/wp-json\/wp\/v2\/comments?post=726"}],"wp:featuredmedia":[{"embeddable":true,"href":"https:\/\/sharkline.md\/ro\/wp-json\/wp\/v2\/media\/399"}],"wp:attachment":[{"href":"https:\/\/sharkline.md\/ro\/wp-json\/wp\/v2\/media?parent=726"}],"wp:term":[{"taxonomy":"product_cat","embeddable":true,"href":"https:\/\/sharkline.md\/ro\/wp-json\/wp\/v2\/product_cat?post=726"},{"taxonomy":"product_tag","embeddable":true,"href":"https:\/\/sharkline.md\/ro\/wp-json\/wp\/v2\/product_tag?post=726"}],"curies":[{"name":"wp","href":"https:\/\/api.w.org\/{rel}","templated":true}]}}