{"id":733,"date":"2022-01-18T15:24:36","date_gmt":"2022-07-22T15:30:30","guid":{"rendered":"https:\/\/sharkline.md\/?post_type=product&#038;p=733"},"modified":"2022-12-03T23:10:21","modified_gmt":"2022-12-03T20:10:21","slug":"sistem-semiautomat-de-etichetare-bottlelabeler","status":"publish","type":"product","link":"https:\/\/sharkline.md\/ro\/shop\/sistem-semiautomat-de-etichetare-bottlelabeler\/","title":{"rendered":"Sistem semiautomat de etichetare BottleLabeler"},"content":{"rendered":"<p><iframe loading=\"lazy\" title=\"YouTube video player\" src=\"https:\/\/www.youtube.com\/embed\/AtBZMx-HO1o\" width=\"100%\" height=\"600\" frameborder=\"0\" allowfullscreen=\"allowfullscreen\" data-mce-fragment=\"1\"><\/iframe><br \/>\n<iframe loading=\"lazy\" title=\"YouTube video player\" src=\"https:\/\/www.youtube.com\/embed\/lNIez_fMcBo\" width=\"100%\" height=\"600\" frameborder=\"0\" allowfullscreen=\"allowfullscreen\" data-mce-fragment=\"1\"><\/iframe><\/p>\n","protected":false},"excerpt":{"rendered":"<p>Sistemul de etichetare <strong>BottleLabeler <\/strong>este conceput pentru etichetarea sticlelor cilindrice. Este conceput pentru aplicarea semiautomat\u0103 a etichetelor autoadezive pe produse, cu o vitez\u0103 de 400-900 sticle pe or\u0103. Sistemul <strong>BottleLabeler<\/strong> dispune de un modul de dezlipire a etichetelor \u0219i un aplicator de vitez\u0103 \u00eenalt\u0103.<\/p>\n<table>\n<tbody>\n<tr>\n<td colspan=\"2\">Specifica\u021bii tehnice<\/td>\n<\/tr>\n<tr>\n<td>Diametrul recipientului<\/td>\n<td>de la 40 p\u00e2n\u0103 la 150 mm<\/td>\n<\/tr>\n<tr>\n<td>Lungimea etichetei<\/td>\n<td>de la 15 p\u00e2n\u0103 la 315 mm<\/td>\n<\/tr>\n<tr>\n<td>L\u0103\u021bimea etichetei<\/td>\n<td>de la 8 p\u00e2n\u0103 la 150 mm<\/td>\n<\/tr>\n<tr>\n<td>Productivitate (\u00een func\u021bie de diametrul sticlei)<\/td>\n<td>de la 400 p\u00e2n\u0103 la 900 sticle pe or\u0103<\/td>\n<\/tr>\n<tr>\n<td>Diametrul exterior al ruloului<\/td>\n<td>250 mm<\/td>\n<\/tr>\n<tr>\n<td>Diametrul interior al rolei<\/td>\n<td>76 mm<\/td>\n<\/tr>\n<tr>\n<td>Alimentare<\/td>\n<td>220V, 50Hz, 120W<\/td>\n<\/tr>\n<tr>\n<td>Dimensiuni (Lungime*L\u0103\u021bime*\u00cen\u0103l\u021bime)<\/td>\n<td>65*45*45 cm<\/td>\n<\/tr>\n<\/tbody>\n<\/table>\n","protected":false},"featured_media":452,"comment_status":"closed","ping_status":"closed","template":"","meta":[],"product_cat":[55],"product_tag":[],"class_list":["post-733","product","type-product","status-publish","has-post-thumbnail","hentry","product_cat-echipamente-de-etichetare"],"yoast_head":"<!-- This site is optimized with the Yoast SEO plugin v20.11 - https:\/\/yoast.com\/wordpress\/plugins\/seo\/ -->\n<title>Sistem semiautomat de etichetare BottleLabeler - Shark Line<\/title>\n<meta name=\"robots\" content=\"index, follow, max-snippet:-1, max-image-preview:large, max-video-preview:-1\" \/>\n<link rel=\"canonical\" href=\"https:\/\/sharkline.md\/ro\/shop\/sistem-semiautomat-de-etichetare-bottlelabeler\/\" \/>\n<meta property=\"og:locale\" content=\"ro_RO\" \/>\n<meta property=\"og:type\" content=\"article\" \/>\n<meta property=\"og:title\" content=\"Sistem semiautomat de etichetare BottleLabeler - Shark Line\" \/>\n<meta property=\"og:description\" content=\"Sistemul de etichetare BottleLabeler este conceput pentru etichetarea sticlelor cilindrice. Este conceput pentru aplicarea semiautomat\u0103 a etichetelor autoadezive pe produse, cu o vitez\u0103 de 400-900 sticle pe or\u0103. Sistemul BottleLabeler dispune de un modul de dezlipire a etichetelor \u0219i un aplicator de vitez\u0103 \u00eenalt\u0103.    Specifica\u021bii tehnice   Diametrul recipientului de la 40 p\u00e2n\u0103 la 150 mm   Lungimea etichetei de la 15 p\u00e2n\u0103 la 315 mm   L\u0103\u021bimea etichetei de la 8 p\u00e2n\u0103 la 150 mm   Productivitate (\u00een func\u021bie de diametrul sticlei) de la 400 p\u00e2n\u0103 la 900 sticle pe or\u0103   Diametrul exterior al ruloului 250 mm   Diametrul interior al rolei 76 mm   Alimentare 220V, 50Hz, 120W   Dimensiuni (Lungime*L\u0103\u021bime*\u00cen\u0103l\u021bime) 65*45*45 cm\" \/>\n<meta property=\"og:url\" content=\"https:\/\/sharkline.md\/ro\/shop\/sistem-semiautomat-de-etichetare-bottlelabeler\/\" \/>\n<meta property=\"og:site_name\" content=\"Shark Line\" \/>\n<meta property=\"article:modified_time\" content=\"2022-12-03T20:10:21+00:00\" \/>\n<meta property=\"og:image\" content=\"https:\/\/sharkline.md\/wp-content\/uploads\/2022\/01\/3-3.jpg\" \/>\n\t<meta property=\"og:image:width\" content=\"1000\" \/>\n\t<meta property=\"og:image:height\" content=\"1000\" \/>\n\t<meta property=\"og:image:type\" content=\"image\/jpeg\" \/>\n<meta name=\"twitter:card\" content=\"summary_large_image\" \/>\n<script type=\"application\/ld+json\" class=\"yoast-schema-graph\">{\"@context\":\"https:\/\/schema.org\",\"@graph\":[{\"@type\":\"WebPage\",\"@id\":\"https:\/\/sharkline.md\/ro\/shop\/sistem-semiautomat-de-etichetare-bottlelabeler\/\",\"url\":\"https:\/\/sharkline.md\/ro\/shop\/sistem-semiautomat-de-etichetare-bottlelabeler\/\",\"name\":\"Sistem semiautomat de etichetare BottleLabeler - Shark Line\",\"isPartOf\":{\"@id\":\"https:\/\/sharkline.md\/#website\"},\"datePublished\":\"2022-07-22T15:30:30+00:00\",\"dateModified\":\"2022-12-03T20:10:21+00:00\",\"breadcrumb\":{\"@id\":\"https:\/\/sharkline.md\/ro\/shop\/sistem-semiautomat-de-etichetare-bottlelabeler\/#breadcrumb\"},\"inLanguage\":\"ro-RO\",\"potentialAction\":[{\"@type\":\"ReadAction\",\"target\":[\"https:\/\/sharkline.md\/ro\/shop\/sistem-semiautomat-de-etichetare-bottlelabeler\/\"]}]},{\"@type\":\"BreadcrumbList\",\"@id\":\"https:\/\/sharkline.md\/ro\/shop\/sistem-semiautomat-de-etichetare-bottlelabeler\/#breadcrumb\",\"itemListElement\":[{\"@type\":\"ListItem\",\"position\":1,\"name\":\"CATALOG\",\"item\":\"https:\/\/sharkline.md\/catalog\/\"},{\"@type\":\"ListItem\",\"position\":2,\"name\":\"Sistem semiautomat de etichetare BottleLabeler\"}]},{\"@type\":\"WebSite\",\"@id\":\"https:\/\/sharkline.md\/#website\",\"url\":\"https:\/\/sharkline.md\/\",\"name\":\"Shark Line\",\"description\":\"Echipamente de Marcare, Etichetare, Imbuteliere\",\"potentialAction\":[{\"@type\":\"SearchAction\",\"target\":{\"@type\":\"EntryPoint\",\"urlTemplate\":\"https:\/\/sharkline.md\/?s={search_term_string}\"},\"query-input\":\"required name=search_term_string\"}],\"inLanguage\":\"ro-RO\"}]}<\/script>\n<!-- \/ Yoast SEO plugin. -->","yoast_head_json":{"title":"Sistem semiautomat de etichetare BottleLabeler - Shark Line","robots":{"index":"index","follow":"follow","max-snippet":"max-snippet:-1","max-image-preview":"max-image-preview:large","max-video-preview":"max-video-preview:-1"},"canonical":"https:\/\/sharkline.md\/ro\/shop\/sistem-semiautomat-de-etichetare-bottlelabeler\/","og_locale":"ro_RO","og_type":"article","og_title":"Sistem semiautomat de etichetare BottleLabeler - Shark Line","og_description":"Sistemul de etichetare BottleLabeler este conceput pentru etichetarea sticlelor cilindrice. Este conceput pentru aplicarea semiautomat\u0103 a etichetelor autoadezive pe produse, cu o vitez\u0103 de 400-900 sticle pe or\u0103. Sistemul BottleLabeler dispune de un modul de dezlipire a etichetelor \u0219i un aplicator de vitez\u0103 \u00eenalt\u0103.    Specifica\u021bii tehnice   Diametrul recipientului de la 40 p\u00e2n\u0103 la 150 mm   Lungimea etichetei de la 15 p\u00e2n\u0103 la 315 mm   L\u0103\u021bimea etichetei de la 8 p\u00e2n\u0103 la 150 mm   Productivitate (\u00een func\u021bie de diametrul sticlei) de la 400 p\u00e2n\u0103 la 900 sticle pe or\u0103   Diametrul exterior al ruloului 250 mm   Diametrul interior al rolei 76 mm   Alimentare 220V, 50Hz, 120W   Dimensiuni (Lungime*L\u0103\u021bime*\u00cen\u0103l\u021bime) 65*45*45 cm","og_url":"https:\/\/sharkline.md\/ro\/shop\/sistem-semiautomat-de-etichetare-bottlelabeler\/","og_site_name":"Shark Line","article_modified_time":"2022-12-03T20:10:21+00:00","og_image":[{"width":1000,"height":1000,"url":"https:\/\/sharkline.md\/wp-content\/uploads\/2022\/01\/3-3.jpg","type":"image\/jpeg"}],"twitter_card":"summary_large_image","schema":{"@context":"https:\/\/schema.org","@graph":[{"@type":"WebPage","@id":"https:\/\/sharkline.md\/ro\/shop\/sistem-semiautomat-de-etichetare-bottlelabeler\/","url":"https:\/\/sharkline.md\/ro\/shop\/sistem-semiautomat-de-etichetare-bottlelabeler\/","name":"Sistem semiautomat de etichetare BottleLabeler - Shark Line","isPartOf":{"@id":"https:\/\/sharkline.md\/#website"},"datePublished":"2022-07-22T15:30:30+00:00","dateModified":"2022-12-03T20:10:21+00:00","breadcrumb":{"@id":"https:\/\/sharkline.md\/ro\/shop\/sistem-semiautomat-de-etichetare-bottlelabeler\/#breadcrumb"},"inLanguage":"ro-RO","potentialAction":[{"@type":"ReadAction","target":["https:\/\/sharkline.md\/ro\/shop\/sistem-semiautomat-de-etichetare-bottlelabeler\/"]}]},{"@type":"BreadcrumbList","@id":"https:\/\/sharkline.md\/ro\/shop\/sistem-semiautomat-de-etichetare-bottlelabeler\/#breadcrumb","itemListElement":[{"@type":"ListItem","position":1,"name":"CATALOG","item":"https:\/\/sharkline.md\/catalog\/"},{"@type":"ListItem","position":2,"name":"Sistem semiautomat de etichetare BottleLabeler"}]},{"@type":"WebSite","@id":"https:\/\/sharkline.md\/#website","url":"https:\/\/sharkline.md\/","name":"Shark Line","description":"Echipamente de Marcare, Etichetare, Imbuteliere","potentialAction":[{"@type":"SearchAction","target":{"@type":"EntryPoint","urlTemplate":"https:\/\/sharkline.md\/?s={search_term_string}"},"query-input":"required name=search_term_string"}],"inLanguage":"ro-RO"}]}},"_links":{"self":[{"href":"https:\/\/sharkline.md\/ro\/wp-json\/wp\/v2\/product\/733","targetHints":{"allow":["GET"]}}],"collection":[{"href":"https:\/\/sharkline.md\/ro\/wp-json\/wp\/v2\/product"}],"about":[{"href":"https:\/\/sharkline.md\/ro\/wp-json\/wp\/v2\/types\/product"}],"replies":[{"embeddable":true,"href":"https:\/\/sharkline.md\/ro\/wp-json\/wp\/v2\/comments?post=733"}],"wp:featuredmedia":[{"embeddable":true,"href":"https:\/\/sharkline.md\/ro\/wp-json\/wp\/v2\/media\/452"}],"wp:attachment":[{"href":"https:\/\/sharkline.md\/ro\/wp-json\/wp\/v2\/media?parent=733"}],"wp:term":[{"taxonomy":"product_cat","embeddable":true,"href":"https:\/\/sharkline.md\/ro\/wp-json\/wp\/v2\/product_cat?post=733"},{"taxonomy":"product_tag","embeddable":true,"href":"https:\/\/sharkline.md\/ro\/wp-json\/wp\/v2\/product_tag?post=733"}],"curies":[{"name":"wp","href":"https:\/\/api.w.org\/{rel}","templated":true}]}}